{"id":10696,"date":"2022-03-28T12:39:16","date_gmt":"2022-03-28T10:39:16","guid":{"rendered":"https:\/\/dev.neoris-eyes.com\/note-legali\/"},"modified":"2022-06-28T17:44:11","modified_gmt":"2022-06-28T15:44:11","slug":"note-legali","status":"publish","type":"page","link":"https:\/\/neoris-eyes.com\/it\/note-legali\/","title":{"rendered":"Note legali"},"content":{"rendered":"<style>#kt-layout-id_f54db1-89{margin-bottom:0px;}#kt-layout-id_f54db1-89 > .kt-row-column-wrap{align-content:start;}:where(#kt-layout-id_f54db1-89 > .kt-row-column-wrap) > .wp-block-kadence-column{justify-content:start;}#kt-layout-id_f54db1-89 > .kt-row-column-wrap{column-gap:var(--global-kb-gap-md, 2rem);row-gap:var(--global-kb-gap-md, 2rem);max-width:var( --global-content-width, 1290px );padding-left:var(--global-content-edge-padding);padding-right:var(--global-content-edge-padding);padding-top:var( --global-kb-row-default-top, 25px );padding-bottom:var( --global-kb-row-default-bottom, 25px );padding-top:280px;padding-bottom:280px;grid-template-columns:minmax(0, 1fr);}#kt-layout-id_f54db1-89{background-color:#2a2a2a;}#kt-layout-id_f54db1-89 > .kt-row-layout-overlay{opacity:0.50;background-color:var(--global-palette3, #1A202C);}@media all and (max-width: 1024px){#kt-layout-id_f54db1-89 > .kt-row-column-wrap{padding-top:230px;padding-bottom:230px;grid-template-columns:minmax(0, 1fr);}}@media all and (max-width: 767px){#kt-layout-id_f54db1-89 > .kt-row-column-wrap{padding-top:130px;padding-bottom:70px;grid-template-columns:minmax(0, 1fr);}}<\/style>\n<div class=\"wp-block-kadence-rowlayout aligncenter\"><div id=\"kt-layout-id_f54db1-89\" class=\"kt-row-layout-inner kt-row-has-bg kt-layout-id_f54db1-89\"><div class=\"kt-row-layout-overlay kt-row-overlay-normal\"><\/div><div class=\"kt-row-column-wrap kt-has-1-columns kt-gutter-default kt-v-gutter-default kt-row-valign-top kt-row-layout-equal kt-tab-layout-inherit kt-m-colapse-left-to-right kt-mobile-layout-row kb-theme-content-width\"><style>.kadence-column_b8f164-a0 > .kt-inside-inner-col{border-top-width:0px;border-right-width:0px;border-bottom-width:0px;border-left-width:0px;}.kadence-column_b8f164-a0 > .kt-inside-inner-col,.kadence-column_b8f164-a0 > .kt-inside-inner-col:before{border-top-left-radius:0px;border-top-right-radius:0px;border-bottom-right-radius:0px;border-bottom-left-radius:0px;}.kadence-column_b8f164-a0 > .kt-inside-inner-col{column-gap:var(--global-kb-gap-sm, 1rem);}.kadence-column_b8f164-a0 > .kt-inside-inner-col{flex-direction:column;}.kadence-column_b8f164-a0 > .kt-inside-inner-col > .aligncenter{width:100%;}.kadence-column_b8f164-a0 > .kt-inside-inner-col:before{opacity:0.3;}.kadence-column_b8f164-a0{position:relative;}@media all and (max-width: 1024px){.kadence-column_b8f164-a0 > .kt-inside-inner-col{flex-direction:column;}}@media all and (max-width: 767px){.kadence-column_b8f164-a0 > .kt-inside-inner-col{flex-direction:column;}}<\/style>\n<div class=\"wp-block-kadence-column inner-column-1 kadence-column_b8f164-a0\"><div class=\"kt-inside-inner-col\"><style>.wp-block-kadence-advancedheading.kt-adv-heading_398a48-a2, .wp-block-kadence-advancedheading.kt-adv-heading_398a48-a2[data-kb-block=\"kb-adv-heading_398a48-a2\"]{text-align:center;font-style:normal;}.wp-block-kadence-advancedheading.kt-adv-heading_398a48-a2 mark.kt-highlight, .wp-block-kadence-advancedheading.kt-adv-heading_398a48-a2[data-kb-block=\"kb-adv-heading_398a48-a2\"] mark.kt-highlight{font-style:normal;color:#f76a0c;-webkit-box-decoration-break:clone;box-decoration-break:clone;padding-top:0px;padding-right:0px;padding-bottom:0px;padding-left:0px;}@media all and (max-width: 767px){.wp-block-kadence-advancedheading.kt-adv-heading_398a48-a2, .wp-block-kadence-advancedheading.kt-adv-heading_398a48-a2[data-kb-block=\"kb-adv-heading_398a48-a2\"]{font-size:42px;}}<\/style>\n<h2 class=\"kt-adv-heading_398a48-a2 wp-block-kadence-advancedheading has-theme-palette-9-color has-text-color\" data-kb-block=\"kb-adv-heading_398a48-a2\">Note legali<\/h2>\n<\/div><\/div>\n<\/div><\/div><\/div>\n<style>#kt-layout-id_365c9c-37 > .kt-row-column-wrap{align-content:start;}:where(#kt-layout-id_365c9c-37 > .kt-row-column-wrap) > .wp-block-kadence-column{justify-content:start;}#kt-layout-id_365c9c-37 > .kt-row-column-wrap{column-gap:var(--global-kb-gap-md, 2rem);row-gap:var(--global-kb-gap-md, 2rem);padding-top:var( --global-kb-row-default-top, 25px );padding-bottom:var( --global-kb-row-default-bottom, 25px );padding-top:var(--global-kb-spacing-sm, 1.5rem);padding-bottom:var(--global-kb-spacing-sm, 1.5rem);}#kt-layout-id_365c9c-37 > .kt-row-column-wrap > div:not(.added-for-specificity){grid-column:initial;}#kt-layout-id_365c9c-37 > .kt-row-column-wrap{grid-template-columns:minmax(0, 1fr) minmax(0, 6fr) minmax(0, 1fr);}#kt-layout-id_365c9c-37 > .kt-row-layout-overlay{opacity:0.30;}@media all and (max-width: 1024px){#kt-layout-id_365c9c-37 > .kt-row-column-wrap > div:not(.added-for-specificity){grid-column:initial;}}@media all and (max-width: 1024px){#kt-layout-id_365c9c-37 > .kt-row-column-wrap{grid-template-columns:minmax(0, 1fr) minmax(0, 6fr) minmax(0, 1fr);}}@media all and (max-width: 767px){#kt-layout-id_365c9c-37 > .kt-row-column-wrap > div:not(.added-for-specificity){grid-column:initial;}#kt-layout-id_365c9c-37 > .kt-row-column-wrap{grid-template-columns:minmax(0, 1fr);}}<\/style>\n<div class=\"wp-block-kadence-rowlayout alignnone\"><div id=\"kt-layout-id_365c9c-37\" class=\"kt-row-layout-inner kt-layout-id_365c9c-37\"><div class=\"kt-row-column-wrap kt-has-3-columns kt-gutter-default kt-v-gutter-default kt-row-valign-top kt-row-layout-center-exwide kt-tab-layout-inherit kt-m-colapse-left-to-right kt-mobile-layout-row\"><style>.kadence-column_9312ff-bd > .kt-inside-inner-col{border-top-width:0px;border-right-width:0px;border-bottom-width:0px;border-left-width:0px;}.kadence-column_9312ff-bd > .kt-inside-inner-col,.kadence-column_9312ff-bd > .kt-inside-inner-col:before{border-top-left-radius:0px;border-top-right-radius:0px;border-bottom-right-radius:0px;border-bottom-left-radius:0px;}.kadence-column_9312ff-bd > .kt-inside-inner-col{column-gap:var(--global-kb-gap-sm, 1rem);}.kadence-column_9312ff-bd > .kt-inside-inner-col{flex-direction:column;}.kadence-column_9312ff-bd > .kt-inside-inner-col > .aligncenter{width:100%;}.kadence-column_9312ff-bd > .kt-inside-inner-col:before{opacity:0.3;}.kadence-column_9312ff-bd{position:relative;}@media all and (max-width: 1024px){.kadence-column_9312ff-bd > .kt-inside-inner-col{flex-direction:column;}}@media all and (max-width: 767px){.kadence-column_9312ff-bd > .kt-inside-inner-col{flex-direction:column;}}<\/style>\n<div class=\"wp-block-kadence-column inner-column-1 kadence-column_9312ff-bd\"><div class=\"kt-inside-inner-col\"><\/div><\/div>\n\n\n<style>.kadence-column_b26755-f7 > .kt-inside-inner-col{border-top-width:0px;border-right-width:0px;border-bottom-width:0px;border-left-width:0px;}.kadence-column_b26755-f7 > .kt-inside-inner-col,.kadence-column_b26755-f7 > .kt-inside-inner-col:before{border-top-left-radius:0px;border-top-right-radius:0px;border-bottom-right-radius:0px;border-bottom-left-radius:0px;}.kadence-column_b26755-f7 > .kt-inside-inner-col{column-gap:var(--global-kb-gap-sm, 1rem);}.kadence-column_b26755-f7 > .kt-inside-inner-col{flex-direction:column;}.kadence-column_b26755-f7 > .kt-inside-inner-col > .aligncenter{width:100%;}.kadence-column_b26755-f7 > .kt-inside-inner-col:before{opacity:0.3;}.kadence-column_b26755-f7{position:relative;}@media all and (max-width: 1024px){.kadence-column_b26755-f7 > .kt-inside-inner-col{flex-direction:column;}}@media all and (max-width: 767px){.kadence-column_b26755-f7 > .kt-inside-inner-col{flex-direction:column;}}<\/style>\n<div class=\"wp-block-kadence-column inner-column-2 kadence-column_b26755-f7\"><div class=\"kt-inside-inner-col\">\n<p>Si prega di leggere attentamente i vari termini di utilizzo del presente sito prima di visitare le sue pagine.<br\/>Connettendoti a questo sito, accetti senza riserve le presenti condizioni.<\/p>\n\n\n\n<h3 class=\"wp-block-heading\">Identificazione<\/h3>\n\n\n\n<p>Il sito www.neoris-eyes.com \u00e8 pubblicato da:<\/p>\n\n\n\n<ul class=\"wp-block-list\"><li><strong>Denominazione sociale:<\/strong> Neoris<\/li><li><strong>Forma giuridica:<\/strong> SAS a capitale variabile<\/li><li><strong>Sede sociale:<\/strong> 15 rue Saint-Louis en l\u2019\u00cele 75004 Paris<\/li><li><strong>Partita IVA:<\/strong> FR 74 829812452<\/li><li><strong>E-mail:<\/strong> contact@neoris-eyes.com<\/li><\/ul>\n\n\n<h3 class=\"wp-block-heading\">Hosting<\/h3>\n\n\n\n<p>L\u2019hosting del sito web \u00e8 fornito da OVH SAS :<\/p>\n\n\n\n<p>RCS Lille M\u00e9tropole 424 761 419 00045<br\/>Code APE 2620Z<br\/>N\u00b0 TVA : FR 22 424 761 419<br\/>Si\u00e8ge social : 2 rue Kellermann &#8211; 59100 Roubaix &#8211; France<br\/>T\u00e9l. 1007<\/p>\n\n\n\n<h3 class=\"wp-block-heading\">Credits<\/h3>\n\n\n\n<p><strong>Realizzazione del sito web:<\/strong> <a href=\"https:\/\/bubbly.fr\/\">Bubbly<\/a> X <a href=\"https:\/\/singlequote.net\">Single Quote<\/a><\/p>\n\n\n\n<p><strong>Fotografia:<\/strong> elementi grafici e ritratti dei modelli di <a href=\"http:\/\/www.dresseurdimages.fr\/\" target=\"_blank\" rel=\"noreferrer noopener\">Anne Milloux<\/a><\/p>\n\n\n\n<h3 class=\"wp-block-heading\">Propriet\u00e0 intellettuale<\/h3>\n\n\n\n<p>Tutti i contenuti del sito www.neoris-eyes.it ivi compresi \u2013 in via non limitativa \u2013 grafica, immagini, testi, video, animazioni, suoni, loghi, gif e icone, nonch\u00e9 la loro formattazione, sono di propriet\u00e0 esclusiva della societ\u00e0, ad eccezione di marchi, loghi o contenuti appartenenti ad altri autori o societ\u00e0 partner.<\/p>\n\n\n\n<p>Qualsiasi riproduzione, distribuzione, modifica, adattamento, ritrasmissione o pubblicazione, anche parziale, di questi elementi \u00e8 severamente vietata senza l\u2019esplicito accordo scritto di Neoris. Tale rappresentazione o riproduzione, con qualsiasi mezzo, costituisce una violazione punibile dagli articoli L.335-2 e seguenti del Codice della Propriet\u00e0 Intellettuale. Il mancato rispetto di questo divieto costituisce una violazione che pu\u00f2 impegnare la responsabilit\u00e0 civile e penale del contraffattore. Inoltre, i proprietari dei contenuti copiati potrebbero intraprendere un\u2019azione legale nei tuoi confronti.<\/p>\n\n\n\n<h3 class=\"wp-block-heading\">Collegamenti ipertestuali<\/h3>\n\n\n\n<p>Questo sito pu\u00f2 contenere collegamenti verso altri siti web o altre risorse disponibili su Internet. Neoris non ha modo di controllare i siti correlati al proprio sito web e, pertanto, non risponde della disponibilit\u00e0 di tali siti e fonti esterne, n\u00e9 la garantisce.<\/p>\n\n\n\n<p>Inoltre, Neoris non pu\u00f2 essere ritenuta responsabile per nessun danno, di qualsivoglia natura, derivante dal contenuto di suddetti siti o fonti esterne, incluso informazioni, prodotti o servizi offerti, o di qualsiasi uso che possa essere fatto di questi elementi. I rischi associati a tale utilizzo sono sotto la piena responsabilit\u00e0 dell\u2019utente, il quale deve rispettarne le condizioni d\u2019uso.<\/p>\n\n\n\n<p>Gli utenti, gli abbonati e i visitatori dei siti Internet non possono creare un collegamento ipertestuale verso questo sito senza l\u2019espressa autorizzazione preliminare di Neoris.<\/p>\n\n\n\n<p>Nel caso in cui un utente o un visitatore desideri creare un collegamento ipertestuale a uno dei siti web di Neoris, sar\u00e0 tenuto a inviare la sua richiesta mediante il modulo di contatto presente sul sito. Neoris si riserva il diritto di accettare o rifiutare un collegamento ipertestuale senza dover giustificare la sua decisione.<\/p>\n\n\n\n<h3 class=\"wp-block-heading\">Gestione dei cookie<\/h3>\n\n\n\n<p>L\u2019utente \u00e8 informato che durante le sue visite a questo sito (www.neoris-eyes.com), un cookie pu\u00f2 essere installato automaticamente sul suo browser. Un cookie \u00e8 un elemento che non consente l\u2019identificazione dell\u2019utente, ma viene usato per registrare informazioni sulla navigazione sul presente sito (www.neoris-eyes.com). L\u2019utente pu\u00f2 prendere conoscenza della presenza di cookie tramite la configurazione del proprio browser e pu\u00f2 rifiutarli secondo la procedura descritta sul sito CNIL (www.cnil.fr).<\/p>\n\n\n\n<p>Questo sito utilizza Google Analytics, uno strumento di misurazione dell\u2019audience fornito da Google Inc. (\u201cGoogle\u201d). Google Analytics utilizza i cookie, ovvero dei file di testo depositati sul tuo computer, per permettere al sito web di analizzare l\u2019uso che ne viene fatto da parte dei suoi utenti. I dati generati dai cookie sull\u2019utilizzo del sito web (incluso il tuo indirizzo IP) saranno trasmessi e archiviati da Google su server situati negli Stati Uniti. Google utilizzer\u00e0 queste informazioni allo scopo di valutare il tuo uso del sito, compilare report sulle attivit\u00e0 del sito web per il proprio editore e fornire altri servizi relativi all\u2019attivit\u00e0 del sito e all\u2019uso di Internet. Google pu\u00f2 divulgare suddetti dati a terzi in caso di obbligo legale o laddove tali terzi trattino i dati per conto di Google, incluso l\u2019editore di questo sito. Google non assocer\u00e0 il tuo indirizzo IP a nessun altro dato in suo possesso. Puoi disattivare l\u2019uso dei cookie selezionando le impostazioni appropriate del tuo browser. Tuttavia, tale disattivazione potrebbe impedire l\u2019uso di alcune funzionalit\u00e0 di questo sito. Utilizzando questo sito web, acconsenti espressamente al trattamento dei tuoi dati personali da parte di Google alle condizioni e alle finalit\u00e0 sopra indicate.a<\/p>\n<\/div><\/div>\n\n\n<style>.kadence-column_fd28a8-0c > .kt-inside-inner-col{border-top-width:0px;border-right-width:0px;border-bottom-width:0px;border-left-width:0px;}.kadence-column_fd28a8-0c > .kt-inside-inner-col,.kadence-column_fd28a8-0c > .kt-inside-inner-col:before{border-top-left-radius:0px;border-top-right-radius:0px;border-bottom-right-radius:0px;border-bottom-left-radius:0px;}.kadence-column_fd28a8-0c > .kt-inside-inner-col{column-gap:var(--global-kb-gap-sm, 1rem);}.kadence-column_fd28a8-0c > .kt-inside-inner-col{flex-direction:column;}.kadence-column_fd28a8-0c > .kt-inside-inner-col > .aligncenter{width:100%;}.kadence-column_fd28a8-0c > .kt-inside-inner-col:before{opacity:0.3;}.kadence-column_fd28a8-0c{position:relative;}@media all and (max-width: 1024px){.kadence-column_fd28a8-0c > .kt-inside-inner-col{flex-direction:column;}}@media all and (max-width: 767px){.kadence-column_fd28a8-0c > .kt-inside-inner-col{flex-direction:column;}}<\/style>\n<div class=\"wp-block-kadence-column inner-column-3 kadence-column_fd28a8-0c\"><div class=\"kt-inside-inner-col\"><\/div><\/div>\n<\/div><\/div><\/div>\n","protected":false},"excerpt":{"rendered":"<p>Note legali Si prega di leggere attentamente i vari termini di utilizzo del presente sito prima di visitare le sue pagine.Connettendoti a questo sito, accetti senza riserve le presenti condizioni. Identificazione Il sito www.neoris-eyes.com \u00e8 pubblicato da: Denominazione sociale: Neoris Forma giuridica: SAS a capitale variabile Sede sociale: 15 rue Saint-Louis en l\u2019\u00cele 75004 Paris&#8230;<\/p>\n","protected":false},"author":1,"featured_media":0,"parent":0,"menu_order":0,"comment_status":"closed","ping_status":"closed","template":"","meta":{"_kad_blocks_custom_css":"","_kad_blocks_head_custom_js":"","_kad_blocks_body_custom_js":"","_kad_blocks_footer_custom_js":"","_kadence_starter_templates_imported_post":false,"_kad_post_transparent":"","_kad_post_title":"","_kad_post_layout":"","_kad_post_sidebar_id":"","_kad_post_content_style":"","_kad_post_vertical_padding":"","_kad_post_feature":"","_kad_post_feature_position":"","_kad_post_header":false,"_kad_post_footer":false,"footnotes":""},"class_list":["post-10696","page","type-page","status-publish","hentry"],"yoast_head":"<!-- This site is optimized with the Yoast SEO plugin v25.6 - https:\/\/yoast.com\/wordpress\/plugins\/seo\/ -->\n<title>Note legali - Neoris<\/title>\n<meta name=\"robots\" content=\"index, follow, max-snippet:-1, max-image-preview:large, max-video-preview:-1\" \/>\n<link rel=\"canonical\" href=\"https:\/\/neoris-eyes.com\/it\/note-legali\/\" \/>\n<meta property=\"og:locale\" content=\"it_IT\" \/>\n<meta property=\"og:type\" content=\"article\" \/>\n<meta property=\"og:title\" content=\"Note legali - Neoris\" \/>\n<meta property=\"og:description\" content=\"Note legali Si prega di leggere attentamente i vari termini di utilizzo del presente sito prima di visitare le sue pagine.Connettendoti a questo sito, accetti senza riserve le presenti condizioni. Identificazione Il sito www.neoris-eyes.com \u00e8 pubblicato da: Denominazione sociale: Neoris Forma giuridica: SAS a capitale variabile Sede sociale: 15 rue Saint-Louis en l\u2019\u00cele 75004 Paris...\" \/>\n<meta property=\"og:url\" content=\"https:\/\/neoris-eyes.com\/it\/note-legali\/\" \/>\n<meta property=\"og:site_name\" content=\"Neoris\" \/>\n<meta property=\"article:modified_time\" content=\"2022-06-28T15:44:11+00:00\" \/>\n<meta property=\"og:image\" content=\"https:\/\/neoris-eyes.com\/wp-content\/uploads\/2022\/07\/og-image-neoris.png\" \/>\n\t<meta property=\"og:image:width\" content=\"1562\" \/>\n\t<meta property=\"og:image:height\" content=\"805\" \/>\n\t<meta property=\"og:image:type\" content=\"image\/png\" \/>\n<meta name=\"twitter:card\" content=\"summary_large_image\" \/>\n<meta name=\"twitter:label1\" content=\"Tempo di lettura stimato\" \/>\n\t<meta name=\"twitter:data1\" content=\"4 minuti\" \/>\n<script type=\"application\/ld+json\" class=\"yoast-schema-graph\">{\"@context\":\"https:\/\/schema.org\",\"@graph\":[{\"@type\":\"WebPage\",\"@id\":\"https:\/\/neoris-eyes.com\/it\/note-legali\/\",\"url\":\"https:\/\/neoris-eyes.com\/it\/note-legali\/\",\"name\":\"Note legali - Neoris\",\"isPartOf\":{\"@id\":\"https:\/\/neoris-eyes.com\/it\/#website\"},\"datePublished\":\"2022-03-28T10:39:16+00:00\",\"dateModified\":\"2022-06-28T15:44:11+00:00\",\"breadcrumb\":{\"@id\":\"https:\/\/neoris-eyes.com\/it\/note-legali\/#breadcrumb\"},\"inLanguage\":\"it-IT\",\"potentialAction\":[{\"@type\":\"ReadAction\",\"target\":[\"https:\/\/neoris-eyes.com\/it\/note-legali\/\"]}]},{\"@type\":\"BreadcrumbList\",\"@id\":\"https:\/\/neoris-eyes.com\/it\/note-legali\/#breadcrumb\",\"itemListElement\":[{\"@type\":\"ListItem\",\"position\":1,\"name\":\"Accueil\",\"item\":\"https:\/\/neoris-eyes.com\/it\/\"},{\"@type\":\"ListItem\",\"position\":2,\"name\":\"Note legali\"}]},{\"@type\":\"WebSite\",\"@id\":\"https:\/\/neoris-eyes.com\/it\/#website\",\"url\":\"https:\/\/neoris-eyes.com\/it\/\",\"name\":\"Neoris\",\"description\":\"Reveal your true color\",\"publisher\":{\"@id\":\"https:\/\/neoris-eyes.com\/it\/#organization\"},\"potentialAction\":[{\"@type\":\"SearchAction\",\"target\":{\"@type\":\"EntryPoint\",\"urlTemplate\":\"https:\/\/neoris-eyes.com\/it\/?s={search_term_string}\"},\"query-input\":{\"@type\":\"PropertyValueSpecification\",\"valueRequired\":true,\"valueName\":\"search_term_string\"}}],\"inLanguage\":\"it-IT\"},{\"@type\":\"Organization\",\"@id\":\"https:\/\/neoris-eyes.com\/it\/#organization\",\"name\":\"Neoris\",\"url\":\"https:\/\/neoris-eyes.com\/it\/\",\"logo\":{\"@type\":\"ImageObject\",\"inLanguage\":\"it-IT\",\"@id\":\"https:\/\/neoris-eyes.com\/it\/#\/schema\/logo\/image\/\",\"url\":\"https:\/\/neoris-eyes.com\/wp-content\/uploads\/2022\/01\/neoris-footer.png\",\"contentUrl\":\"https:\/\/neoris-eyes.com\/wp-content\/uploads\/2022\/01\/neoris-footer.png\",\"width\":98,\"height\":24,\"caption\":\"Neoris\"},\"image\":{\"@id\":\"https:\/\/neoris-eyes.com\/it\/#\/schema\/logo\/image\/\"}}]}<\/script>\n<!-- \/ Yoast SEO plugin. -->","yoast_head_json":{"title":"Note legali - Neoris","robots":{"index":"index","follow":"follow","max-snippet":"max-snippet:-1","max-image-preview":"max-image-preview:large","max-video-preview":"max-video-preview:-1"},"canonical":"https:\/\/neoris-eyes.com\/it\/note-legali\/","og_locale":"it_IT","og_type":"article","og_title":"Note legali - Neoris","og_description":"Note legali Si prega di leggere attentamente i vari termini di utilizzo del presente sito prima di visitare le sue pagine.Connettendoti a questo sito, accetti senza riserve le presenti condizioni. Identificazione Il sito www.neoris-eyes.com \u00e8 pubblicato da: Denominazione sociale: Neoris Forma giuridica: SAS a capitale variabile Sede sociale: 15 rue Saint-Louis en l\u2019\u00cele 75004 Paris...","og_url":"https:\/\/neoris-eyes.com\/it\/note-legali\/","og_site_name":"Neoris","article_modified_time":"2022-06-28T15:44:11+00:00","og_image":[{"width":1562,"height":805,"url":"https:\/\/neoris-eyes.com\/wp-content\/uploads\/2022\/07\/og-image-neoris.png","type":"image\/png"}],"twitter_card":"summary_large_image","twitter_misc":{"Tempo di lettura stimato":"4 minuti"},"schema":{"@context":"https:\/\/schema.org","@graph":[{"@type":"WebPage","@id":"https:\/\/neoris-eyes.com\/it\/note-legali\/","url":"https:\/\/neoris-eyes.com\/it\/note-legali\/","name":"Note legali - Neoris","isPartOf":{"@id":"https:\/\/neoris-eyes.com\/it\/#website"},"datePublished":"2022-03-28T10:39:16+00:00","dateModified":"2022-06-28T15:44:11+00:00","breadcrumb":{"@id":"https:\/\/neoris-eyes.com\/it\/note-legali\/#breadcrumb"},"inLanguage":"it-IT","potentialAction":[{"@type":"ReadAction","target":["https:\/\/neoris-eyes.com\/it\/note-legali\/"]}]},{"@type":"BreadcrumbList","@id":"https:\/\/neoris-eyes.com\/it\/note-legali\/#breadcrumb","itemListElement":[{"@type":"ListItem","position":1,"name":"Accueil","item":"https:\/\/neoris-eyes.com\/it\/"},{"@type":"ListItem","position":2,"name":"Note legali"}]},{"@type":"WebSite","@id":"https:\/\/neoris-eyes.com\/it\/#website","url":"https:\/\/neoris-eyes.com\/it\/","name":"Neoris","description":"Reveal your true color","publisher":{"@id":"https:\/\/neoris-eyes.com\/it\/#organization"},"potentialAction":[{"@type":"SearchAction","target":{"@type":"EntryPoint","urlTemplate":"https:\/\/neoris-eyes.com\/it\/?s={search_term_string}"},"query-input":{"@type":"PropertyValueSpecification","valueRequired":true,"valueName":"search_term_string"}}],"inLanguage":"it-IT"},{"@type":"Organization","@id":"https:\/\/neoris-eyes.com\/it\/#organization","name":"Neoris","url":"https:\/\/neoris-eyes.com\/it\/","logo":{"@type":"ImageObject","inLanguage":"it-IT","@id":"https:\/\/neoris-eyes.com\/it\/#\/schema\/logo\/image\/","url":"https:\/\/neoris-eyes.com\/wp-content\/uploads\/2022\/01\/neoris-footer.png","contentUrl":"https:\/\/neoris-eyes.com\/wp-content\/uploads\/2022\/01\/neoris-footer.png","width":98,"height":24,"caption":"Neoris"},"image":{"@id":"https:\/\/neoris-eyes.com\/it\/#\/schema\/logo\/image\/"}}]}},"taxonomy_info":[],"featured_image_src_large":false,"author_info":{"display_name":"Single Quote","author_link":"https:\/\/neoris-eyes.com\/it\/author\/singlequote\/"},"comment_info":0,"_links":{"self":[{"href":"https:\/\/neoris-eyes.com\/it\/wp-json\/wp\/v2\/pages\/10696","targetHints":{"allow":["GET"]}}],"collection":[{"href":"https:\/\/neoris-eyes.com\/it\/wp-json\/wp\/v2\/pages"}],"about":[{"href":"https:\/\/neoris-eyes.com\/it\/wp-json\/wp\/v2\/types\/page"}],"author":[{"embeddable":true,"href":"https:\/\/neoris-eyes.com\/it\/wp-json\/wp\/v2\/users\/1"}],"replies":[{"embeddable":true,"href":"https:\/\/neoris-eyes.com\/it\/wp-json\/wp\/v2\/comments?post=10696"}],"version-history":[{"count":2,"href":"https:\/\/neoris-eyes.com\/it\/wp-json\/wp\/v2\/pages\/10696\/revisions"}],"predecessor-version":[{"id":11722,"href":"https:\/\/neoris-eyes.com\/it\/wp-json\/wp\/v2\/pages\/10696\/revisions\/11722"}],"wp:attachment":[{"href":"https:\/\/neoris-eyes.com\/it\/wp-json\/wp\/v2\/media?parent=10696"}],"curies":[{"name":"wp","href":"https:\/\/api.w.org\/{rel}","templated":true}]}}