{"id":10698,"date":"2022-03-28T12:45:34","date_gmt":"2022-03-28T10:45:34","guid":{"rendered":"https:\/\/dev.neoris-eyes.com\/aviso-legal\/"},"modified":"2022-06-28T17:43:49","modified_gmt":"2022-06-28T15:43:49","slug":"aviso-legal","status":"publish","type":"page","link":"https:\/\/neoris-eyes.com\/es\/aviso-legal\/","title":{"rendered":"Aviso legal"},"content":{"rendered":"<style>#kt-layout-id_f54db1-89{margin-bottom:0px;}#kt-layout-id_f54db1-89 > .kt-row-column-wrap{align-content:start;}:where(#kt-layout-id_f54db1-89 > .kt-row-column-wrap) > .wp-block-kadence-column{justify-content:start;}#kt-layout-id_f54db1-89 > .kt-row-column-wrap{column-gap:var(--global-kb-gap-md, 2rem);row-gap:var(--global-kb-gap-md, 2rem);max-width:var( --global-content-width, 1290px );padding-left:var(--global-content-edge-padding);padding-right:var(--global-content-edge-padding);padding-top:var( --global-kb-row-default-top, 25px );padding-bottom:var( --global-kb-row-default-bottom, 25px );padding-top:280px;padding-bottom:280px;grid-template-columns:minmax(0, 1fr);}#kt-layout-id_f54db1-89{background-color:#2a2a2a;}#kt-layout-id_f54db1-89 > .kt-row-layout-overlay{opacity:0.50;background-color:var(--global-palette3, #1A202C);}@media all and (max-width: 1024px){#kt-layout-id_f54db1-89 > .kt-row-column-wrap{padding-top:230px;padding-bottom:230px;grid-template-columns:minmax(0, 1fr);}}@media all and (max-width: 767px){#kt-layout-id_f54db1-89 > .kt-row-column-wrap{padding-top:130px;padding-bottom:70px;grid-template-columns:minmax(0, 1fr);}}<\/style>\n<div class=\"wp-block-kadence-rowlayout aligncenter\"><div id=\"kt-layout-id_f54db1-89\" class=\"kt-row-layout-inner kt-row-has-bg kt-layout-id_f54db1-89\"><div class=\"kt-row-layout-overlay kt-row-overlay-normal\"><\/div><div class=\"kt-row-column-wrap kt-has-1-columns kt-gutter-default kt-v-gutter-default kt-row-valign-top kt-row-layout-equal kt-tab-layout-inherit kt-m-colapse-left-to-right kt-mobile-layout-row kb-theme-content-width\"><style>.kadence-column_b8f164-a0 > .kt-inside-inner-col{border-top-width:0px;border-right-width:0px;border-bottom-width:0px;border-left-width:0px;}.kadence-column_b8f164-a0 > .kt-inside-inner-col,.kadence-column_b8f164-a0 > .kt-inside-inner-col:before{border-top-left-radius:0px;border-top-right-radius:0px;border-bottom-right-radius:0px;border-bottom-left-radius:0px;}.kadence-column_b8f164-a0 > .kt-inside-inner-col{column-gap:var(--global-kb-gap-sm, 1rem);}.kadence-column_b8f164-a0 > .kt-inside-inner-col{flex-direction:column;}.kadence-column_b8f164-a0 > .kt-inside-inner-col > .aligncenter{width:100%;}.kadence-column_b8f164-a0 > .kt-inside-inner-col:before{opacity:0.3;}.kadence-column_b8f164-a0{position:relative;}@media all and (max-width: 1024px){.kadence-column_b8f164-a0 > .kt-inside-inner-col{flex-direction:column;}}@media all and (max-width: 767px){.kadence-column_b8f164-a0 > .kt-inside-inner-col{flex-direction:column;}}<\/style>\n<div class=\"wp-block-kadence-column inner-column-1 kadence-column_b8f164-a0\"><div class=\"kt-inside-inner-col\"><style>.wp-block-kadence-advancedheading.kt-adv-heading_398a48-a2, .wp-block-kadence-advancedheading.kt-adv-heading_398a48-a2[data-kb-block=\"kb-adv-heading_398a48-a2\"]{text-align:center;font-style:normal;}.wp-block-kadence-advancedheading.kt-adv-heading_398a48-a2 mark.kt-highlight, .wp-block-kadence-advancedheading.kt-adv-heading_398a48-a2[data-kb-block=\"kb-adv-heading_398a48-a2\"] mark.kt-highlight{font-style:normal;color:#f76a0c;-webkit-box-decoration-break:clone;box-decoration-break:clone;padding-top:0px;padding-right:0px;padding-bottom:0px;padding-left:0px;}@media all and (max-width: 767px){.wp-block-kadence-advancedheading.kt-adv-heading_398a48-a2, .wp-block-kadence-advancedheading.kt-adv-heading_398a48-a2[data-kb-block=\"kb-adv-heading_398a48-a2\"]{font-size:42px;}}<\/style>\n<h2 class=\"kt-adv-heading_398a48-a2 wp-block-kadence-advancedheading has-theme-palette-9-color has-text-color\" data-kb-block=\"kb-adv-heading_398a48-a2\">Aviso legal<\/h2>\n<\/div><\/div>\n<\/div><\/div><\/div>\n<style>#kt-layout-id_365c9c-37 > .kt-row-column-wrap{align-content:start;}:where(#kt-layout-id_365c9c-37 > .kt-row-column-wrap) > .wp-block-kadence-column{justify-content:start;}#kt-layout-id_365c9c-37 > .kt-row-column-wrap{column-gap:var(--global-kb-gap-md, 2rem);row-gap:var(--global-kb-gap-md, 2rem);padding-top:var( --global-kb-row-default-top, 25px );padding-bottom:var( --global-kb-row-default-bottom, 25px );padding-top:var(--global-kb-spacing-sm, 1.5rem);padding-bottom:var(--global-kb-spacing-sm, 1.5rem);}#kt-layout-id_365c9c-37 > .kt-row-column-wrap > div:not(.added-for-specificity){grid-column:initial;}#kt-layout-id_365c9c-37 > .kt-row-column-wrap{grid-template-columns:minmax(0, 1fr) minmax(0, 6fr) minmax(0, 1fr);}#kt-layout-id_365c9c-37 > .kt-row-layout-overlay{opacity:0.30;}@media all and (max-width: 1024px){#kt-layout-id_365c9c-37 > .kt-row-column-wrap > div:not(.added-for-specificity){grid-column:initial;}}@media all and (max-width: 1024px){#kt-layout-id_365c9c-37 > .kt-row-column-wrap{grid-template-columns:minmax(0, 1fr) minmax(0, 6fr) minmax(0, 1fr);}}@media all and (max-width: 767px){#kt-layout-id_365c9c-37 > .kt-row-column-wrap > div:not(.added-for-specificity){grid-column:initial;}#kt-layout-id_365c9c-37 > .kt-row-column-wrap{grid-template-columns:minmax(0, 1fr);}}<\/style>\n<div class=\"wp-block-kadence-rowlayout alignnone\"><div id=\"kt-layout-id_365c9c-37\" class=\"kt-row-layout-inner kt-layout-id_365c9c-37\"><div class=\"kt-row-column-wrap kt-has-3-columns kt-gutter-default kt-v-gutter-default kt-row-valign-top kt-row-layout-center-exwide kt-tab-layout-inherit kt-m-colapse-left-to-right kt-mobile-layout-row\"><style>.kadence-column_9312ff-bd > .kt-inside-inner-col{border-top-width:0px;border-right-width:0px;border-bottom-width:0px;border-left-width:0px;}.kadence-column_9312ff-bd > .kt-inside-inner-col,.kadence-column_9312ff-bd > .kt-inside-inner-col:before{border-top-left-radius:0px;border-top-right-radius:0px;border-bottom-right-radius:0px;border-bottom-left-radius:0px;}.kadence-column_9312ff-bd > .kt-inside-inner-col{column-gap:var(--global-kb-gap-sm, 1rem);}.kadence-column_9312ff-bd > .kt-inside-inner-col{flex-direction:column;}.kadence-column_9312ff-bd > .kt-inside-inner-col > .aligncenter{width:100%;}.kadence-column_9312ff-bd > .kt-inside-inner-col:before{opacity:0.3;}.kadence-column_9312ff-bd{position:relative;}@media all and (max-width: 1024px){.kadence-column_9312ff-bd > .kt-inside-inner-col{flex-direction:column;}}@media all and (max-width: 767px){.kadence-column_9312ff-bd > .kt-inside-inner-col{flex-direction:column;}}<\/style>\n<div class=\"wp-block-kadence-column inner-column-1 kadence-column_9312ff-bd\"><div class=\"kt-inside-inner-col\"><\/div><\/div>\n\n\n<style>.kadence-column_b26755-f7 > .kt-inside-inner-col{border-top-width:0px;border-right-width:0px;border-bottom-width:0px;border-left-width:0px;}.kadence-column_b26755-f7 > .kt-inside-inner-col,.kadence-column_b26755-f7 > .kt-inside-inner-col:before{border-top-left-radius:0px;border-top-right-radius:0px;border-bottom-right-radius:0px;border-bottom-left-radius:0px;}.kadence-column_b26755-f7 > .kt-inside-inner-col{column-gap:var(--global-kb-gap-sm, 1rem);}.kadence-column_b26755-f7 > .kt-inside-inner-col{flex-direction:column;}.kadence-column_b26755-f7 > .kt-inside-inner-col > .aligncenter{width:100%;}.kadence-column_b26755-f7 > .kt-inside-inner-col:before{opacity:0.3;}.kadence-column_b26755-f7{position:relative;}@media all and (max-width: 1024px){.kadence-column_b26755-f7 > .kt-inside-inner-col{flex-direction:column;}}@media all and (max-width: 767px){.kadence-column_b26755-f7 > .kt-inside-inner-col{flex-direction:column;}}<\/style>\n<div class=\"wp-block-kadence-column inner-column-2 kadence-column_b26755-f7\"><div class=\"kt-inside-inner-col\">\n<p>Antes de navegar por este sitio, le agradecemos que lea cuidadosamente las diferentes modalidades de uso del mismo.<br\/>Al conectarse a este sitio, usted acepta sin reservas las presentes modalidades.<\/p>\n\n\n\n<h3 class=\"wp-block-heading\">Identificaci\u00f3n<\/h3>\n\n\n\n<p>El presente sitio, www.neoris-eyes.com, es editado por:<\/p>\n\n\n\n<ul class=\"wp-block-list\"><li><strong>Denominaci\u00f3n social:<\/strong> Neoris<\/li><li><strong>Forma jur\u00eddica:<\/strong> Sociedad por acciones simplificada de capital variable<\/li><li><strong>Domicilio social:<\/strong> 15 rue Saint-Louis en l\u2019\u00cele 75004 Par\u00eds<\/li><li><strong>N\u00b0 de IVA intracomunitario:<\/strong> FR 74 829812452<\/li><li><strong>Correo electr\u00f3nico:<\/strong> contact@neoris-eyes.com<\/li><\/ul>\n\n\n<h3 class=\"wp-block-heading\">Alojamiento<\/h3>\n\n\n\n<p>El alojamiento de este sitio est\u00e1 a cargo de OVH SAS:<\/p>\n\n\n\n<p>RCS Lille M\u00e9tropole 424 761 419 00045<br\/>Code APE 2620Z<br\/>N\u00b0 TVA : FR 22 424 761 419<br\/>Si\u00e8ge social : 2 rue Kellermann &#8211; 59100 Roubaix &#8211; France<br\/>T\u00e9l. 1007<\/p>\n\n\n\n<h3 class=\"wp-block-heading\">Cr\u00e9ditos<\/h3>\n\n\n\n<p><strong>Realizaci\u00f3n del sitio web:<\/strong> <a href=\"https:\/\/bubbly.fr\/\">Bubbly<\/a> X <a href=\"https:\/\/singlequote.net\">Single Quote<\/a><\/p>\n\n\n\n<p><strong>Fotograf\u00eda:<\/strong> elementos visuales de ambiente y retratos de modelos por <a href=\"http:\/\/www.dresseurdimages.fr\/\" target=\"_blank\" rel=\"noreferrer noopener\">Anne Milloux<\/a><\/p>\n\n\n\n<h3 class=\"wp-block-heading\">Propiedad intelectual<\/h3>\n\n\n\n<p>Todo el contenido del sitio www.neoris-eyes.es, incluidos, sin limitaci\u00f3n, gr\u00e1ficos, im\u00e1genes, textos, videos, animaciones, sonidos, logos, gifs e iconos, as\u00ed como su presentaci\u00f3n, son propiedad exclusiva de la empresa, a excepci\u00f3n de las marcas, logos o contenidos que pertenecen a otras empresas socias o autores.<\/p>\n\n\n\n<p>Se proh\u00edbe estrictamente toda reproducci\u00f3n, distribuci\u00f3n, modificaci\u00f3n, adaptaci\u00f3n, difusi\u00f3n o publicaci\u00f3n, incluso parcial, de estos elementos sin el consentimiento expreso por escrito de Neoris. Tal representaci\u00f3n o reproducci\u00f3n, por cualquier medio, ser\u00e1 considerada como un plagio, tal como se define y sanciona en los art\u00edculos L.335-2 y siguientes del C\u00f3digo de propiedad intelectual [de Francia]. El incumplimiento de esta prohibici\u00f3n constituir\u00e1 un plagio y comprometer\u00e1 la responsabilidad civil y penal del infractor. Adem\u00e1s, los propietarios de los contenidos copiados podr\u00edan interponer una demanda en su contra.<\/p>\n\n\n\n<h3 class=\"wp-block-heading\">Enlaces de hipertexto<\/h3>\n\n\n\n<p>Este sitio web puede contener enlaces hacia otros sitios web u otros recursos disponibles en internet. Neoris no dispone de ning\u00fan medio de control de los sitios vinculados con su sitio web y, por lo tanto, no asume responsabilidad alguna en cuanto a la disponibilidad de tales sitios y fuentes externas, ni la garantiza.<\/p>\n\n\n\n<p>Adem\u00e1s, no se har\u00e1 responsable de ning\u00fan da\u00f1o, cualquiera que sea su naturaleza, que resulte del contenido de tales sitios o fuentes externas, as\u00ed como tampoco de la informaci\u00f3n, los productos o los servicios que estos ofrezcan, ni de los usos que puedan darse a estos elementos. Los riesgos relacionados con dicha utilizaci\u00f3n recaen plenamente en el internauta, que deber\u00e1 ajustarse a sus condiciones de uso.<\/p>\n\n\n\n<p>Los usuarios, abonados y visitantes de los sitios web no podr\u00e1n colocar hiperv\u00ednculos que dirijan a este sitio web sin previa autorizaci\u00f3n expresa de Neoris.<\/p>\n\n\n\n<p>Si un usuario o visitante deseara crear un hiperv\u00ednculo hacia uno de los sitios web de Neoris, deber\u00e1 enviar una solicitud a trav\u00e9s del formulario de contacto presente en el sitio en cuesti\u00f3n. Neoris se reserva el derecho de aceptar o rechazar un hiperv\u00ednculo sin tener que justificar su decisi\u00f3n.<\/p>\n\n\n\n<h3 class=\"wp-block-heading\">Gesti\u00f3n de cookies<\/h3>\n\n\n\n<p>Se informa al usuario que durante sus visitas al presente sitio (www.neoris-eyes.com), puede instalarse autom\u00e1ticamente una cookie en su software de navegaci\u00f3n. Una cookie es un elemento que no permite la identificaci\u00f3n del usuario. Se utiliza para el registro de la informaci\u00f3n relativa a la navegaci\u00f3n en el presente sitio (www.neoris-eyes.com). El usuario puede tener conocimiento de la presencia de cookies a trav\u00e9s de los ajustes de su software de navegaci\u00f3n y puede rechazarla conforme al procedimiento descrito en el sitio de la Comisi\u00f3n Nacional de Inform\u00e1tica y Libertades [de Francia], CNIL (www.cnil.fr).<\/p>\n\n\n\n<p>Este sitio web utiliza Google Analytics, una herramienta de medici\u00f3n de audiencias proporcionada por Google Inc. (\u201cGoogle\u201d). Google Analytics utiliza cookies, que son archivos de texto almacenados en el equipo del usuario para ayudar al sitio web a analizar el uso del sitio. Los datos generados por las cookies en relaci\u00f3n con su uso del sitio (incluida su direcci\u00f3n IP) ser\u00e1n transmitidos y almacenados por Google en servidores ubicados en los Estados Unidos. Google utilizar\u00e1 esta informaci\u00f3n con el fin de evaluar su utilizaci\u00f3n del sitio, de recopilar informes sobre la actividad del sitio destinados a su editor y de prestar otros servicios relativos a la actividad del sitio y al uso de internet. Google podr\u00eda comunicar estos datos a terceros si la ley as\u00ed lo exige o cuando los datos son tratados por terceros por cuenta de Google, incluido en particular el editor de este sitio web. Google no asociar\u00e1 su direcci\u00f3n IP con otros datos de los que disponga Google. Puede desactivar el uso de cookies seleccionando los par\u00e1metros apropiados de su navegador. Sin embargo, tal desactivaci\u00f3n podr\u00eda impedir el uso de ciertas funciones de este sitio web. Al utilizar este sitio web, usted acepta expresamente el tratamiento de sus datos nominativos por Google en las condiciones y para los fines arriba indicados.<\/p>\n<\/div><\/div>\n\n\n<style>.kadence-column_fd28a8-0c > .kt-inside-inner-col{border-top-width:0px;border-right-width:0px;border-bottom-width:0px;border-left-width:0px;}.kadence-column_fd28a8-0c > .kt-inside-inner-col,.kadence-column_fd28a8-0c > .kt-inside-inner-col:before{border-top-left-radius:0px;border-top-right-radius:0px;border-bottom-right-radius:0px;border-bottom-left-radius:0px;}.kadence-column_fd28a8-0c > .kt-inside-inner-col{column-gap:var(--global-kb-gap-sm, 1rem);}.kadence-column_fd28a8-0c > .kt-inside-inner-col{flex-direction:column;}.kadence-column_fd28a8-0c > .kt-inside-inner-col > .aligncenter{width:100%;}.kadence-column_fd28a8-0c > .kt-inside-inner-col:before{opacity:0.3;}.kadence-column_fd28a8-0c{position:relative;}@media all and (max-width: 1024px){.kadence-column_fd28a8-0c > .kt-inside-inner-col{flex-direction:column;}}@media all and (max-width: 767px){.kadence-column_fd28a8-0c > .kt-inside-inner-col{flex-direction:column;}}<\/style>\n<div class=\"wp-block-kadence-column inner-column-3 kadence-column_fd28a8-0c\"><div class=\"kt-inside-inner-col\"><\/div><\/div>\n<\/div><\/div><\/div>\n","protected":false},"excerpt":{"rendered":"<p>Aviso legal Antes de navegar por este sitio, le agradecemos que lea cuidadosamente las diferentes modalidades de uso del mismo.Al conectarse a este sitio, usted acepta sin reservas las presentes modalidades. Identificaci\u00f3n El presente sitio, www.neoris-eyes.com, es editado por: Denominaci\u00f3n social: Neoris Forma jur\u00eddica: Sociedad por acciones simplificada de capital variable Domicilio social: 15 rue&#8230;<\/p>\n","protected":false},"author":1,"featured_media":0,"parent":0,"menu_order":0,"comment_status":"closed","ping_status":"closed","template":"","meta":{"_kad_blocks_custom_css":"","_kad_blocks_head_custom_js":"","_kad_blocks_body_custom_js":"","_kad_blocks_footer_custom_js":"","_kadence_starter_templates_imported_post":false,"_kad_post_transparent":"","_kad_post_title":"","_kad_post_layout":"","_kad_post_sidebar_id":"","_kad_post_content_style":"","_kad_post_vertical_padding":"","_kad_post_feature":"","_kad_post_feature_position":"","_kad_post_header":false,"_kad_post_footer":false,"footnotes":""},"class_list":["post-10698","page","type-page","status-publish","hentry"],"yoast_head":"<!-- This site is optimized with the Yoast SEO plugin v25.6 - https:\/\/yoast.com\/wordpress\/plugins\/seo\/ -->\n<title>Aviso legal - Neoris<\/title>\n<meta name=\"robots\" content=\"index, follow, max-snippet:-1, max-image-preview:large, max-video-preview:-1\" \/>\n<link rel=\"canonical\" href=\"https:\/\/neoris-eyes.com\/es\/aviso-legal\/\" \/>\n<meta property=\"og:locale\" content=\"es_ES\" \/>\n<meta property=\"og:type\" content=\"article\" \/>\n<meta property=\"og:title\" content=\"Aviso legal - Neoris\" \/>\n<meta property=\"og:description\" content=\"Aviso legal Antes de navegar por este sitio, le agradecemos que lea cuidadosamente las diferentes modalidades de uso del mismo.Al conectarse a este sitio, usted acepta sin reservas las presentes modalidades. Identificaci\u00f3n El presente sitio, www.neoris-eyes.com, es editado por: Denominaci\u00f3n social: Neoris Forma jur\u00eddica: Sociedad por acciones simplificada de capital variable Domicilio social: 15 rue...\" \/>\n<meta property=\"og:url\" content=\"https:\/\/neoris-eyes.com\/es\/aviso-legal\/\" \/>\n<meta property=\"og:site_name\" content=\"Neoris\" \/>\n<meta property=\"article:modified_time\" content=\"2022-06-28T15:43:49+00:00\" \/>\n<meta property=\"og:image\" content=\"https:\/\/neoris-eyes.com\/wp-content\/uploads\/2022\/07\/og-image-neoris.png\" \/>\n\t<meta property=\"og:image:width\" content=\"1562\" \/>\n\t<meta property=\"og:image:height\" content=\"805\" \/>\n\t<meta property=\"og:image:type\" content=\"image\/png\" \/>\n<meta name=\"twitter:card\" content=\"summary_large_image\" \/>\n<meta name=\"twitter:label1\" content=\"Tiempo de lectura\" \/>\n\t<meta name=\"twitter:data1\" content=\"4 minutos\" \/>\n<script type=\"application\/ld+json\" class=\"yoast-schema-graph\">{\"@context\":\"https:\/\/schema.org\",\"@graph\":[{\"@type\":\"WebPage\",\"@id\":\"https:\/\/neoris-eyes.com\/es\/aviso-legal\/\",\"url\":\"https:\/\/neoris-eyes.com\/es\/aviso-legal\/\",\"name\":\"Aviso legal - Neoris\",\"isPartOf\":{\"@id\":\"https:\/\/neoris-eyes.com\/es\/#website\"},\"datePublished\":\"2022-03-28T10:45:34+00:00\",\"dateModified\":\"2022-06-28T15:43:49+00:00\",\"breadcrumb\":{\"@id\":\"https:\/\/neoris-eyes.com\/es\/aviso-legal\/#breadcrumb\"},\"inLanguage\":\"es\",\"potentialAction\":[{\"@type\":\"ReadAction\",\"target\":[\"https:\/\/neoris-eyes.com\/es\/aviso-legal\/\"]}]},{\"@type\":\"BreadcrumbList\",\"@id\":\"https:\/\/neoris-eyes.com\/es\/aviso-legal\/#breadcrumb\",\"itemListElement\":[{\"@type\":\"ListItem\",\"position\":1,\"name\":\"Accueil\",\"item\":\"https:\/\/neoris-eyes.com\/es\/\"},{\"@type\":\"ListItem\",\"position\":2,\"name\":\"Aviso legal\"}]},{\"@type\":\"WebSite\",\"@id\":\"https:\/\/neoris-eyes.com\/es\/#website\",\"url\":\"https:\/\/neoris-eyes.com\/es\/\",\"name\":\"Neoris\",\"description\":\"Reveal your true color\",\"publisher\":{\"@id\":\"https:\/\/neoris-eyes.com\/es\/#organization\"},\"potentialAction\":[{\"@type\":\"SearchAction\",\"target\":{\"@type\":\"EntryPoint\",\"urlTemplate\":\"https:\/\/neoris-eyes.com\/es\/?s={search_term_string}\"},\"query-input\":{\"@type\":\"PropertyValueSpecification\",\"valueRequired\":true,\"valueName\":\"search_term_string\"}}],\"inLanguage\":\"es\"},{\"@type\":\"Organization\",\"@id\":\"https:\/\/neoris-eyes.com\/es\/#organization\",\"name\":\"Neoris\",\"url\":\"https:\/\/neoris-eyes.com\/es\/\",\"logo\":{\"@type\":\"ImageObject\",\"inLanguage\":\"es\",\"@id\":\"https:\/\/neoris-eyes.com\/es\/#\/schema\/logo\/image\/\",\"url\":\"https:\/\/neoris-eyes.com\/wp-content\/uploads\/2022\/01\/neoris-footer.png\",\"contentUrl\":\"https:\/\/neoris-eyes.com\/wp-content\/uploads\/2022\/01\/neoris-footer.png\",\"width\":98,\"height\":24,\"caption\":\"Neoris\"},\"image\":{\"@id\":\"https:\/\/neoris-eyes.com\/es\/#\/schema\/logo\/image\/\"}}]}<\/script>\n<!-- \/ Yoast SEO plugin. -->","yoast_head_json":{"title":"Aviso legal - Neoris","robots":{"index":"index","follow":"follow","max-snippet":"max-snippet:-1","max-image-preview":"max-image-preview:large","max-video-preview":"max-video-preview:-1"},"canonical":"https:\/\/neoris-eyes.com\/es\/aviso-legal\/","og_locale":"es_ES","og_type":"article","og_title":"Aviso legal - Neoris","og_description":"Aviso legal Antes de navegar por este sitio, le agradecemos que lea cuidadosamente las diferentes modalidades de uso del mismo.Al conectarse a este sitio, usted acepta sin reservas las presentes modalidades. Identificaci\u00f3n El presente sitio, www.neoris-eyes.com, es editado por: Denominaci\u00f3n social: Neoris Forma jur\u00eddica: Sociedad por acciones simplificada de capital variable Domicilio social: 15 rue...","og_url":"https:\/\/neoris-eyes.com\/es\/aviso-legal\/","og_site_name":"Neoris","article_modified_time":"2022-06-28T15:43:49+00:00","og_image":[{"width":1562,"height":805,"url":"https:\/\/neoris-eyes.com\/wp-content\/uploads\/2022\/07\/og-image-neoris.png","type":"image\/png"}],"twitter_card":"summary_large_image","twitter_misc":{"Tiempo de lectura":"4 minutos"},"schema":{"@context":"https:\/\/schema.org","@graph":[{"@type":"WebPage","@id":"https:\/\/neoris-eyes.com\/es\/aviso-legal\/","url":"https:\/\/neoris-eyes.com\/es\/aviso-legal\/","name":"Aviso legal - Neoris","isPartOf":{"@id":"https:\/\/neoris-eyes.com\/es\/#website"},"datePublished":"2022-03-28T10:45:34+00:00","dateModified":"2022-06-28T15:43:49+00:00","breadcrumb":{"@id":"https:\/\/neoris-eyes.com\/es\/aviso-legal\/#breadcrumb"},"inLanguage":"es","potentialAction":[{"@type":"ReadAction","target":["https:\/\/neoris-eyes.com\/es\/aviso-legal\/"]}]},{"@type":"BreadcrumbList","@id":"https:\/\/neoris-eyes.com\/es\/aviso-legal\/#breadcrumb","itemListElement":[{"@type":"ListItem","position":1,"name":"Accueil","item":"https:\/\/neoris-eyes.com\/es\/"},{"@type":"ListItem","position":2,"name":"Aviso legal"}]},{"@type":"WebSite","@id":"https:\/\/neoris-eyes.com\/es\/#website","url":"https:\/\/neoris-eyes.com\/es\/","name":"Neoris","description":"Reveal your true color","publisher":{"@id":"https:\/\/neoris-eyes.com\/es\/#organization"},"potentialAction":[{"@type":"SearchAction","target":{"@type":"EntryPoint","urlTemplate":"https:\/\/neoris-eyes.com\/es\/?s={search_term_string}"},"query-input":{"@type":"PropertyValueSpecification","valueRequired":true,"valueName":"search_term_string"}}],"inLanguage":"es"},{"@type":"Organization","@id":"https:\/\/neoris-eyes.com\/es\/#organization","name":"Neoris","url":"https:\/\/neoris-eyes.com\/es\/","logo":{"@type":"ImageObject","inLanguage":"es","@id":"https:\/\/neoris-eyes.com\/es\/#\/schema\/logo\/image\/","url":"https:\/\/neoris-eyes.com\/wp-content\/uploads\/2022\/01\/neoris-footer.png","contentUrl":"https:\/\/neoris-eyes.com\/wp-content\/uploads\/2022\/01\/neoris-footer.png","width":98,"height":24,"caption":"Neoris"},"image":{"@id":"https:\/\/neoris-eyes.com\/es\/#\/schema\/logo\/image\/"}}]}},"taxonomy_info":[],"featured_image_src_large":false,"author_info":{"display_name":"Single Quote","author_link":"https:\/\/neoris-eyes.com\/es\/author\/singlequote\/"},"comment_info":0,"_links":{"self":[{"href":"https:\/\/neoris-eyes.com\/es\/wp-json\/wp\/v2\/pages\/10698","targetHints":{"allow":["GET"]}}],"collection":[{"href":"https:\/\/neoris-eyes.com\/es\/wp-json\/wp\/v2\/pages"}],"about":[{"href":"https:\/\/neoris-eyes.com\/es\/wp-json\/wp\/v2\/types\/page"}],"author":[{"embeddable":true,"href":"https:\/\/neoris-eyes.com\/es\/wp-json\/wp\/v2\/users\/1"}],"replies":[{"embeddable":true,"href":"https:\/\/neoris-eyes.com\/es\/wp-json\/wp\/v2\/comments?post=10698"}],"version-history":[{"count":2,"href":"https:\/\/neoris-eyes.com\/es\/wp-json\/wp\/v2\/pages\/10698\/revisions"}],"predecessor-version":[{"id":11721,"href":"https:\/\/neoris-eyes.com\/es\/wp-json\/wp\/v2\/pages\/10698\/revisions\/11721"}],"wp:attachment":[{"href":"https:\/\/neoris-eyes.com\/es\/wp-json\/wp\/v2\/media?parent=10698"}],"curies":[{"name":"wp","href":"https:\/\/api.w.org\/{rel}","templated":true}]}}