{"id":10690,"date":"2022-03-28T12:23:07","date_gmt":"2022-03-28T10:23:07","guid":{"rendered":"https:\/\/dev.neoris-eyes.com\/politica-de-confidencialidad\/"},"modified":"2022-08-24T12:11:26","modified_gmt":"2022-08-24T10:11:26","slug":"politica-de-confidencialidad","status":"publish","type":"page","link":"https:\/\/neoris-eyes.com\/es\/politica-de-confidencialidad\/","title":{"rendered":"Pol\u00edtica de confidencialidad"},"content":{"rendered":"<style>#kt-layout-id_04b1d4-52{margin-bottom:0px;}#kt-layout-id_04b1d4-52 > .kt-row-column-wrap{align-content:start;}:where(#kt-layout-id_04b1d4-52 > .kt-row-column-wrap) > .wp-block-kadence-column{justify-content:start;}#kt-layout-id_04b1d4-52 > .kt-row-column-wrap{column-gap:var(--global-kb-gap-md, 2rem);row-gap:var(--global-kb-gap-md, 2rem);max-width:var( --global-content-width, 1290px );padding-left:var(--global-content-edge-padding);padding-right:var(--global-content-edge-padding);padding-top:var( --global-kb-row-default-top, 25px );padding-bottom:var( --global-kb-row-default-bottom, 25px );padding-top:280px;padding-bottom:280px;grid-template-columns:minmax(0, 1fr);}#kt-layout-id_04b1d4-52{background-color:#2a2a2a;}#kt-layout-id_04b1d4-52 > .kt-row-layout-overlay{opacity:0.50;background-color:var(--global-palette3, #1A202C);}@media all and (max-width: 1024px){#kt-layout-id_04b1d4-52 > .kt-row-column-wrap{padding-top:230px;padding-bottom:230px;grid-template-columns:minmax(0, 1fr);}}@media all and (max-width: 767px){#kt-layout-id_04b1d4-52 > .kt-row-column-wrap{padding-top:130px;padding-bottom:70px;grid-template-columns:minmax(0, 1fr);}}<\/style>\n<div class=\"wp-block-kadence-rowlayout aligncenter\"><div id=\"kt-layout-id_04b1d4-52\" class=\"kt-row-layout-inner kt-row-has-bg kt-layout-id_04b1d4-52\"><div class=\"kt-row-layout-overlay kt-row-overlay-normal\"><\/div><div class=\"kt-row-column-wrap kt-has-1-columns kt-gutter-default kt-v-gutter-default kt-row-valign-top kt-row-layout-equal kt-tab-layout-inherit kt-m-colapse-left-to-right kt-mobile-layout-row kb-theme-content-width\"><style>.kadence-column_b1504f-37 > .kt-inside-inner-col{border-top-width:0px;border-right-width:0px;border-bottom-width:0px;border-left-width:0px;}.kadence-column_b1504f-37 > .kt-inside-inner-col,.kadence-column_b1504f-37 > .kt-inside-inner-col:before{border-top-left-radius:0px;border-top-right-radius:0px;border-bottom-right-radius:0px;border-bottom-left-radius:0px;}.kadence-column_b1504f-37 > .kt-inside-inner-col{column-gap:var(--global-kb-gap-sm, 1rem);}.kadence-column_b1504f-37 > .kt-inside-inner-col{flex-direction:column;}.kadence-column_b1504f-37 > .kt-inside-inner-col > .aligncenter{width:100%;}.kadence-column_b1504f-37 > .kt-inside-inner-col:before{opacity:0.3;}.kadence-column_b1504f-37{position:relative;}@media all and (max-width: 1024px){.kadence-column_b1504f-37 > .kt-inside-inner-col{flex-direction:column;}}@media all and (max-width: 767px){.kadence-column_b1504f-37 > .kt-inside-inner-col{flex-direction:column;}}<\/style>\n<div class=\"wp-block-kadence-column inner-column-1 kadence-column_b1504f-37\"><div class=\"kt-inside-inner-col\"><style>.wp-block-kadence-advancedheading.kt-adv-heading_2b42f6-83, .wp-block-kadence-advancedheading.kt-adv-heading_2b42f6-83[data-kb-block=\"kb-adv-heading_2b42f6-83\"]{text-align:center;font-style:normal;}.wp-block-kadence-advancedheading.kt-adv-heading_2b42f6-83 mark.kt-highlight, .wp-block-kadence-advancedheading.kt-adv-heading_2b42f6-83[data-kb-block=\"kb-adv-heading_2b42f6-83\"] mark.kt-highlight{font-style:normal;color:#f76a0c;-webkit-box-decoration-break:clone;box-decoration-break:clone;padding-top:0px;padding-right:0px;padding-bottom:0px;padding-left:0px;}@media all and (max-width: 767px){.wp-block-kadence-advancedheading.kt-adv-heading_2b42f6-83, .wp-block-kadence-advancedheading.kt-adv-heading_2b42f6-83[data-kb-block=\"kb-adv-heading_2b42f6-83\"]{font-size:42px;}}<\/style>\n<h2 class=\"kt-adv-heading_2b42f6-83 wp-block-kadence-advancedheading has-theme-palette-9-color has-text-color\" data-kb-block=\"kb-adv-heading_2b42f6-83\">Pol\u00edtica de confidencialidad<\/h2>\n<\/div><\/div>\n<\/div><\/div><\/div>\n<style>#kt-layout-id_e21074-dc > .kt-row-column-wrap{align-content:start;}:where(#kt-layout-id_e21074-dc > .kt-row-column-wrap) > .wp-block-kadence-column{justify-content:start;}#kt-layout-id_e21074-dc > .kt-row-column-wrap{column-gap:var(--global-kb-gap-md, 2rem);row-gap:var(--global-kb-gap-md, 2rem);padding-top:var( --global-kb-row-default-top, 25px );padding-bottom:var( --global-kb-row-default-bottom, 25px );padding-top:var(--global-kb-spacing-sm, 1.5rem);padding-bottom:var(--global-kb-spacing-sm, 1.5rem);}#kt-layout-id_e21074-dc > .kt-row-column-wrap > div:not(.added-for-specificity){grid-column:initial;}#kt-layout-id_e21074-dc > .kt-row-column-wrap{grid-template-columns:minmax(0, 1fr) minmax(0, 6fr) minmax(0, 1fr);}#kt-layout-id_e21074-dc > .kt-row-layout-overlay{opacity:0.30;}@media all and (max-width: 1024px){#kt-layout-id_e21074-dc > .kt-row-column-wrap > div:not(.added-for-specificity){grid-column:initial;}}@media all and (max-width: 1024px){#kt-layout-id_e21074-dc > .kt-row-column-wrap{grid-template-columns:minmax(0, 1fr) minmax(0, 6fr) minmax(0, 1fr);}}@media all and (max-width: 767px){#kt-layout-id_e21074-dc > .kt-row-column-wrap > div:not(.added-for-specificity){grid-column:initial;}#kt-layout-id_e21074-dc > .kt-row-column-wrap{grid-template-columns:minmax(0, 1fr);}}<\/style>\n<div class=\"wp-block-kadence-rowlayout alignnone\"><div id=\"kt-layout-id_e21074-dc\" class=\"kt-row-layout-inner kt-layout-id_e21074-dc\"><div class=\"kt-row-column-wrap kt-has-3-columns kt-gutter-default kt-v-gutter-default kt-row-valign-top kt-row-layout-center-exwide kt-tab-layout-inherit kt-m-colapse-left-to-right kt-mobile-layout-row\"><style>.kadence-column_3e4409-1f > .kt-inside-inner-col{border-top-width:0px;border-right-width:0px;border-bottom-width:0px;border-left-width:0px;}.kadence-column_3e4409-1f > .kt-inside-inner-col,.kadence-column_3e4409-1f > .kt-inside-inner-col:before{border-top-left-radius:0px;border-top-right-radius:0px;border-bottom-right-radius:0px;border-bottom-left-radius:0px;}.kadence-column_3e4409-1f > .kt-inside-inner-col{column-gap:var(--global-kb-gap-sm, 1rem);}.kadence-column_3e4409-1f > .kt-inside-inner-col{flex-direction:column;}.kadence-column_3e4409-1f > .kt-inside-inner-col > .aligncenter{width:100%;}.kadence-column_3e4409-1f > .kt-inside-inner-col:before{opacity:0.3;}.kadence-column_3e4409-1f{position:relative;}@media all and (max-width: 1024px){.kadence-column_3e4409-1f > .kt-inside-inner-col{flex-direction:column;}}@media all and (max-width: 767px){.kadence-column_3e4409-1f > .kt-inside-inner-col{flex-direction:column;}}<\/style>\n<div class=\"wp-block-kadence-column inner-column-1 kadence-column_3e4409-1f\"><div class=\"kt-inside-inner-col\"><\/div><\/div>\n\n\n<style>.kadence-column_93c3bd-85 > .kt-inside-inner-col{border-top-width:0px;border-right-width:0px;border-bottom-width:0px;border-left-width:0px;}.kadence-column_93c3bd-85 > .kt-inside-inner-col,.kadence-column_93c3bd-85 > .kt-inside-inner-col:before{border-top-left-radius:0px;border-top-right-radius:0px;border-bottom-right-radius:0px;border-bottom-left-radius:0px;}.kadence-column_93c3bd-85 > .kt-inside-inner-col{column-gap:var(--global-kb-gap-sm, 1rem);}.kadence-column_93c3bd-85 > .kt-inside-inner-col{flex-direction:column;}.kadence-column_93c3bd-85 > .kt-inside-inner-col > .aligncenter{width:100%;}.kadence-column_93c3bd-85 > .kt-inside-inner-col:before{opacity:0.3;}.kadence-column_93c3bd-85{position:relative;}@media all and (max-width: 1024px){.kadence-column_93c3bd-85 > .kt-inside-inner-col{flex-direction:column;}}@media all and (max-width: 767px){.kadence-column_93c3bd-85 > .kt-inside-inner-col{flex-direction:column;}}<\/style>\n<div class=\"wp-block-kadence-column inner-column-2 kadence-column_93c3bd-85\"><div class=\"kt-inside-inner-col\">\n<h3 class=\"wp-block-heading\">\u00bfQui\u00e9nes somos?<\/h3>\n\n\n\n<p>La direcci\u00f3n de nuestro sitio web es : https:\/\/neoris-eyes.com\/es\/<\/p>\n\n\n\n<p>La sociedad editora de este sitio web se denomina NEORIS. Para saber m\u00e1s sobre esta entidad, visite la p\u00e1gina del <a href=\"https:\/\/neoris-eyes.com\/es\/aviso-legal\/\">Aviso legal<\/a>.<\/p>\n\n\n\n<h3 class=\"wp-block-heading\">Uso de los datos personales recogidos<\/h3>\n\n\n\n<h5 class=\"wp-block-heading\">Los datos que usted nos transmite<\/h5>\n\n\n\n<p>En las distintas comunicaciones con nosotros, puede ocurrir que usted nos transmita informaci\u00f3n de car\u00e1cter personal. Esta informaci\u00f3n se recoge durante el env\u00edo de su solicitud a trav\u00e9s de los formularios de contacto presentes en el sitio.<\/p>\n\n\n\n<p>Estos datos se refieren a:<\/p>\n\n\n\n<ul class=\"wp-block-list\"><li>Apellido, nombres,<\/li><li>Direcci\u00f3n de correo electr\u00f3nico, n\u00famero de tel\u00e9fono, pa\u00eds<\/li><li>Objeto de la solicitud,<\/li><li>Carga de im\u00e1genes y elecci\u00f3n del color deseado (en caso de solicitud de simulaci\u00f3n)<\/li><li>Toda otra informaci\u00f3n que desee darnos a conocer.<\/li><\/ul>\n\n\n<h3 class=\"wp-block-heading\">Cookies<\/h3>\n\n\n\n<h5 class=\"wp-block-heading\">Contenido integrado desde otros sitios<\/h5>\n\n\n\n<p>Las p\u00e1ginas de este sitio web pueden incluir contenidos integrados desde otros sitios web (por ejemplo, videos, im\u00e1genes, art\u00edculos\u2026).<br\/>Dichos sitios web podr\u00edan recopilar datos sobre usted, utilizar cookies, integrar herramientas de seguimiento de terceros, o seguir sus interacciones con los contenidos integrados si tiene una cuenta conectada en tales sitios.<\/p>\n\n\n\n<h5 class=\"wp-block-heading\">Estad\u00edsticas y mediciones de audiencia<\/h5>\n\n\n\n<p>Las cookies anal\u00edticas nos permiten obtener estad\u00edsticas an\u00f3nimas sobre las visitas a nuestro sitio web con el fin de optimizarlo y de detectar eventuales fallos. Son instaladas en nuestro sitio por Google Analytics.<\/p>\n\n\n\n<p>Si no desea que nuestro sitio almacene cookies en su navegador para fines de medici\u00f3n de audiencia, puede hacer clic en el siguiente enlace, que le permitir\u00e1 encontrar informaci\u00f3n adicional:<br\/><a href=\"https:\/\/tools.google.com\/dlpage\/gaoptout\" target=\"_blank\" rel=\"noreferrer noopener\">Cookies de Google Analytics<\/a>.<\/p>\n\n\n\n<h3 class=\"wp-block-heading\">Uso y transmisi\u00f3n de sus datos personales<\/h3>\n\n\n\n<h5 class=\"wp-block-heading\">Tiempo de almacenamiento de sus datos<\/h5>\n\n\n\n<p>Los datos enviados a trav\u00e9s de los formularios de contacto presentes en nuestro sitio web se almacenan durante m\u00e1ximo 3 a\u00f1os.<\/p>\n\n\n\n<h5 class=\"wp-block-heading\">Derechos relativos a sus datos<\/h5>\n\n\n\n<p>Puede solicitar que se le env\u00ede un archivo con todos los datos personales que tenemos sobre usted (incluidos los que usted nos haya proporcionado). Adem\u00e1s, puede solicitar que se eliminen los datos de car\u00e1cter personal sobre usted. Esto no incluye los datos almacenados por motivos administrativos, legales o de seguridad.<\/p>\n\n\n\n<h3 class=\"wp-block-heading\">Informaci\u00f3n adicional<\/h3>\n\n\n\n<h5 class=\"wp-block-heading\">C\u00f3mo protegemos sus datos<\/h5>\n\n\n\n<p>Sus datos personales de navegaci\u00f3n o proporcionados al realizar un env\u00edo mediante el formulario de contacto son utilizados por NEORIS exclusivamente y en ning\u00fan caso ser\u00e1n facilitados a otros servicios de terceros.<\/p>\n<\/div><\/div>\n\n\n<style>.kadence-column_b345b7-00 > .kt-inside-inner-col{border-top-width:0px;border-right-width:0px;border-bottom-width:0px;border-left-width:0px;}.kadence-column_b345b7-00 > .kt-inside-inner-col,.kadence-column_b345b7-00 > .kt-inside-inner-col:before{border-top-left-radius:0px;border-top-right-radius:0px;border-bottom-right-radius:0px;border-bottom-left-radius:0px;}.kadence-column_b345b7-00 > .kt-inside-inner-col{column-gap:var(--global-kb-gap-sm, 1rem);}.kadence-column_b345b7-00 > .kt-inside-inner-col{flex-direction:column;}.kadence-column_b345b7-00 > .kt-inside-inner-col > .aligncenter{width:100%;}.kadence-column_b345b7-00 > .kt-inside-inner-col:before{opacity:0.3;}.kadence-column_b345b7-00{position:relative;}@media all and (max-width: 1024px){.kadence-column_b345b7-00 > .kt-inside-inner-col{flex-direction:column;}}@media all and (max-width: 767px){.kadence-column_b345b7-00 > .kt-inside-inner-col{flex-direction:column;}}<\/style>\n<div class=\"wp-block-kadence-column inner-column-3 kadence-column_b345b7-00\"><div class=\"kt-inside-inner-col\"><\/div><\/div>\n<\/div><\/div><\/div>\n","protected":false},"excerpt":{"rendered":"<p>Pol\u00edtica de confidencialidad \u00bfQui\u00e9nes somos? La direcci\u00f3n de nuestro sitio web es : https:\/\/neoris-eyes.com\/es\/ La sociedad editora de este sitio web se denomina NEORIS. Para saber m\u00e1s sobre esta entidad, visite la p\u00e1gina del Aviso legal. Uso de los datos personales recogidos Los datos que usted nos transmite En las distintas comunicaciones con nosotros, puede&#8230;<\/p>\n","protected":false},"author":1,"featured_media":0,"parent":0,"menu_order":0,"comment_status":"closed","ping_status":"open","template":"","meta":{"_kad_blocks_custom_css":"","_kad_blocks_head_custom_js":"","_kad_blocks_body_custom_js":"","_kad_blocks_footer_custom_js":"","_kadence_starter_templates_imported_post":false,"_kad_post_transparent":"","_kad_post_title":"","_kad_post_layout":"","_kad_post_sidebar_id":"","_kad_post_content_style":"","_kad_post_vertical_padding":"","_kad_post_feature":"","_kad_post_feature_position":"","_kad_post_header":false,"_kad_post_footer":false,"footnotes":""},"class_list":["post-10690","page","type-page","status-publish","hentry"],"yoast_head":"<!-- This site is optimized with the Yoast SEO plugin v25.6 - https:\/\/yoast.com\/wordpress\/plugins\/seo\/ -->\n<title>Pol\u00edtica de confidencialidad - Neoris<\/title>\n<meta name=\"robots\" content=\"index, follow, max-snippet:-1, max-image-preview:large, max-video-preview:-1\" \/>\n<link rel=\"canonical\" href=\"https:\/\/neoris-eyes.com\/es\/politica-de-confidencialidad\/\" \/>\n<meta property=\"og:locale\" content=\"es_ES\" \/>\n<meta property=\"og:type\" content=\"article\" \/>\n<meta property=\"og:title\" content=\"Pol\u00edtica de confidencialidad - Neoris\" \/>\n<meta property=\"og:description\" content=\"Pol\u00edtica de confidencialidad \u00bfQui\u00e9nes somos? La direcci\u00f3n de nuestro sitio web es : https:\/\/neoris-eyes.com\/es\/ La sociedad editora de este sitio web se denomina NEORIS. Para saber m\u00e1s sobre esta entidad, visite la p\u00e1gina del Aviso legal. Uso de los datos personales recogidos Los datos que usted nos transmite En las distintas comunicaciones con nosotros, puede...\" \/>\n<meta property=\"og:url\" content=\"https:\/\/neoris-eyes.com\/es\/politica-de-confidencialidad\/\" \/>\n<meta property=\"og:site_name\" content=\"Neoris\" \/>\n<meta property=\"article:modified_time\" content=\"2022-08-24T10:11:26+00:00\" \/>\n<meta property=\"og:image\" content=\"https:\/\/neoris-eyes.com\/wp-content\/uploads\/2022\/07\/og-image-neoris.png\" \/>\n\t<meta property=\"og:image:width\" content=\"1562\" \/>\n\t<meta property=\"og:image:height\" content=\"805\" \/>\n\t<meta property=\"og:image:type\" content=\"image\/png\" \/>\n<meta name=\"twitter:card\" content=\"summary_large_image\" \/>\n<meta name=\"twitter:label1\" content=\"Tiempo de lectura\" \/>\n\t<meta name=\"twitter:data1\" content=\"2 minutos\" \/>\n<script type=\"application\/ld+json\" class=\"yoast-schema-graph\">{\"@context\":\"https:\/\/schema.org\",\"@graph\":[{\"@type\":\"WebPage\",\"@id\":\"https:\/\/neoris-eyes.com\/es\/politica-de-confidencialidad\/\",\"url\":\"https:\/\/neoris-eyes.com\/es\/politica-de-confidencialidad\/\",\"name\":\"Pol\u00edtica de confidencialidad - Neoris\",\"isPartOf\":{\"@id\":\"https:\/\/neoris-eyes.com\/es\/#website\"},\"datePublished\":\"2022-03-28T10:23:07+00:00\",\"dateModified\":\"2022-08-24T10:11:26+00:00\",\"breadcrumb\":{\"@id\":\"https:\/\/neoris-eyes.com\/es\/politica-de-confidencialidad\/#breadcrumb\"},\"inLanguage\":\"es\",\"potentialAction\":[{\"@type\":\"ReadAction\",\"target\":[\"https:\/\/neoris-eyes.com\/es\/politica-de-confidencialidad\/\"]}]},{\"@type\":\"BreadcrumbList\",\"@id\":\"https:\/\/neoris-eyes.com\/es\/politica-de-confidencialidad\/#breadcrumb\",\"itemListElement\":[{\"@type\":\"ListItem\",\"position\":1,\"name\":\"Accueil\",\"item\":\"https:\/\/neoris-eyes.com\/es\/\"},{\"@type\":\"ListItem\",\"position\":2,\"name\":\"Pol\u00edtica de confidencialidad\"}]},{\"@type\":\"WebSite\",\"@id\":\"https:\/\/neoris-eyes.com\/es\/#website\",\"url\":\"https:\/\/neoris-eyes.com\/es\/\",\"name\":\"Neoris\",\"description\":\"Reveal your true color\",\"publisher\":{\"@id\":\"https:\/\/neoris-eyes.com\/es\/#organization\"},\"potentialAction\":[{\"@type\":\"SearchAction\",\"target\":{\"@type\":\"EntryPoint\",\"urlTemplate\":\"https:\/\/neoris-eyes.com\/es\/?s={search_term_string}\"},\"query-input\":{\"@type\":\"PropertyValueSpecification\",\"valueRequired\":true,\"valueName\":\"search_term_string\"}}],\"inLanguage\":\"es\"},{\"@type\":\"Organization\",\"@id\":\"https:\/\/neoris-eyes.com\/es\/#organization\",\"name\":\"Neoris\",\"url\":\"https:\/\/neoris-eyes.com\/es\/\",\"logo\":{\"@type\":\"ImageObject\",\"inLanguage\":\"es\",\"@id\":\"https:\/\/neoris-eyes.com\/es\/#\/schema\/logo\/image\/\",\"url\":\"https:\/\/neoris-eyes.com\/wp-content\/uploads\/2022\/01\/neoris-footer.png\",\"contentUrl\":\"https:\/\/neoris-eyes.com\/wp-content\/uploads\/2022\/01\/neoris-footer.png\",\"width\":98,\"height\":24,\"caption\":\"Neoris\"},\"image\":{\"@id\":\"https:\/\/neoris-eyes.com\/es\/#\/schema\/logo\/image\/\"}}]}<\/script>\n<!-- \/ Yoast SEO plugin. -->","yoast_head_json":{"title":"Pol\u00edtica de confidencialidad - Neoris","robots":{"index":"index","follow":"follow","max-snippet":"max-snippet:-1","max-image-preview":"max-image-preview:large","max-video-preview":"max-video-preview:-1"},"canonical":"https:\/\/neoris-eyes.com\/es\/politica-de-confidencialidad\/","og_locale":"es_ES","og_type":"article","og_title":"Pol\u00edtica de confidencialidad - Neoris","og_description":"Pol\u00edtica de confidencialidad \u00bfQui\u00e9nes somos? La direcci\u00f3n de nuestro sitio web es : https:\/\/neoris-eyes.com\/es\/ La sociedad editora de este sitio web se denomina NEORIS. Para saber m\u00e1s sobre esta entidad, visite la p\u00e1gina del Aviso legal. Uso de los datos personales recogidos Los datos que usted nos transmite En las distintas comunicaciones con nosotros, puede...","og_url":"https:\/\/neoris-eyes.com\/es\/politica-de-confidencialidad\/","og_site_name":"Neoris","article_modified_time":"2022-08-24T10:11:26+00:00","og_image":[{"width":1562,"height":805,"url":"https:\/\/neoris-eyes.com\/wp-content\/uploads\/2022\/07\/og-image-neoris.png","type":"image\/png"}],"twitter_card":"summary_large_image","twitter_misc":{"Tiempo de lectura":"2 minutos"},"schema":{"@context":"https:\/\/schema.org","@graph":[{"@type":"WebPage","@id":"https:\/\/neoris-eyes.com\/es\/politica-de-confidencialidad\/","url":"https:\/\/neoris-eyes.com\/es\/politica-de-confidencialidad\/","name":"Pol\u00edtica de confidencialidad - Neoris","isPartOf":{"@id":"https:\/\/neoris-eyes.com\/es\/#website"},"datePublished":"2022-03-28T10:23:07+00:00","dateModified":"2022-08-24T10:11:26+00:00","breadcrumb":{"@id":"https:\/\/neoris-eyes.com\/es\/politica-de-confidencialidad\/#breadcrumb"},"inLanguage":"es","potentialAction":[{"@type":"ReadAction","target":["https:\/\/neoris-eyes.com\/es\/politica-de-confidencialidad\/"]}]},{"@type":"BreadcrumbList","@id":"https:\/\/neoris-eyes.com\/es\/politica-de-confidencialidad\/#breadcrumb","itemListElement":[{"@type":"ListItem","position":1,"name":"Accueil","item":"https:\/\/neoris-eyes.com\/es\/"},{"@type":"ListItem","position":2,"name":"Pol\u00edtica de confidencialidad"}]},{"@type":"WebSite","@id":"https:\/\/neoris-eyes.com\/es\/#website","url":"https:\/\/neoris-eyes.com\/es\/","name":"Neoris","description":"Reveal your true color","publisher":{"@id":"https:\/\/neoris-eyes.com\/es\/#organization"},"potentialAction":[{"@type":"SearchAction","target":{"@type":"EntryPoint","urlTemplate":"https:\/\/neoris-eyes.com\/es\/?s={search_term_string}"},"query-input":{"@type":"PropertyValueSpecification","valueRequired":true,"valueName":"search_term_string"}}],"inLanguage":"es"},{"@type":"Organization","@id":"https:\/\/neoris-eyes.com\/es\/#organization","name":"Neoris","url":"https:\/\/neoris-eyes.com\/es\/","logo":{"@type":"ImageObject","inLanguage":"es","@id":"https:\/\/neoris-eyes.com\/es\/#\/schema\/logo\/image\/","url":"https:\/\/neoris-eyes.com\/wp-content\/uploads\/2022\/01\/neoris-footer.png","contentUrl":"https:\/\/neoris-eyes.com\/wp-content\/uploads\/2022\/01\/neoris-footer.png","width":98,"height":24,"caption":"Neoris"},"image":{"@id":"https:\/\/neoris-eyes.com\/es\/#\/schema\/logo\/image\/"}}]}},"taxonomy_info":[],"featured_image_src_large":false,"author_info":{"display_name":"Single Quote","author_link":"https:\/\/neoris-eyes.com\/es\/author\/singlequote\/"},"comment_info":0,"_links":{"self":[{"href":"https:\/\/neoris-eyes.com\/es\/wp-json\/wp\/v2\/pages\/10690","targetHints":{"allow":["GET"]}}],"collection":[{"href":"https:\/\/neoris-eyes.com\/es\/wp-json\/wp\/v2\/pages"}],"about":[{"href":"https:\/\/neoris-eyes.com\/es\/wp-json\/wp\/v2\/types\/page"}],"author":[{"embeddable":true,"href":"https:\/\/neoris-eyes.com\/es\/wp-json\/wp\/v2\/users\/1"}],"replies":[{"embeddable":true,"href":"https:\/\/neoris-eyes.com\/es\/wp-json\/wp\/v2\/comments?post=10690"}],"version-history":[{"count":5,"href":"https:\/\/neoris-eyes.com\/es\/wp-json\/wp\/v2\/pages\/10690\/revisions"}],"predecessor-version":[{"id":12061,"href":"https:\/\/neoris-eyes.com\/es\/wp-json\/wp\/v2\/pages\/10690\/revisions\/12061"}],"wp:attachment":[{"href":"https:\/\/neoris-eyes.com\/es\/wp-json\/wp\/v2\/media?parent=10690"}],"curies":[{"name":"wp","href":"https:\/\/api.w.org\/{rel}","templated":true}]}}