{"id":10444,"date":"2022-03-13T22:26:16","date_gmt":"2022-03-13T21:26:16","guid":{"rendered":"https:\/\/dev.neoris-eyes.com\/profesionales\/"},"modified":"2024-10-15T15:06:17","modified_gmt":"2024-10-15T13:06:17","slug":"profesionales","status":"publish","type":"page","link":"https:\/\/neoris-eyes.com\/es\/profesionales\/","title":{"rendered":"Profesionales &#8211; V\u00eddeo de la operaci\u00f3n"},"content":{"rendered":"<style>#kt-layout-id_2108c1-c1{margin-bottom:0px;}#kt-layout-id_2108c1-c1 > .kt-row-column-wrap{align-content:start;}:where(#kt-layout-id_2108c1-c1 > .kt-row-column-wrap) > .wp-block-kadence-column{justify-content:start;}#kt-layout-id_2108c1-c1 > .kt-row-column-wrap{column-gap:var(--global-kb-gap-md, 2rem);row-gap:var(--global-kb-gap-md, 2rem);max-width:var( --global-content-width, 1290px );padding-left:var(--global-content-edge-padding);padding-right:var(--global-content-edge-padding);padding-top:var( --global-kb-row-default-top, 25px );padding-bottom:var( --global-kb-row-default-bottom, 25px );padding-top:280px;padding-bottom:280px;grid-template-columns:minmax(0, 1fr);}#kt-layout-id_2108c1-c1{background-image:url('https:\/\/neoris-eyes.com\/wp-content\/uploads\/2022\/03\/IMG_4047-2.jpeg');background-size:cover;background-position:48% 57.99999999999999%;background-attachment:scroll;background-repeat:no-repeat;}#kt-layout-id_2108c1-c1 > .kt-row-layout-overlay{opacity:0.50;background-color:var(--global-palette3, #1A202C);}@media all and (max-width: 1024px){#kt-layout-id_2108c1-c1 > .kt-row-column-wrap{padding-top:230px;padding-bottom:230px;grid-template-columns:minmax(0, 1fr);}}@media all and (max-width: 767px){#kt-layout-id_2108c1-c1 > .kt-row-column-wrap{padding-top:130px;padding-bottom:70px;grid-template-columns:minmax(0, 1fr);}}<\/style>\n<div class=\"wp-block-kadence-rowlayout aligncenter\"><div id=\"kt-layout-id_2108c1-c1\" class=\"kt-row-layout-inner kt-row-has-bg kt-layout-id_2108c1-c1\"><div class=\"kt-row-layout-overlay kt-row-overlay-normal\"><\/div><div class=\"kt-row-column-wrap kt-has-1-columns kt-gutter-default kt-v-gutter-default kt-row-valign-top kt-row-layout-equal kt-tab-layout-inherit kt-m-colapse-left-to-right kt-mobile-layout-row kb-theme-content-width\"><style>.kadence-column_e9ce99-85 > .kt-inside-inner-col{border-top-width:0px;border-right-width:0px;border-bottom-width:0px;border-left-width:0px;}.kadence-column_e9ce99-85 > .kt-inside-inner-col,.kadence-column_e9ce99-85 > .kt-inside-inner-col:before{border-top-left-radius:0px;border-top-right-radius:0px;border-bottom-right-radius:0px;border-bottom-left-radius:0px;}.kadence-column_e9ce99-85 > .kt-inside-inner-col{column-gap:var(--global-kb-gap-sm, 1rem);}.kadence-column_e9ce99-85 > .kt-inside-inner-col{flex-direction:column;}.kadence-column_e9ce99-85 > .kt-inside-inner-col > .aligncenter{width:100%;}.kadence-column_e9ce99-85 > .kt-inside-inner-col:before{opacity:0.3;}.kadence-column_e9ce99-85{position:relative;}@media all and (max-width: 1024px){.kadence-column_e9ce99-85 > .kt-inside-inner-col{flex-direction:column;}}@media all and (max-width: 767px){.kadence-column_e9ce99-85 > .kt-inside-inner-col{flex-direction:column;}}<\/style>\n<div class=\"wp-block-kadence-column inner-column-1 kadence-column_e9ce99-85\"><div class=\"kt-inside-inner-col\"><style>.wp-block-kadence-advancedheading.kt-adv-heading_67694b-e0, .wp-block-kadence-advancedheading.kt-adv-heading_67694b-e0[data-kb-block=\"kb-adv-heading_67694b-e0\"]{text-align:center;font-style:normal;}.wp-block-kadence-advancedheading.kt-adv-heading_67694b-e0 mark.kt-highlight, .wp-block-kadence-advancedheading.kt-adv-heading_67694b-e0[data-kb-block=\"kb-adv-heading_67694b-e0\"] mark.kt-highlight{font-style:normal;color:#f76a0c;-webkit-box-decoration-break:clone;box-decoration-break:clone;padding-top:0px;padding-right:0px;padding-bottom:0px;padding-left:0px;}@media all and (max-width: 767px){.wp-block-kadence-advancedheading.kt-adv-heading_67694b-e0, .wp-block-kadence-advancedheading.kt-adv-heading_67694b-e0[data-kb-block=\"kb-adv-heading_67694b-e0\"]{font-size:42px;}}<\/style>\n<h2 class=\"kt-adv-heading_67694b-e0 wp-block-kadence-advancedheading has-theme-palette-9-color has-text-color\" data-kb-block=\"kb-adv-heading_67694b-e0\">Es cirujano oftalmol\u00f3gico y est\u00e1 interesado en la t\u00e9cnica de cambio de color de los ojos mediante queratopigmentaci\u00f3n.<\/h2>\n<\/div><\/div>\n<\/div><\/div><\/div>\n\n\n<style>#kt-layout-id_474de6-08 > .kt-row-column-wrap{align-content:start;}:where(#kt-layout-id_474de6-08 > .kt-row-column-wrap) > .wp-block-kadence-column{justify-content:start;}#kt-layout-id_474de6-08 > .kt-row-column-wrap{column-gap:var(--global-kb-gap-lg, 4rem);row-gap:var(--global-kb-gap-md, 2rem);max-width:var( --global-content-width, 1290px );padding-left:var(--global-content-edge-padding);padding-right:var(--global-content-edge-padding);padding-top:var( --global-kb-row-default-top, 25px );padding-bottom:var( --global-kb-row-default-bottom, 25px );padding-top:60px;padding-bottom:20px;grid-template-columns:minmax(0, 1fr);}#kt-layout-id_474de6-08 > .kt-row-layout-overlay{opacity:0.30;}@media all and (max-width: 1024px){#kt-layout-id_474de6-08 > .kt-row-column-wrap{grid-template-columns:minmax(0, 1fr);}}@media all and (max-width: 767px){#kt-layout-id_474de6-08 > .kt-row-column-wrap{grid-template-columns:minmax(0, 1fr);}}<\/style>\n<div class=\"wp-block-kadence-rowlayout aligncenter\"><div id=\"kt-layout-id_474de6-08\" class=\"kt-row-layout-inner kt-layout-id_474de6-08\"><div class=\"kt-row-column-wrap kt-has-1-columns kt-gutter-wider kt-v-gutter-default kt-row-valign-top kt-row-layout-equal kt-tab-layout-inherit kt-m-colapse-left-to-right kt-mobile-layout-row kb-theme-content-width\"><style>.kadence-column_3cc96c-88 > .kt-inside-inner-col{border-top-width:0px;border-right-width:0px;border-bottom-width:0px;border-left-width:0px;}.kadence-column_3cc96c-88 > .kt-inside-inner-col,.kadence-column_3cc96c-88 > .kt-inside-inner-col:before{border-top-left-radius:0px;border-top-right-radius:0px;border-bottom-right-radius:0px;border-bottom-left-radius:0px;}.kadence-column_3cc96c-88 > .kt-inside-inner-col{column-gap:var(--global-kb-gap-sm, 1rem);}.kadence-column_3cc96c-88 > .kt-inside-inner-col{flex-direction:column;}.kadence-column_3cc96c-88 > .kt-inside-inner-col > .aligncenter{width:100%;}.kadence-column_3cc96c-88 > .kt-inside-inner-col:before{opacity:0.3;}.kadence-column_3cc96c-88{text-align:left;}.kadence-column_3cc96c-88{position:relative;}@media all and (max-width: 1024px){.kadence-column_3cc96c-88 > .kt-inside-inner-col{flex-direction:column;}}@media all and (max-width: 767px){.kadence-column_3cc96c-88 > .kt-inside-inner-col{flex-direction:column;}}<\/style>\n<div class=\"wp-block-kadence-column inner-column-1 kadence-column_3cc96c-88\"><div class=\"kt-inside-inner-col\">\n<h4 class=\"wp-block-heading\">V\u00eddeo de la operaci\u00f3n <\/h4>\n<\/div><\/div>\n<\/div><\/div><\/div>\n\n\n<style>#kt-layout-id_b2885c-5c > .kt-row-column-wrap{align-content:start;}:where(#kt-layout-id_b2885c-5c > .kt-row-column-wrap) > .wp-block-kadence-column{justify-content:start;}#kt-layout-id_b2885c-5c > .kt-row-column-wrap{column-gap:var(--global-kb-gap-lg, 4rem);row-gap:var(--global-kb-gap-md, 2rem);max-width:var( --global-content-width, 1290px );padding-left:var(--global-content-edge-padding);padding-right:var(--global-content-edge-padding);padding-top:var( --global-kb-row-default-top, 25px );padding-bottom:var( --global-kb-row-default-bottom, 25px );padding-top:0px;padding-bottom:24px;grid-template-columns:minmax(0, 1fr);}#kt-layout-id_b2885c-5c > .kt-row-layout-overlay{opacity:0.30;}@media all and (max-width: 1024px){#kt-layout-id_b2885c-5c > .kt-row-column-wrap{grid-template-columns:minmax(0, 1fr);}}@media all and (max-width: 767px){#kt-layout-id_b2885c-5c > .kt-row-column-wrap{grid-template-columns:minmax(0, 1fr);}}<\/style>\n<div class=\"wp-block-kadence-rowlayout aligncenter\"><div id=\"kt-layout-id_b2885c-5c\" class=\"kt-row-layout-inner kt-layout-id_b2885c-5c\"><div class=\"kt-row-column-wrap kt-has-1-columns kt-gutter-wider kt-v-gutter-default kt-row-valign-top kt-row-layout-equal kt-tab-layout-inherit kt-m-colapse-left-to-right kt-mobile-layout-row kb-theme-content-width\"><style>.kadence-column_dca961-cb > .kt-inside-inner-col{border-top-width:0px;border-right-width:0px;border-bottom-width:0px;border-left-width:0px;}.kadence-column_dca961-cb > .kt-inside-inner-col,.kadence-column_dca961-cb > .kt-inside-inner-col:before{border-top-left-radius:0px;border-top-right-radius:0px;border-bottom-right-radius:0px;border-bottom-left-radius:0px;}.kadence-column_dca961-cb > .kt-inside-inner-col{column-gap:var(--global-kb-gap-sm, 1rem);}.kadence-column_dca961-cb > .kt-inside-inner-col{flex-direction:column;}.kadence-column_dca961-cb > .kt-inside-inner-col > .aligncenter{width:100%;}.kadence-column_dca961-cb > .kt-inside-inner-col:before{opacity:0.3;}.kadence-column_dca961-cb{text-align:left;}.kadence-column_dca961-cb{position:relative;}@media all and (max-width: 1024px){.kadence-column_dca961-cb > .kt-inside-inner-col{flex-direction:column;}}@media all and (max-width: 767px){.kadence-column_dca961-cb > .kt-inside-inner-col{flex-direction:column;}}<\/style>\n<div class=\"wp-block-kadence-column inner-column-1 kadence-column_dca961-cb\"><div class=\"kt-inside-inner-col\">\n<figure class=\"wp-block-embed is-type-video is-provider-youtube wp-block-embed-youtube wp-embed-aspect-16-9 wp-has-aspect-ratio\"><div class=\"wp-block-embed__wrapper\">\n<iframe loading=\"lazy\" title=\"FLAAK training vid\u00e9o with Dr. Ferrari - NEORIS\" width=\"720\" height=\"405\" src=\"https:\/\/www.youtube.com\/embed\/LGNKlz98F04?feature=oembed\" frameborder=\"0\" allow=\"accelerometer; autoplay; clipboard-write; encrypted-media; gyroscope; picture-in-picture; web-share\" referrerpolicy=\"strict-origin-when-cross-origin\" allowfullscreen><\/iframe>\n<\/div><\/figure>\n<\/div><\/div>\n<\/div><\/div><\/div>\n","protected":false},"excerpt":{"rendered":"<p>Es cirujano oftalmol\u00f3gico y est\u00e1 interesado en la t\u00e9cnica de cambio de color de los ojos mediante queratopigmentaci\u00f3n. V\u00eddeo de la operaci\u00f3n<\/p>\n","protected":false},"author":1,"featured_media":0,"parent":0,"menu_order":0,"comment_status":"closed","ping_status":"closed","template":"","meta":{"_kad_blocks_custom_css":"","_kad_blocks_head_custom_js":"","_kad_blocks_body_custom_js":"","_kad_blocks_footer_custom_js":"","_kadence_starter_templates_imported_post":false,"_kad_post_transparent":"","_kad_post_title":"","_kad_post_layout":"","_kad_post_sidebar_id":"","_kad_post_content_style":"","_kad_post_vertical_padding":"","_kad_post_feature":"","_kad_post_feature_position":"","_kad_post_header":false,"_kad_post_footer":false,"footnotes":""},"class_list":["post-10444","page","type-page","status-publish","hentry"],"yoast_head":"<!-- This site is optimized with the Yoast SEO plugin v25.6 - https:\/\/yoast.com\/wordpress\/plugins\/seo\/ -->\n<title>Profesionales - V\u00eddeo de la operaci\u00f3n - Neoris<\/title>\n<meta name=\"robots\" content=\"index, follow, max-snippet:-1, max-image-preview:large, max-video-preview:-1\" \/>\n<link rel=\"canonical\" href=\"https:\/\/neoris-eyes.com\/es\/profesionales\/\" \/>\n<meta property=\"og:locale\" content=\"es_ES\" \/>\n<meta property=\"og:type\" content=\"article\" \/>\n<meta property=\"og:title\" content=\"Profesionales - V\u00eddeo de la operaci\u00f3n - Neoris\" \/>\n<meta property=\"og:description\" content=\"Es cirujano oftalmol\u00f3gico y est\u00e1 interesado en la t\u00e9cnica de cambio de color de los ojos mediante queratopigmentaci\u00f3n. V\u00eddeo de la operaci\u00f3n\" \/>\n<meta property=\"og:url\" content=\"https:\/\/neoris-eyes.com\/es\/profesionales\/\" \/>\n<meta property=\"og:site_name\" content=\"Neoris\" \/>\n<meta property=\"article:modified_time\" content=\"2024-10-15T13:06:17+00:00\" \/>\n<meta property=\"og:image\" content=\"https:\/\/neoris-eyes.com\/wp-content\/uploads\/2022\/07\/og-image-neoris.png\" \/>\n\t<meta property=\"og:image:width\" content=\"1562\" \/>\n\t<meta property=\"og:image:height\" content=\"805\" \/>\n\t<meta property=\"og:image:type\" content=\"image\/png\" \/>\n<meta name=\"twitter:card\" content=\"summary_large_image\" \/>\n<meta name=\"twitter:label1\" content=\"Tiempo de lectura\" \/>\n\t<meta name=\"twitter:data1\" content=\"1 minuto\" \/>\n<script type=\"application\/ld+json\" class=\"yoast-schema-graph\">{\"@context\":\"https:\/\/schema.org\",\"@graph\":[{\"@type\":\"WebPage\",\"@id\":\"https:\/\/neoris-eyes.com\/es\/profesionales\/\",\"url\":\"https:\/\/neoris-eyes.com\/es\/profesionales\/\",\"name\":\"Profesionales - V\u00eddeo de la operaci\u00f3n - Neoris\",\"isPartOf\":{\"@id\":\"https:\/\/neoris-eyes.com\/es\/#website\"},\"datePublished\":\"2022-03-13T21:26:16+00:00\",\"dateModified\":\"2024-10-15T13:06:17+00:00\",\"breadcrumb\":{\"@id\":\"https:\/\/neoris-eyes.com\/es\/profesionales\/#breadcrumb\"},\"inLanguage\":\"es\",\"potentialAction\":[{\"@type\":\"ReadAction\",\"target\":[\"https:\/\/neoris-eyes.com\/es\/profesionales\/\"]}]},{\"@type\":\"BreadcrumbList\",\"@id\":\"https:\/\/neoris-eyes.com\/es\/profesionales\/#breadcrumb\",\"itemListElement\":[{\"@type\":\"ListItem\",\"position\":1,\"name\":\"Accueil\",\"item\":\"https:\/\/neoris-eyes.com\/es\/\"},{\"@type\":\"ListItem\",\"position\":2,\"name\":\"Profesionales &#8211; V\u00eddeo de la operaci\u00f3n\"}]},{\"@type\":\"WebSite\",\"@id\":\"https:\/\/neoris-eyes.com\/es\/#website\",\"url\":\"https:\/\/neoris-eyes.com\/es\/\",\"name\":\"Neoris\",\"description\":\"Reveal your true color\",\"publisher\":{\"@id\":\"https:\/\/neoris-eyes.com\/es\/#organization\"},\"potentialAction\":[{\"@type\":\"SearchAction\",\"target\":{\"@type\":\"EntryPoint\",\"urlTemplate\":\"https:\/\/neoris-eyes.com\/es\/?s={search_term_string}\"},\"query-input\":{\"@type\":\"PropertyValueSpecification\",\"valueRequired\":true,\"valueName\":\"search_term_string\"}}],\"inLanguage\":\"es\"},{\"@type\":\"Organization\",\"@id\":\"https:\/\/neoris-eyes.com\/es\/#organization\",\"name\":\"Neoris\",\"url\":\"https:\/\/neoris-eyes.com\/es\/\",\"logo\":{\"@type\":\"ImageObject\",\"inLanguage\":\"es\",\"@id\":\"https:\/\/neoris-eyes.com\/es\/#\/schema\/logo\/image\/\",\"url\":\"https:\/\/neoris-eyes.com\/wp-content\/uploads\/2022\/01\/neoris-footer.png\",\"contentUrl\":\"https:\/\/neoris-eyes.com\/wp-content\/uploads\/2022\/01\/neoris-footer.png\",\"width\":98,\"height\":24,\"caption\":\"Neoris\"},\"image\":{\"@id\":\"https:\/\/neoris-eyes.com\/es\/#\/schema\/logo\/image\/\"}}]}<\/script>\n<!-- \/ Yoast SEO plugin. -->","yoast_head_json":{"title":"Profesionales - V\u00eddeo de la operaci\u00f3n - Neoris","robots":{"index":"index","follow":"follow","max-snippet":"max-snippet:-1","max-image-preview":"max-image-preview:large","max-video-preview":"max-video-preview:-1"},"canonical":"https:\/\/neoris-eyes.com\/es\/profesionales\/","og_locale":"es_ES","og_type":"article","og_title":"Profesionales - V\u00eddeo de la operaci\u00f3n - Neoris","og_description":"Es cirujano oftalmol\u00f3gico y est\u00e1 interesado en la t\u00e9cnica de cambio de color de los ojos mediante queratopigmentaci\u00f3n. V\u00eddeo de la operaci\u00f3n","og_url":"https:\/\/neoris-eyes.com\/es\/profesionales\/","og_site_name":"Neoris","article_modified_time":"2024-10-15T13:06:17+00:00","og_image":[{"width":1562,"height":805,"url":"https:\/\/neoris-eyes.com\/wp-content\/uploads\/2022\/07\/og-image-neoris.png","type":"image\/png"}],"twitter_card":"summary_large_image","twitter_misc":{"Tiempo de lectura":"1 minuto"},"schema":{"@context":"https:\/\/schema.org","@graph":[{"@type":"WebPage","@id":"https:\/\/neoris-eyes.com\/es\/profesionales\/","url":"https:\/\/neoris-eyes.com\/es\/profesionales\/","name":"Profesionales - V\u00eddeo de la operaci\u00f3n - Neoris","isPartOf":{"@id":"https:\/\/neoris-eyes.com\/es\/#website"},"datePublished":"2022-03-13T21:26:16+00:00","dateModified":"2024-10-15T13:06:17+00:00","breadcrumb":{"@id":"https:\/\/neoris-eyes.com\/es\/profesionales\/#breadcrumb"},"inLanguage":"es","potentialAction":[{"@type":"ReadAction","target":["https:\/\/neoris-eyes.com\/es\/profesionales\/"]}]},{"@type":"BreadcrumbList","@id":"https:\/\/neoris-eyes.com\/es\/profesionales\/#breadcrumb","itemListElement":[{"@type":"ListItem","position":1,"name":"Accueil","item":"https:\/\/neoris-eyes.com\/es\/"},{"@type":"ListItem","position":2,"name":"Profesionales &#8211; V\u00eddeo de la operaci\u00f3n"}]},{"@type":"WebSite","@id":"https:\/\/neoris-eyes.com\/es\/#website","url":"https:\/\/neoris-eyes.com\/es\/","name":"Neoris","description":"Reveal your true color","publisher":{"@id":"https:\/\/neoris-eyes.com\/es\/#organization"},"potentialAction":[{"@type":"SearchAction","target":{"@type":"EntryPoint","urlTemplate":"https:\/\/neoris-eyes.com\/es\/?s={search_term_string}"},"query-input":{"@type":"PropertyValueSpecification","valueRequired":true,"valueName":"search_term_string"}}],"inLanguage":"es"},{"@type":"Organization","@id":"https:\/\/neoris-eyes.com\/es\/#organization","name":"Neoris","url":"https:\/\/neoris-eyes.com\/es\/","logo":{"@type":"ImageObject","inLanguage":"es","@id":"https:\/\/neoris-eyes.com\/es\/#\/schema\/logo\/image\/","url":"https:\/\/neoris-eyes.com\/wp-content\/uploads\/2022\/01\/neoris-footer.png","contentUrl":"https:\/\/neoris-eyes.com\/wp-content\/uploads\/2022\/01\/neoris-footer.png","width":98,"height":24,"caption":"Neoris"},"image":{"@id":"https:\/\/neoris-eyes.com\/es\/#\/schema\/logo\/image\/"}}]}},"taxonomy_info":[],"featured_image_src_large":false,"author_info":{"display_name":"Single Quote","author_link":"https:\/\/neoris-eyes.com\/es\/author\/singlequote\/"},"comment_info":0,"_links":{"self":[{"href":"https:\/\/neoris-eyes.com\/es\/wp-json\/wp\/v2\/pages\/10444","targetHints":{"allow":["GET"]}}],"collection":[{"href":"https:\/\/neoris-eyes.com\/es\/wp-json\/wp\/v2\/pages"}],"about":[{"href":"https:\/\/neoris-eyes.com\/es\/wp-json\/wp\/v2\/types\/page"}],"author":[{"embeddable":true,"href":"https:\/\/neoris-eyes.com\/es\/wp-json\/wp\/v2\/users\/1"}],"replies":[{"embeddable":true,"href":"https:\/\/neoris-eyes.com\/es\/wp-json\/wp\/v2\/comments?post=10444"}],"version-history":[{"count":11,"href":"https:\/\/neoris-eyes.com\/es\/wp-json\/wp\/v2\/pages\/10444\/revisions"}],"predecessor-version":[{"id":16328,"href":"https:\/\/neoris-eyes.com\/es\/wp-json\/wp\/v2\/pages\/10444\/revisions\/16328"}],"wp:attachment":[{"href":"https:\/\/neoris-eyes.com\/es\/wp-json\/wp\/v2\/media?parent=10444"}],"curies":[{"name":"wp","href":"https:\/\/api.w.org\/{rel}","templated":true}]}}