{"id":11444,"date":"2022-06-29T14:22:15","date_gmt":"2022-06-29T12:22:15","guid":{"rendered":"https:\/\/dev.neoris-eyes.com\/?page_id=11444"},"modified":"2022-10-19T11:08:33","modified_gmt":"2022-10-19T09:08:33","slug":"wissenschaftliche-veroeffentlichungen","status":"publish","type":"page","link":"https:\/\/neoris-eyes.com\/de\/wissenschaftliche-veroeffentlichungen\/","title":{"rendered":"Wissenschaftliche Ver\u00f6ffentlichungen"},"content":{"rendered":"<style>#kt-layout-id_ff3b2e-d2{margin-bottom:0px;}#kt-layout-id_ff3b2e-d2 > .kt-row-column-wrap{align-content:start;}:where(#kt-layout-id_ff3b2e-d2 > .kt-row-column-wrap) > .wp-block-kadence-column{justify-content:start;}#kt-layout-id_ff3b2e-d2 > .kt-row-column-wrap{column-gap:var(--global-kb-gap-md, 2rem);row-gap:var(--global-kb-gap-md, 2rem);max-width:var( --global-content-width, 1290px );padding-left:var(--global-content-edge-padding);padding-right:var(--global-content-edge-padding);padding-top:var( --global-kb-row-default-top, 25px );padding-bottom:var( --global-kb-row-default-bottom, 25px );padding-top:280px;padding-bottom:280px;grid-template-columns:minmax(0, 1fr);}#kt-layout-id_ff3b2e-d2{background-image:url('https:\/\/neoris-eyes.com\/wp-content\/uploads\/2022\/06\/shutterstock_1274296330-scaled.jpg');background-size:cover;background-position:49% 47%;background-attachment:scroll;background-repeat:no-repeat;}#kt-layout-id_ff3b2e-d2 > .kt-row-layout-overlay{opacity:0.20;background-color:var(--global-palette3, #1A202C);}@media all and (max-width: 1024px){#kt-layout-id_ff3b2e-d2 > .kt-row-column-wrap{padding-top:230px;padding-bottom:230px;grid-template-columns:minmax(0, 1fr);}}@media all and (max-width: 767px){#kt-layout-id_ff3b2e-d2 > .kt-row-column-wrap{padding-top:130px;padding-bottom:70px;grid-template-columns:minmax(0, 1fr);}}<\/style>\n<div class=\"wp-block-kadence-rowlayout aligncenter\"><div id=\"kt-layout-id_ff3b2e-d2\" class=\"kt-row-layout-inner kt-row-has-bg kt-layout-id_ff3b2e-d2\"><div class=\"kt-row-layout-overlay kt-row-overlay-normal\"><\/div><div class=\"kt-row-column-wrap kt-has-1-columns kt-gutter-default kt-v-gutter-default kt-row-valign-top kt-row-layout-equal kt-tab-layout-inherit kt-m-colapse-left-to-right kt-mobile-layout-row kb-theme-content-width\"><style>.kadence-column_1bc09c-58 > .kt-inside-inner-col{border-top-width:0px;border-right-width:0px;border-bottom-width:0px;border-left-width:0px;}.kadence-column_1bc09c-58 > .kt-inside-inner-col,.kadence-column_1bc09c-58 > .kt-inside-inner-col:before{border-top-left-radius:0px;border-top-right-radius:0px;border-bottom-right-radius:0px;border-bottom-left-radius:0px;}.kadence-column_1bc09c-58 > .kt-inside-inner-col{column-gap:var(--global-kb-gap-sm, 1rem);}.kadence-column_1bc09c-58 > .kt-inside-inner-col{flex-direction:column;}.kadence-column_1bc09c-58 > .kt-inside-inner-col > .aligncenter{width:100%;}.kadence-column_1bc09c-58 > .kt-inside-inner-col:before{opacity:0.3;}.kadence-column_1bc09c-58{position:relative;}@media all and (max-width: 1024px){.kadence-column_1bc09c-58 > .kt-inside-inner-col{flex-direction:column;}}@media all and (max-width: 767px){.kadence-column_1bc09c-58 > .kt-inside-inner-col{flex-direction:column;}}<\/style>\n<div class=\"wp-block-kadence-column inner-column-1 kadence-column_1bc09c-58\"><div class=\"kt-inside-inner-col\"><style>.wp-block-kadence-advancedheading.kt-adv-heading_e0b8b2-31, .wp-block-kadence-advancedheading.kt-adv-heading_e0b8b2-31[data-kb-block=\"kb-adv-heading_e0b8b2-31\"]{text-align:center;font-style:normal;}.wp-block-kadence-advancedheading.kt-adv-heading_e0b8b2-31 mark.kt-highlight, .wp-block-kadence-advancedheading.kt-adv-heading_e0b8b2-31[data-kb-block=\"kb-adv-heading_e0b8b2-31\"] mark.kt-highlight{font-style:normal;color:#f76a0c;-webkit-box-decoration-break:clone;box-decoration-break:clone;padding-top:0px;padding-right:0px;padding-bottom:0px;padding-left:0px;}@media all and (max-width: 767px){.wp-block-kadence-advancedheading.kt-adv-heading_e0b8b2-31, .wp-block-kadence-advancedheading.kt-adv-heading_e0b8b2-31[data-kb-block=\"kb-adv-heading_e0b8b2-31\"]{font-size:42px;}}<\/style>\n<h1 class=\"kt-adv-heading_e0b8b2-31 wp-block-kadence-advancedheading has-theme-palette-9-color has-text-color\" data-kb-block=\"kb-adv-heading_e0b8b2-31\">Wissenschaftliche Ver\u00f6ffentlichungen<\/h1>\n<\/div><\/div>\n<\/div><\/div><\/div>\n<style>#kt-layout-id_b7349d-f9 > .kt-row-column-wrap{align-content:start;}:where(#kt-layout-id_b7349d-f9 > .kt-row-column-wrap) > .wp-block-kadence-column{justify-content:start;}#kt-layout-id_b7349d-f9 > .kt-row-column-wrap{column-gap:var(--global-kb-gap-md, 2rem);row-gap:var(--global-kb-gap-md, 2rem);max-width:var( --global-content-width, 1290px );padding-left:var(--global-content-edge-padding);padding-right:var(--global-content-edge-padding);padding-top:var( --global-kb-row-default-top, 25px );padding-bottom:var( --global-kb-row-default-bottom, 25px );padding-top:80px;padding-bottom:80px;grid-template-columns:minmax(0, 1fr);}#kt-layout-id_b7349d-f9 > .kt-row-layout-overlay{opacity:0.30;}@media all and (max-width: 1024px){#kt-layout-id_b7349d-f9 > .kt-row-column-wrap{grid-template-columns:minmax(0, 1fr);}}@media all and (max-width: 767px){#kt-layout-id_b7349d-f9 > .kt-row-column-wrap{grid-template-columns:minmax(0, 1fr);}}<\/style>\n<div class=\"wp-block-kadence-rowlayout alignnone\"><div id=\"kt-layout-id_b7349d-f9\" class=\"kt-row-layout-inner kt-layout-id_b7349d-f9\"><div class=\"kt-row-column-wrap kt-has-1-columns kt-gutter-default kt-v-gutter-default kt-row-valign-top kt-row-layout-equal kt-tab-layout-inherit kt-m-colapse-left-to-right kt-mobile-layout-row kb-theme-content-width\"><style>.kadence-column_668b46-2b > .kt-inside-inner-col{border-top-width:0px;border-right-width:0px;border-bottom-width:0px;border-left-width:0px;}.kadence-column_668b46-2b > .kt-inside-inner-col,.kadence-column_668b46-2b > .kt-inside-inner-col:before{border-top-left-radius:0px;border-top-right-radius:0px;border-bottom-right-radius:0px;border-bottom-left-radius:0px;}.kadence-column_668b46-2b > .kt-inside-inner-col{column-gap:var(--global-kb-gap-sm, 1rem);}.kadence-column_668b46-2b > .kt-inside-inner-col{flex-direction:column;}.kadence-column_668b46-2b > .kt-inside-inner-col > .aligncenter{width:100%;}.kadence-column_668b46-2b > .kt-inside-inner-col:before{opacity:0.3;}.kadence-column_668b46-2b{position:relative;}@media all and (max-width: 1024px){.kadence-column_668b46-2b > .kt-inside-inner-col{flex-direction:column;}}@media all and (max-width: 767px){.kadence-column_668b46-2b > .kt-inside-inner-col{flex-direction:column;}}<\/style>\n<div class=\"wp-block-kadence-column inner-column-1 kadence-column_668b46-2b\"><div class=\"kt-inside-inner-col\"><div class=\"wp-block-kadence-posts kb-posts kb-posts-id-_187be3-8e content-wrap grid-cols kb-posts-style-boxed grid-sm-col-1 grid-lg-col-1 item-image-style-beside\"><article class=\"entry content-bg loop-entry post-13386 post type-post status-publish format-standard has-post-thumbnail hentry category-augen category-wissenschaftliche-veroffentlichungen tag-keratopigmentation-de tag-pflege tag-prufungen\">\n\t\t\t<a class=\"post-thumbnail kadence-thumbnail-ratio-2-3\" href=\"https:\/\/neoris-eyes.com\/de\/augenpflege-nach-keratopigmentierung\/\">\n\t\t\t<div class=\"post-thumbnail-inner\">\n\t\t\t\t<img loading=\"lazy\" decoding=\"async\" width=\"768\" height=\"1024\" src=\"https:\/\/neoris-eyes.com\/wp-content\/uploads\/2022\/11\/jonathan-taylor-q_zn_tL-A-A-unsplash-768x1024.jpg\" class=\"attachment-medium_large size-medium_large wp-post-image\" alt=\"yeux verts\" srcset=\"https:\/\/neoris-eyes.com\/wp-content\/uploads\/2022\/11\/jonathan-taylor-q_zn_tL-A-A-unsplash-768x1024.jpg 768w, https:\/\/neoris-eyes.com\/wp-content\/uploads\/2022\/11\/jonathan-taylor-q_zn_tL-A-A-unsplash-225x300.jpg 225w, https:\/\/neoris-eyes.com\/wp-content\/uploads\/2022\/11\/jonathan-taylor-q_zn_tL-A-A-unsplash-1152x1536.jpg 1152w, https:\/\/neoris-eyes.com\/wp-content\/uploads\/2022\/11\/jonathan-taylor-q_zn_tL-A-A-unsplash-1536x2048.jpg 1536w, https:\/\/neoris-eyes.com\/wp-content\/uploads\/2022\/11\/jonathan-taylor-q_zn_tL-A-A-unsplash-scaled.jpg 1920w\" sizes=\"auto, (max-width: 768px) 100vw, 768px\" \/>\t\t\t<\/div>\n\t\t<\/a><!-- .post-thumbnail -->\n\t\t\t<div class=\"entry-content-wrap\">\n\t\t<header class=\"entry-header\">\n\t\t<div class=\"entry-taxonomies\">\n\t\t<span class=\"category-links term-links category-style-normal\">\n\t\t\t<a href=\"https:\/\/neoris-eyes.com\/de\/category\/augen\/\" rel=\"category tag\">Alles \u00fcber Augen wissen<\/a> | <a href=\"https:\/\/neoris-eyes.com\/de\/category\/wissenschaftliche-veroffentlichungen\/\" rel=\"category tag\">Wissenschaftliche Ver\u00f6ffentlichungen<\/a>\t\t<\/span>\n\t<\/div><!-- .entry-taxonomies -->\n\t<h2 class=\"entry-title\"><a href=\"https:\/\/neoris-eyes.com\/de\/augenpflege-nach-keratopigmentierung\/\" rel=\"bookmark\">Augenpflege nach Keratopigmentierung<\/a><\/h2>\t<div class=\"entry-meta entry-meta-divider-dot\">\n\t\t<\/div><!-- .entry-meta -->\n\t<\/header><!-- .entry-header -->\n\t<div class=\"entry-summary\">\n\t\t<p>Es ist von nun an m\u00f6glich, die Augenfarbe chirurgisch zu ver\u00e4ndern,&#13; Und zwar ohne die M\u00f6glichkeit eines Augenarztes zu beeintr\u00e4chtigen, nach der Keratopigmentierung Augenbehandlungen durchzuf\u00fchren. Das Verfahren geht auf das&#8230;<\/p>\n\t<\/div><!-- .entry-summary -->\n\t<footer class=\"entry-footer\">\n\t\t\t<div class=\"entry-actions\">\n\t\t\t<p class=\"more-link-wrap\">\n\t\t\t\t<a href=\"https:\/\/neoris-eyes.com\/de\/augenpflege-nach-keratopigmentierung\/\" class=\"post-more-link\">\n\t\t\t\t\tWeiterlesen<span class=\"screen-reader-text\"> Augenpflege nach Keratopigmentierung<\/span><span class=\"kadence-svg-iconset svg-baseline\"><svg aria-hidden=\"true\" class=\"kadence-svg-icon kadence-arrow-right-alt-svg\" fill=\"currentColor\" version=\"1.1\" xmlns=\"http:\/\/www.w3.org\/2000\/svg\" width=\"27\" height=\"28\" viewBox=\"0 0 27 28\"><title>Weiter<\/title><path d=\"M27 13.953c0 0.141-0.063 0.281-0.156 0.375l-6 5.531c-0.156 0.141-0.359 0.172-0.547 0.094-0.172-0.078-0.297-0.25-0.297-0.453v-3.5h-19.5c-0.281 0-0.5-0.219-0.5-0.5v-3c0-0.281 0.219-0.5 0.5-0.5h19.5v-3.5c0-0.203 0.109-0.375 0.297-0.453s0.391-0.047 0.547 0.078l6 5.469c0.094 0.094 0.156 0.219 0.156 0.359v0z\"><\/path>\n\t\t\t<\/svg><\/span>\t\t\t\t<\/a>\n\t\t\t<\/p>\n\t\t<\/div><!-- .entry-actions -->\n\t\t<\/footer><!-- .entry-footer -->\t<\/div>\n<\/article>\n<\/div><\/div><\/div>\n<\/div><\/div><\/div>\n","protected":false},"excerpt":{"rendered":"<p>Wissenschaftliche Ver\u00f6ffentlichungen<\/p>\n","protected":false},"author":1,"featured_media":11602,"parent":0,"menu_order":0,"comment_status":"closed","ping_status":"closed","template":"","meta":{"_kad_blocks_custom_css":"","_kad_blocks_head_custom_js":"","_kad_blocks_body_custom_js":"","_kad_blocks_footer_custom_js":"","_kadence_starter_templates_imported_post":false,"_kad_post_transparent":"","_kad_post_title":"","_kad_post_layout":"","_kad_post_sidebar_id":"","_kad_post_content_style":"","_kad_post_vertical_padding":"","_kad_post_feature":"","_kad_post_feature_position":"","_kad_post_header":false,"_kad_post_footer":false,"footnotes":""},"class_list":["post-11444","page","type-page","status-publish","has-post-thumbnail","hentry"],"yoast_head":"<!-- This site is optimized with the Yoast SEO plugin v25.6 - https:\/\/yoast.com\/wordpress\/plugins\/seo\/ -->\n<title>Unsere Wissenschaftliche Ver\u00f6ffentlichungen | Neoris Eyes<\/title>\n<meta name=\"description\" content=\"Freie und kostenlose Konsultation von ver\u00f6ffentlichten wissenschaftlichen Publikationen \u00fcber \u00e4sthetische ringf\u00f6rmige Keratopigmentierung und verwandte Themen.\" \/>\n<meta name=\"robots\" content=\"index, follow, max-snippet:-1, max-image-preview:large, max-video-preview:-1\" \/>\n<link rel=\"canonical\" href=\"https:\/\/neoris-eyes.com\/de\/wissenschaftliche-veroeffentlichungen\/\" \/>\n<meta property=\"og:locale\" content=\"de_DE\" \/>\n<meta property=\"og:type\" content=\"article\" \/>\n<meta property=\"og:title\" content=\"Unsere Wissenschaftliche Ver\u00f6ffentlichungen | Neoris Eyes\" \/>\n<meta property=\"og:description\" content=\"Freie und kostenlose Konsultation von ver\u00f6ffentlichten wissenschaftlichen Publikationen \u00fcber \u00e4sthetische ringf\u00f6rmige Keratopigmentierung und verwandte Themen.\" \/>\n<meta property=\"og:url\" content=\"https:\/\/neoris-eyes.com\/de\/wissenschaftliche-veroeffentlichungen\/\" \/>\n<meta property=\"og:site_name\" content=\"Neoris\" \/>\n<meta property=\"article:modified_time\" content=\"2022-10-19T09:08:33+00:00\" \/>\n<meta property=\"og:image\" content=\"https:\/\/neoris-eyes.com\/wp-content\/uploads\/2022\/06\/shutterstock_1274296330-scaled.jpg\" \/>\n\t<meta property=\"og:image:width\" content=\"2560\" \/>\n\t<meta property=\"og:image:height\" content=\"1709\" \/>\n\t<meta property=\"og:image:type\" content=\"image\/jpeg\" \/>\n<meta name=\"twitter:card\" content=\"summary_large_image\" \/>\n<script type=\"application\/ld+json\" class=\"yoast-schema-graph\">{\"@context\":\"https:\/\/schema.org\",\"@graph\":[{\"@type\":\"WebPage\",\"@id\":\"https:\/\/neoris-eyes.com\/de\/wissenschaftliche-veroeffentlichungen\/\",\"url\":\"https:\/\/neoris-eyes.com\/de\/wissenschaftliche-veroeffentlichungen\/\",\"name\":\"Unsere Wissenschaftliche Ver\u00f6ffentlichungen | Neoris Eyes\",\"isPartOf\":{\"@id\":\"https:\/\/neoris-eyes.com\/de\/#website\"},\"primaryImageOfPage\":{\"@id\":\"https:\/\/neoris-eyes.com\/de\/wissenschaftliche-veroeffentlichungen\/#primaryimage\"},\"image\":{\"@id\":\"https:\/\/neoris-eyes.com\/de\/wissenschaftliche-veroeffentlichungen\/#primaryimage\"},\"thumbnailUrl\":\"https:\/\/neoris-eyes.com\/wp-content\/uploads\/2022\/06\/shutterstock_1274296330-scaled.jpg\",\"datePublished\":\"2022-06-29T12:22:15+00:00\",\"dateModified\":\"2022-10-19T09:08:33+00:00\",\"description\":\"Freie und kostenlose Konsultation von ver\u00f6ffentlichten wissenschaftlichen Publikationen \u00fcber \u00e4sthetische ringf\u00f6rmige Keratopigmentierung und verwandte Themen.\",\"breadcrumb\":{\"@id\":\"https:\/\/neoris-eyes.com\/de\/wissenschaftliche-veroeffentlichungen\/#breadcrumb\"},\"inLanguage\":\"de\",\"potentialAction\":[{\"@type\":\"ReadAction\",\"target\":[\"https:\/\/neoris-eyes.com\/de\/wissenschaftliche-veroeffentlichungen\/\"]}]},{\"@type\":\"ImageObject\",\"inLanguage\":\"de\",\"@id\":\"https:\/\/neoris-eyes.com\/de\/wissenschaftliche-veroeffentlichungen\/#primaryimage\",\"url\":\"https:\/\/neoris-eyes.com\/wp-content\/uploads\/2022\/06\/shutterstock_1274296330-scaled.jpg\",\"contentUrl\":\"https:\/\/neoris-eyes.com\/wp-content\/uploads\/2022\/06\/shutterstock_1274296330-scaled.jpg\",\"width\":2560,\"height\":1709},{\"@type\":\"BreadcrumbList\",\"@id\":\"https:\/\/neoris-eyes.com\/de\/wissenschaftliche-veroeffentlichungen\/#breadcrumb\",\"itemListElement\":[{\"@type\":\"ListItem\",\"position\":1,\"name\":\"Accueil\",\"item\":\"https:\/\/neoris-eyes.com\/de\/\"},{\"@type\":\"ListItem\",\"position\":2,\"name\":\"Wissenschaftliche Ver\u00f6ffentlichungen\"}]},{\"@type\":\"WebSite\",\"@id\":\"https:\/\/neoris-eyes.com\/de\/#website\",\"url\":\"https:\/\/neoris-eyes.com\/de\/\",\"name\":\"Neoris\",\"description\":\"Reveal your true color\",\"publisher\":{\"@id\":\"https:\/\/neoris-eyes.com\/de\/#organization\"},\"potentialAction\":[{\"@type\":\"SearchAction\",\"target\":{\"@type\":\"EntryPoint\",\"urlTemplate\":\"https:\/\/neoris-eyes.com\/de\/?s={search_term_string}\"},\"query-input\":{\"@type\":\"PropertyValueSpecification\",\"valueRequired\":true,\"valueName\":\"search_term_string\"}}],\"inLanguage\":\"de\"},{\"@type\":\"Organization\",\"@id\":\"https:\/\/neoris-eyes.com\/de\/#organization\",\"name\":\"Neoris\",\"url\":\"https:\/\/neoris-eyes.com\/de\/\",\"logo\":{\"@type\":\"ImageObject\",\"inLanguage\":\"de\",\"@id\":\"https:\/\/neoris-eyes.com\/de\/#\/schema\/logo\/image\/\",\"url\":\"https:\/\/neoris-eyes.com\/wp-content\/uploads\/2022\/01\/neoris-footer.png\",\"contentUrl\":\"https:\/\/neoris-eyes.com\/wp-content\/uploads\/2022\/01\/neoris-footer.png\",\"width\":98,\"height\":24,\"caption\":\"Neoris\"},\"image\":{\"@id\":\"https:\/\/neoris-eyes.com\/de\/#\/schema\/logo\/image\/\"}}]}<\/script>\n<!-- \/ Yoast SEO plugin. -->","yoast_head_json":{"title":"Unsere Wissenschaftliche Ver\u00f6ffentlichungen | Neoris Eyes","description":"Freie und kostenlose Konsultation von ver\u00f6ffentlichten wissenschaftlichen Publikationen \u00fcber \u00e4sthetische ringf\u00f6rmige Keratopigmentierung und verwandte Themen.","robots":{"index":"index","follow":"follow","max-snippet":"max-snippet:-1","max-image-preview":"max-image-preview:large","max-video-preview":"max-video-preview:-1"},"canonical":"https:\/\/neoris-eyes.com\/de\/wissenschaftliche-veroeffentlichungen\/","og_locale":"de_DE","og_type":"article","og_title":"Unsere Wissenschaftliche Ver\u00f6ffentlichungen | Neoris Eyes","og_description":"Freie und kostenlose Konsultation von ver\u00f6ffentlichten wissenschaftlichen Publikationen \u00fcber \u00e4sthetische ringf\u00f6rmige Keratopigmentierung und verwandte Themen.","og_url":"https:\/\/neoris-eyes.com\/de\/wissenschaftliche-veroeffentlichungen\/","og_site_name":"Neoris","article_modified_time":"2022-10-19T09:08:33+00:00","og_image":[{"width":2560,"height":1709,"url":"https:\/\/neoris-eyes.com\/wp-content\/uploads\/2022\/06\/shutterstock_1274296330-scaled.jpg","type":"image\/jpeg"}],"twitter_card":"summary_large_image","schema":{"@context":"https:\/\/schema.org","@graph":[{"@type":"WebPage","@id":"https:\/\/neoris-eyes.com\/de\/wissenschaftliche-veroeffentlichungen\/","url":"https:\/\/neoris-eyes.com\/de\/wissenschaftliche-veroeffentlichungen\/","name":"Unsere Wissenschaftliche Ver\u00f6ffentlichungen | Neoris Eyes","isPartOf":{"@id":"https:\/\/neoris-eyes.com\/de\/#website"},"primaryImageOfPage":{"@id":"https:\/\/neoris-eyes.com\/de\/wissenschaftliche-veroeffentlichungen\/#primaryimage"},"image":{"@id":"https:\/\/neoris-eyes.com\/de\/wissenschaftliche-veroeffentlichungen\/#primaryimage"},"thumbnailUrl":"https:\/\/neoris-eyes.com\/wp-content\/uploads\/2022\/06\/shutterstock_1274296330-scaled.jpg","datePublished":"2022-06-29T12:22:15+00:00","dateModified":"2022-10-19T09:08:33+00:00","description":"Freie und kostenlose Konsultation von ver\u00f6ffentlichten wissenschaftlichen Publikationen \u00fcber \u00e4sthetische ringf\u00f6rmige Keratopigmentierung und verwandte Themen.","breadcrumb":{"@id":"https:\/\/neoris-eyes.com\/de\/wissenschaftliche-veroeffentlichungen\/#breadcrumb"},"inLanguage":"de","potentialAction":[{"@type":"ReadAction","target":["https:\/\/neoris-eyes.com\/de\/wissenschaftliche-veroeffentlichungen\/"]}]},{"@type":"ImageObject","inLanguage":"de","@id":"https:\/\/neoris-eyes.com\/de\/wissenschaftliche-veroeffentlichungen\/#primaryimage","url":"https:\/\/neoris-eyes.com\/wp-content\/uploads\/2022\/06\/shutterstock_1274296330-scaled.jpg","contentUrl":"https:\/\/neoris-eyes.com\/wp-content\/uploads\/2022\/06\/shutterstock_1274296330-scaled.jpg","width":2560,"height":1709},{"@type":"BreadcrumbList","@id":"https:\/\/neoris-eyes.com\/de\/wissenschaftliche-veroeffentlichungen\/#breadcrumb","itemListElement":[{"@type":"ListItem","position":1,"name":"Accueil","item":"https:\/\/neoris-eyes.com\/de\/"},{"@type":"ListItem","position":2,"name":"Wissenschaftliche Ver\u00f6ffentlichungen"}]},{"@type":"WebSite","@id":"https:\/\/neoris-eyes.com\/de\/#website","url":"https:\/\/neoris-eyes.com\/de\/","name":"Neoris","description":"Reveal your true color","publisher":{"@id":"https:\/\/neoris-eyes.com\/de\/#organization"},"potentialAction":[{"@type":"SearchAction","target":{"@type":"EntryPoint","urlTemplate":"https:\/\/neoris-eyes.com\/de\/?s={search_term_string}"},"query-input":{"@type":"PropertyValueSpecification","valueRequired":true,"valueName":"search_term_string"}}],"inLanguage":"de"},{"@type":"Organization","@id":"https:\/\/neoris-eyes.com\/de\/#organization","name":"Neoris","url":"https:\/\/neoris-eyes.com\/de\/","logo":{"@type":"ImageObject","inLanguage":"de","@id":"https:\/\/neoris-eyes.com\/de\/#\/schema\/logo\/image\/","url":"https:\/\/neoris-eyes.com\/wp-content\/uploads\/2022\/01\/neoris-footer.png","contentUrl":"https:\/\/neoris-eyes.com\/wp-content\/uploads\/2022\/01\/neoris-footer.png","width":98,"height":24,"caption":"Neoris"},"image":{"@id":"https:\/\/neoris-eyes.com\/de\/#\/schema\/logo\/image\/"}}]}},"taxonomy_info":[],"featured_image_src_large":["https:\/\/neoris-eyes.com\/wp-content\/uploads\/2022\/06\/shutterstock_1274296330-1024x683.jpg",1024,683,true],"author_info":{"display_name":"Single Quote","author_link":"https:\/\/neoris-eyes.com\/de\/author\/singlequote\/"},"comment_info":0,"_links":{"self":[{"href":"https:\/\/neoris-eyes.com\/de\/wp-json\/wp\/v2\/pages\/11444","targetHints":{"allow":["GET"]}}],"collection":[{"href":"https:\/\/neoris-eyes.com\/de\/wp-json\/wp\/v2\/pages"}],"about":[{"href":"https:\/\/neoris-eyes.com\/de\/wp-json\/wp\/v2\/types\/page"}],"author":[{"embeddable":true,"href":"https:\/\/neoris-eyes.com\/de\/wp-json\/wp\/v2\/users\/1"}],"replies":[{"embeddable":true,"href":"https:\/\/neoris-eyes.com\/de\/wp-json\/wp\/v2\/comments?post=11444"}],"version-history":[{"count":4,"href":"https:\/\/neoris-eyes.com\/de\/wp-json\/wp\/v2\/pages\/11444\/revisions"}],"predecessor-version":[{"id":11777,"href":"https:\/\/neoris-eyes.com\/de\/wp-json\/wp\/v2\/pages\/11444\/revisions\/11777"}],"wp:featuredmedia":[{"embeddable":true,"href":"https:\/\/neoris-eyes.com\/de\/wp-json\/wp\/v2\/media\/11602"}],"wp:attachment":[{"href":"https:\/\/neoris-eyes.com\/de\/wp-json\/wp\/v2\/media?parent=11444"}],"curies":[{"name":"wp","href":"https:\/\/api.w.org\/{rel}","templated":true}]}}