{"id":11393,"date":"2022-06-28T17:16:19","date_gmt":"2022-06-28T15:16:19","guid":{"rendered":"https:\/\/dev.neoris-eyes.com\/?page_id=11393"},"modified":"2022-07-02T00:12:13","modified_gmt":"2022-07-01T22:12:13","slug":"experten-zusaetzliche-dokumente","status":"publish","type":"page","link":"https:\/\/neoris-eyes.com\/de\/experten-zusaetzliche-dokumente\/","title":{"rendered":"Experten &#8211; Zus\u00e4tzliche Dokumente"},"content":{"rendered":"<style>#kt-layout-id_2eaa2f-6d{margin-bottom:0px;}#kt-layout-id_2eaa2f-6d > .kt-row-column-wrap{align-content:start;}:where(#kt-layout-id_2eaa2f-6d > .kt-row-column-wrap) > .wp-block-kadence-column{justify-content:start;}#kt-layout-id_2eaa2f-6d > .kt-row-column-wrap{column-gap:var(--global-kb-gap-md, 2rem);row-gap:var(--global-kb-gap-md, 2rem);max-width:var( --global-content-width, 1290px );padding-left:var(--global-content-edge-padding);padding-right:var(--global-content-edge-padding);padding-top:var( --global-kb-row-default-top, 25px );padding-bottom:var( --global-kb-row-default-bottom, 25px );padding-top:280px;padding-bottom:280px;grid-template-columns:minmax(0, 1fr);}#kt-layout-id_2eaa2f-6d{background-image:url('https:\/\/neoris-eyes.com\/wp-content\/uploads\/2022\/03\/IMG_4047-2.jpeg');background-size:cover;background-position:48% 57.99999999999999%;background-attachment:scroll;background-repeat:no-repeat;}#kt-layout-id_2eaa2f-6d > .kt-row-layout-overlay{opacity:0.50;background-color:var(--global-palette3, #1A202C);}@media all and (max-width: 1024px){#kt-layout-id_2eaa2f-6d > .kt-row-column-wrap{padding-top:230px;padding-bottom:230px;grid-template-columns:minmax(0, 1fr);}}@media all and (max-width: 767px){#kt-layout-id_2eaa2f-6d > .kt-row-column-wrap{padding-top:130px;padding-bottom:70px;grid-template-columns:minmax(0, 1fr);}}<\/style>\n<div class=\"wp-block-kadence-rowlayout aligncenter\"><div id=\"kt-layout-id_2eaa2f-6d\" class=\"kt-row-layout-inner kt-row-has-bg kt-layout-id_2eaa2f-6d\"><div class=\"kt-row-layout-overlay kt-row-overlay-normal\"><\/div><div class=\"kt-row-column-wrap kt-has-1-columns kt-gutter-default kt-v-gutter-default kt-row-valign-top kt-row-layout-equal kt-tab-layout-inherit kt-m-colapse-left-to-right kt-mobile-layout-row kb-theme-content-width\"><style>.kadence-column_e9ce99-85 > .kt-inside-inner-col{border-top-width:0px;border-right-width:0px;border-bottom-width:0px;border-left-width:0px;}.kadence-column_e9ce99-85 > .kt-inside-inner-col,.kadence-column_e9ce99-85 > .kt-inside-inner-col:before{border-top-left-radius:0px;border-top-right-radius:0px;border-bottom-right-radius:0px;border-bottom-left-radius:0px;}.kadence-column_e9ce99-85 > .kt-inside-inner-col{column-gap:var(--global-kb-gap-sm, 1rem);}.kadence-column_e9ce99-85 > .kt-inside-inner-col{flex-direction:column;}.kadence-column_e9ce99-85 > .kt-inside-inner-col > .aligncenter{width:100%;}.kadence-column_e9ce99-85 > .kt-inside-inner-col:before{opacity:0.3;}.kadence-column_e9ce99-85{position:relative;}@media all and (max-width: 1024px){.kadence-column_e9ce99-85 > .kt-inside-inner-col{flex-direction:column;}}@media all and (max-width: 767px){.kadence-column_e9ce99-85 > .kt-inside-inner-col{flex-direction:column;}}<\/style>\n<div class=\"wp-block-kadence-column inner-column-1 kadence-column_e9ce99-85\"><div class=\"kt-inside-inner-col\"><style>.wp-block-kadence-advancedheading.kt-adv-heading_36e582-9b, .wp-block-kadence-advancedheading.kt-adv-heading_36e582-9b[data-kb-block=\"kb-adv-heading_36e582-9b\"]{text-align:center;font-style:normal;}.wp-block-kadence-advancedheading.kt-adv-heading_36e582-9b mark.kt-highlight, .wp-block-kadence-advancedheading.kt-adv-heading_36e582-9b[data-kb-block=\"kb-adv-heading_36e582-9b\"] mark.kt-highlight{font-style:normal;color:#f76a0c;-webkit-box-decoration-break:clone;box-decoration-break:clone;padding-top:0px;padding-right:0px;padding-bottom:0px;padding-left:0px;}@media all and (max-width: 767px){.wp-block-kadence-advancedheading.kt-adv-heading_36e582-9b, .wp-block-kadence-advancedheading.kt-adv-heading_36e582-9b[data-kb-block=\"kb-adv-heading_36e582-9b\"]{font-size:42px;}}<\/style>\n<h2 class=\"kt-adv-heading_36e582-9b wp-block-kadence-advancedheading has-theme-palette-9-color has-text-color\" data-kb-block=\"kb-adv-heading_36e582-9b\">Sie sind Augenchirurg und interessieren sich f\u00fcr die Technik der Ver\u00e4nderung der Augenfarbe durch Keratopigmentation.<\/h2>\n<\/div><\/div>\n<\/div><\/div><\/div>\n<style>#kt-layout-id_474de6-08 > .kt-row-column-wrap{align-content:start;}:where(#kt-layout-id_474de6-08 > .kt-row-column-wrap) > .wp-block-kadence-column{justify-content:start;}#kt-layout-id_474de6-08 > .kt-row-column-wrap{column-gap:var(--global-kb-gap-lg, 4rem);row-gap:var(--global-kb-gap-md, 2rem);max-width:var( --global-content-width, 1290px );padding-left:var(--global-content-edge-padding);padding-right:var(--global-content-edge-padding);padding-top:var( --global-kb-row-default-top, 25px );padding-bottom:var( --global-kb-row-default-bottom, 25px );padding-top:60px;padding-bottom:20px;grid-template-columns:minmax(0, 1fr);}#kt-layout-id_474de6-08 > .kt-row-layout-overlay{opacity:0.30;}@media all and (max-width: 1024px){#kt-layout-id_474de6-08 > .kt-row-column-wrap{grid-template-columns:minmax(0, 1fr);}}@media all and (max-width: 767px){#kt-layout-id_474de6-08 > .kt-row-column-wrap{grid-template-columns:minmax(0, 1fr);}}<\/style>\n<div class=\"wp-block-kadence-rowlayout aligncenter\"><div id=\"kt-layout-id_474de6-08\" class=\"kt-row-layout-inner kt-layout-id_474de6-08\"><div class=\"kt-row-column-wrap kt-has-1-columns kt-gutter-wider kt-v-gutter-default kt-row-valign-top kt-row-layout-equal kt-tab-layout-inherit kt-m-colapse-left-to-right kt-mobile-layout-row kb-theme-content-width\"><style>.kadence-column_3cc96c-88 > .kt-inside-inner-col{border-top-width:0px;border-right-width:0px;border-bottom-width:0px;border-left-width:0px;}.kadence-column_3cc96c-88 > .kt-inside-inner-col,.kadence-column_3cc96c-88 > .kt-inside-inner-col:before{border-top-left-radius:0px;border-top-right-radius:0px;border-bottom-right-radius:0px;border-bottom-left-radius:0px;}.kadence-column_3cc96c-88 > .kt-inside-inner-col{column-gap:var(--global-kb-gap-sm, 1rem);}.kadence-column_3cc96c-88 > .kt-inside-inner-col{flex-direction:column;}.kadence-column_3cc96c-88 > .kt-inside-inner-col > .aligncenter{width:100%;}.kadence-column_3cc96c-88 > .kt-inside-inner-col:before{opacity:0.3;}.kadence-column_3cc96c-88{text-align:left;}.kadence-column_3cc96c-88{position:relative;}@media all and (max-width: 1024px){.kadence-column_3cc96c-88 > .kt-inside-inner-col{flex-direction:column;}}@media all and (max-width: 767px){.kadence-column_3cc96c-88 > .kt-inside-inner-col{flex-direction:column;}}<\/style>\n<div class=\"wp-block-kadence-column inner-column-1 kadence-column_3cc96c-88\"><div class=\"kt-inside-inner-col\"><\/div><\/div>\n<\/div><\/div><\/div>\n<style>#kt-layout-id_b2885c-5c > .kt-row-column-wrap{align-content:start;}:where(#kt-layout-id_b2885c-5c > .kt-row-column-wrap) > .wp-block-kadence-column{justify-content:start;}#kt-layout-id_b2885c-5c > .kt-row-column-wrap{column-gap:var(--global-kb-gap-lg, 4rem);row-gap:var(--global-kb-gap-md, 2rem);max-width:var( --global-content-width, 1290px );padding-left:var(--global-content-edge-padding);padding-right:var(--global-content-edge-padding);padding-top:var( --global-kb-row-default-top, 25px );padding-bottom:var( --global-kb-row-default-bottom, 25px );padding-top:0px;padding-bottom:24px;grid-template-columns:minmax(0, 1fr);}#kt-layout-id_b2885c-5c > .kt-row-layout-overlay{opacity:0.30;}@media all and (max-width: 1024px){#kt-layout-id_b2885c-5c > .kt-row-column-wrap{grid-template-columns:minmax(0, 1fr);}}@media all and (max-width: 767px){#kt-layout-id_b2885c-5c > .kt-row-column-wrap{grid-template-columns:minmax(0, 1fr);}}<\/style>\n<div class=\"wp-block-kadence-rowlayout aligncenter\"><div id=\"kt-layout-id_b2885c-5c\" class=\"kt-row-layout-inner kt-layout-id_b2885c-5c\"><div class=\"kt-row-column-wrap kt-has-1-columns kt-gutter-wider kt-v-gutter-default kt-row-valign-top kt-row-layout-equal kt-tab-layout-inherit kt-m-colapse-left-to-right kt-mobile-layout-row kb-theme-content-width\"><style>.kadence-column_dca961-cb > .kt-inside-inner-col{border-top-width:0px;border-right-width:0px;border-bottom-width:0px;border-left-width:0px;}.kadence-column_dca961-cb > .kt-inside-inner-col,.kadence-column_dca961-cb > .kt-inside-inner-col:before{border-top-left-radius:0px;border-top-right-radius:0px;border-bottom-right-radius:0px;border-bottom-left-radius:0px;}.kadence-column_dca961-cb > .kt-inside-inner-col{column-gap:var(--global-kb-gap-sm, 1rem);}.kadence-column_dca961-cb > .kt-inside-inner-col{flex-direction:column;}.kadence-column_dca961-cb > .kt-inside-inner-col > .aligncenter{width:100%;}.kadence-column_dca961-cb > .kt-inside-inner-col:before{opacity:0.3;}.kadence-column_dca961-cb{text-align:left;}.kadence-column_dca961-cb{position:relative;}@media all and (max-width: 1024px){.kadence-column_dca961-cb > .kt-inside-inner-col{flex-direction:column;}}@media all and (max-width: 767px){.kadence-column_dca961-cb > .kt-inside-inner-col{flex-direction:column;}}<\/style>\n<div class=\"wp-block-kadence-column inner-column-1 kadence-column_dca961-cb\"><div class=\"kt-inside-inner-col\">\n<h4 class=\"wp-block-heading\">Video zur Kataraktchirurgie mit dem Hinweis, dass es m\u00f6glich ist, einen Grauen Star nach einer Keratopigmentation zu operieren.<\/h4>\n\n\n\n<figure class=\"wp-block-embed is-type-video is-provider-youtube wp-block-embed-youtube wp-embed-aspect-16-9 wp-has-aspect-ratio\"><div class=\"wp-block-embed__wrapper\">\n<iframe loading=\"lazy\" title=\"Cataract after keratopigmentation Neoris surgery\" width=\"720\" height=\"405\" src=\"https:\/\/www.youtube.com\/embed\/QklbE4oXw6A?feature=oembed\" frameborder=\"0\" allow=\"accelerometer; autoplay; clipboard-write; encrypted-media; gyroscope; picture-in-picture\" allowfullscreen><\/iframe>\n<\/div><\/figure>\n\n\n\n<h4 class=\"wp-block-heading\">Normale Beobachtung des Kammerwinkels<\/h4>\n\n\n\n<figure class=\"wp-block-image size-large\"><img loading=\"lazy\" decoding=\"async\" width=\"696\" height=\"1024\" src=\"https:\/\/neoris-eyes.com\/wp-content\/uploads\/2022\/06\/IMG_6354-4-696x1024.jpg\" alt=\"\" class=\"wp-image-11358\" srcset=\"https:\/\/neoris-eyes.com\/wp-content\/uploads\/2022\/06\/IMG_6354-4-696x1024.jpg 696w, https:\/\/neoris-eyes.com\/wp-content\/uploads\/2022\/06\/IMG_6354-4-204x300.jpg 204w, https:\/\/neoris-eyes.com\/wp-content\/uploads\/2022\/06\/IMG_6354-4.jpg 750w\" sizes=\"auto, (max-width: 696px) 100vw, 696px\" \/><\/figure>\n\n\n<h4 class=\"wp-block-heading\">Normale Durchf\u00fchrung einer OCT der Hornhaut und des Kammerwinkels<\/h4>\n\n\n\n<figure class=\"wp-block-image size-large\"><img loading=\"lazy\" decoding=\"async\" width=\"1024\" height=\"594\" src=\"https:\/\/neoris-eyes.com\/wp-content\/uploads\/2022\/06\/IMG_6355-2-1024x594.jpg\" alt=\"\" class=\"wp-image-11363\" srcset=\"https:\/\/neoris-eyes.com\/wp-content\/uploads\/2022\/06\/IMG_6355-2-1024x594.jpg 1024w, https:\/\/neoris-eyes.com\/wp-content\/uploads\/2022\/06\/IMG_6355-2-300x174.jpg 300w, https:\/\/neoris-eyes.com\/wp-content\/uploads\/2022\/06\/IMG_6355-2-768x445.jpg 768w, https:\/\/neoris-eyes.com\/wp-content\/uploads\/2022\/06\/IMG_6355-2.jpg 1074w\" sizes=\"auto, (max-width: 1024px) 100vw, 1024px\" \/><\/figure>\n\n\n<h4 class=\"wp-block-heading\">Normale Durchf\u00fchrung eines Weitwinkelfotos der Netzhaut.<\/h4>\n\n\n\n<figure class=\"wp-block-image size-large\"><img loading=\"lazy\" decoding=\"async\" width=\"1024\" height=\"576\" src=\"https:\/\/neoris-eyes.com\/wp-content\/uploads\/2022\/06\/IMG_9014-1024x576.jpeg\" alt=\"\" class=\"wp-image-11368\" srcset=\"https:\/\/neoris-eyes.com\/wp-content\/uploads\/2022\/06\/IMG_9014-1024x576.jpeg 1024w, https:\/\/neoris-eyes.com\/wp-content\/uploads\/2022\/06\/IMG_9014-300x169.jpeg 300w, https:\/\/neoris-eyes.com\/wp-content\/uploads\/2022\/06\/IMG_9014-768x432.jpeg 768w, https:\/\/neoris-eyes.com\/wp-content\/uploads\/2022\/06\/IMG_9014-1536x864.jpeg 1536w, https:\/\/neoris-eyes.com\/wp-content\/uploads\/2022\/06\/IMG_9014-2048x1152.jpeg 2048w\" sizes=\"auto, (max-width: 1024px) 100vw, 1024px\" \/><\/figure><\/div><\/div>\n<\/div><\/div><\/div>\n","protected":false},"excerpt":{"rendered":"<p>Sie sind Augenchirurg und interessieren sich f\u00fcr die Technik der Ver\u00e4nderung der Augenfarbe durch Keratopigmentation. Video zur Kataraktchirurgie mit dem Hinweis, dass es m\u00f6glich ist, einen Grauen Star nach einer Keratopigmentation zu operieren. Normale Beobachtung des Kammerwinkels Normale Durchf\u00fchrung einer OCT der Hornhaut und des Kammerwinkels Normale Durchf\u00fchrung eines Weitwinkelfotos der Netzhaut.<\/p>\n","protected":false},"author":1,"featured_media":0,"parent":0,"menu_order":0,"comment_status":"closed","ping_status":"closed","template":"","meta":{"_kad_blocks_custom_css":"","_kad_blocks_head_custom_js":"","_kad_blocks_body_custom_js":"","_kad_blocks_footer_custom_js":"","_kadence_starter_templates_imported_post":false,"_kad_post_transparent":"","_kad_post_title":"","_kad_post_layout":"","_kad_post_sidebar_id":"","_kad_post_content_style":"","_kad_post_vertical_padding":"","_kad_post_feature":"","_kad_post_feature_position":"","_kad_post_header":false,"_kad_post_footer":false,"footnotes":""},"class_list":["post-11393","page","type-page","status-publish","hentry"],"yoast_head":"<!-- This site is optimized with the Yoast SEO plugin v25.6 - https:\/\/yoast.com\/wordpress\/plugins\/seo\/ -->\n<title>Experten - Zus\u00e4tzliche Dokumente - Neoris<\/title>\n<meta name=\"robots\" content=\"index, follow, max-snippet:-1, max-image-preview:large, max-video-preview:-1\" \/>\n<link rel=\"canonical\" href=\"https:\/\/neoris-eyes.com\/de\/experten-zusaetzliche-dokumente\/\" \/>\n<meta property=\"og:locale\" content=\"de_DE\" \/>\n<meta property=\"og:type\" content=\"article\" \/>\n<meta property=\"og:title\" content=\"Experten - Zus\u00e4tzliche Dokumente - Neoris\" \/>\n<meta property=\"og:description\" content=\"Sie sind Augenchirurg und interessieren sich f\u00fcr die Technik der Ver\u00e4nderung der Augenfarbe durch Keratopigmentation. Video zur Kataraktchirurgie mit dem Hinweis, dass es m\u00f6glich ist, einen Grauen Star nach einer Keratopigmentation zu operieren. Normale Beobachtung des Kammerwinkels Normale Durchf\u00fchrung einer OCT der Hornhaut und des Kammerwinkels Normale Durchf\u00fchrung eines Weitwinkelfotos der Netzhaut.\" \/>\n<meta property=\"og:url\" content=\"https:\/\/neoris-eyes.com\/de\/experten-zusaetzliche-dokumente\/\" \/>\n<meta property=\"og:site_name\" content=\"Neoris\" \/>\n<meta property=\"article:modified_time\" content=\"2022-07-01T22:12:13+00:00\" \/>\n<meta property=\"og:image\" content=\"https:\/\/neoris-eyes.com\/wp-content\/uploads\/2022\/06\/IMG_6354-4-696x1024.jpg\" \/>\n<meta name=\"twitter:card\" content=\"summary_large_image\" \/>\n<script type=\"application\/ld+json\" class=\"yoast-schema-graph\">{\"@context\":\"https:\/\/schema.org\",\"@graph\":[{\"@type\":\"WebPage\",\"@id\":\"https:\/\/neoris-eyes.com\/de\/experten-zusaetzliche-dokumente\/\",\"url\":\"https:\/\/neoris-eyes.com\/de\/experten-zusaetzliche-dokumente\/\",\"name\":\"Experten - Zus\u00e4tzliche Dokumente - Neoris\",\"isPartOf\":{\"@id\":\"https:\/\/neoris-eyes.com\/de\/#website\"},\"primaryImageOfPage\":{\"@id\":\"https:\/\/neoris-eyes.com\/de\/experten-zusaetzliche-dokumente\/#primaryimage\"},\"image\":{\"@id\":\"https:\/\/neoris-eyes.com\/de\/experten-zusaetzliche-dokumente\/#primaryimage\"},\"thumbnailUrl\":\"https:\/\/neoris-eyes.com\/wp-content\/uploads\/2022\/06\/IMG_6354-4-696x1024.jpg\",\"datePublished\":\"2022-06-28T15:16:19+00:00\",\"dateModified\":\"2022-07-01T22:12:13+00:00\",\"breadcrumb\":{\"@id\":\"https:\/\/neoris-eyes.com\/de\/experten-zusaetzliche-dokumente\/#breadcrumb\"},\"inLanguage\":\"de\",\"potentialAction\":[{\"@type\":\"ReadAction\",\"target\":[\"https:\/\/neoris-eyes.com\/de\/experten-zusaetzliche-dokumente\/\"]}]},{\"@type\":\"ImageObject\",\"inLanguage\":\"de\",\"@id\":\"https:\/\/neoris-eyes.com\/de\/experten-zusaetzliche-dokumente\/#primaryimage\",\"url\":\"https:\/\/neoris-eyes.com\/wp-content\/uploads\/2022\/06\/IMG_6354-4-696x1024.jpg\",\"contentUrl\":\"https:\/\/neoris-eyes.com\/wp-content\/uploads\/2022\/06\/IMG_6354-4-696x1024.jpg\"},{\"@type\":\"BreadcrumbList\",\"@id\":\"https:\/\/neoris-eyes.com\/de\/experten-zusaetzliche-dokumente\/#breadcrumb\",\"itemListElement\":[{\"@type\":\"ListItem\",\"position\":1,\"name\":\"Accueil\",\"item\":\"https:\/\/neoris-eyes.com\/de\/\"},{\"@type\":\"ListItem\",\"position\":2,\"name\":\"Experten &#8211; Zus\u00e4tzliche Dokumente\"}]},{\"@type\":\"WebSite\",\"@id\":\"https:\/\/neoris-eyes.com\/de\/#website\",\"url\":\"https:\/\/neoris-eyes.com\/de\/\",\"name\":\"Neoris\",\"description\":\"Reveal your true color\",\"publisher\":{\"@id\":\"https:\/\/neoris-eyes.com\/de\/#organization\"},\"potentialAction\":[{\"@type\":\"SearchAction\",\"target\":{\"@type\":\"EntryPoint\",\"urlTemplate\":\"https:\/\/neoris-eyes.com\/de\/?s={search_term_string}\"},\"query-input\":{\"@type\":\"PropertyValueSpecification\",\"valueRequired\":true,\"valueName\":\"search_term_string\"}}],\"inLanguage\":\"de\"},{\"@type\":\"Organization\",\"@id\":\"https:\/\/neoris-eyes.com\/de\/#organization\",\"name\":\"Neoris\",\"url\":\"https:\/\/neoris-eyes.com\/de\/\",\"logo\":{\"@type\":\"ImageObject\",\"inLanguage\":\"de\",\"@id\":\"https:\/\/neoris-eyes.com\/de\/#\/schema\/logo\/image\/\",\"url\":\"https:\/\/neoris-eyes.com\/wp-content\/uploads\/2022\/01\/neoris-footer.png\",\"contentUrl\":\"https:\/\/neoris-eyes.com\/wp-content\/uploads\/2022\/01\/neoris-footer.png\",\"width\":98,\"height\":24,\"caption\":\"Neoris\"},\"image\":{\"@id\":\"https:\/\/neoris-eyes.com\/de\/#\/schema\/logo\/image\/\"}}]}<\/script>\n<!-- \/ Yoast SEO plugin. -->","yoast_head_json":{"title":"Experten - Zus\u00e4tzliche Dokumente - Neoris","robots":{"index":"index","follow":"follow","max-snippet":"max-snippet:-1","max-image-preview":"max-image-preview:large","max-video-preview":"max-video-preview:-1"},"canonical":"https:\/\/neoris-eyes.com\/de\/experten-zusaetzliche-dokumente\/","og_locale":"de_DE","og_type":"article","og_title":"Experten - Zus\u00e4tzliche Dokumente - Neoris","og_description":"Sie sind Augenchirurg und interessieren sich f\u00fcr die Technik der Ver\u00e4nderung der Augenfarbe durch Keratopigmentation. Video zur Kataraktchirurgie mit dem Hinweis, dass es m\u00f6glich ist, einen Grauen Star nach einer Keratopigmentation zu operieren. Normale Beobachtung des Kammerwinkels Normale Durchf\u00fchrung einer OCT der Hornhaut und des Kammerwinkels Normale Durchf\u00fchrung eines Weitwinkelfotos der Netzhaut.","og_url":"https:\/\/neoris-eyes.com\/de\/experten-zusaetzliche-dokumente\/","og_site_name":"Neoris","article_modified_time":"2022-07-01T22:12:13+00:00","og_image":[{"url":"https:\/\/neoris-eyes.com\/wp-content\/uploads\/2022\/06\/IMG_6354-4-696x1024.jpg","type":"","width":"","height":""}],"twitter_card":"summary_large_image","schema":{"@context":"https:\/\/schema.org","@graph":[{"@type":"WebPage","@id":"https:\/\/neoris-eyes.com\/de\/experten-zusaetzliche-dokumente\/","url":"https:\/\/neoris-eyes.com\/de\/experten-zusaetzliche-dokumente\/","name":"Experten - Zus\u00e4tzliche Dokumente - Neoris","isPartOf":{"@id":"https:\/\/neoris-eyes.com\/de\/#website"},"primaryImageOfPage":{"@id":"https:\/\/neoris-eyes.com\/de\/experten-zusaetzliche-dokumente\/#primaryimage"},"image":{"@id":"https:\/\/neoris-eyes.com\/de\/experten-zusaetzliche-dokumente\/#primaryimage"},"thumbnailUrl":"https:\/\/neoris-eyes.com\/wp-content\/uploads\/2022\/06\/IMG_6354-4-696x1024.jpg","datePublished":"2022-06-28T15:16:19+00:00","dateModified":"2022-07-01T22:12:13+00:00","breadcrumb":{"@id":"https:\/\/neoris-eyes.com\/de\/experten-zusaetzliche-dokumente\/#breadcrumb"},"inLanguage":"de","potentialAction":[{"@type":"ReadAction","target":["https:\/\/neoris-eyes.com\/de\/experten-zusaetzliche-dokumente\/"]}]},{"@type":"ImageObject","inLanguage":"de","@id":"https:\/\/neoris-eyes.com\/de\/experten-zusaetzliche-dokumente\/#primaryimage","url":"https:\/\/neoris-eyes.com\/wp-content\/uploads\/2022\/06\/IMG_6354-4-696x1024.jpg","contentUrl":"https:\/\/neoris-eyes.com\/wp-content\/uploads\/2022\/06\/IMG_6354-4-696x1024.jpg"},{"@type":"BreadcrumbList","@id":"https:\/\/neoris-eyes.com\/de\/experten-zusaetzliche-dokumente\/#breadcrumb","itemListElement":[{"@type":"ListItem","position":1,"name":"Accueil","item":"https:\/\/neoris-eyes.com\/de\/"},{"@type":"ListItem","position":2,"name":"Experten &#8211; Zus\u00e4tzliche Dokumente"}]},{"@type":"WebSite","@id":"https:\/\/neoris-eyes.com\/de\/#website","url":"https:\/\/neoris-eyes.com\/de\/","name":"Neoris","description":"Reveal your true color","publisher":{"@id":"https:\/\/neoris-eyes.com\/de\/#organization"},"potentialAction":[{"@type":"SearchAction","target":{"@type":"EntryPoint","urlTemplate":"https:\/\/neoris-eyes.com\/de\/?s={search_term_string}"},"query-input":{"@type":"PropertyValueSpecification","valueRequired":true,"valueName":"search_term_string"}}],"inLanguage":"de"},{"@type":"Organization","@id":"https:\/\/neoris-eyes.com\/de\/#organization","name":"Neoris","url":"https:\/\/neoris-eyes.com\/de\/","logo":{"@type":"ImageObject","inLanguage":"de","@id":"https:\/\/neoris-eyes.com\/de\/#\/schema\/logo\/image\/","url":"https:\/\/neoris-eyes.com\/wp-content\/uploads\/2022\/01\/neoris-footer.png","contentUrl":"https:\/\/neoris-eyes.com\/wp-content\/uploads\/2022\/01\/neoris-footer.png","width":98,"height":24,"caption":"Neoris"},"image":{"@id":"https:\/\/neoris-eyes.com\/de\/#\/schema\/logo\/image\/"}}]}},"taxonomy_info":[],"featured_image_src_large":false,"author_info":{"display_name":"Single Quote","author_link":"https:\/\/neoris-eyes.com\/de\/author\/singlequote\/"},"comment_info":0,"_links":{"self":[{"href":"https:\/\/neoris-eyes.com\/de\/wp-json\/wp\/v2\/pages\/11393","targetHints":{"allow":["GET"]}}],"collection":[{"href":"https:\/\/neoris-eyes.com\/de\/wp-json\/wp\/v2\/pages"}],"about":[{"href":"https:\/\/neoris-eyes.com\/de\/wp-json\/wp\/v2\/types\/page"}],"author":[{"embeddable":true,"href":"https:\/\/neoris-eyes.com\/de\/wp-json\/wp\/v2\/users\/1"}],"replies":[{"embeddable":true,"href":"https:\/\/neoris-eyes.com\/de\/wp-json\/wp\/v2\/comments?post=11393"}],"version-history":[{"count":4,"href":"https:\/\/neoris-eyes.com\/de\/wp-json\/wp\/v2\/pages\/11393\/revisions"}],"predecessor-version":[{"id":11947,"href":"https:\/\/neoris-eyes.com\/de\/wp-json\/wp\/v2\/pages\/11393\/revisions\/11947"}],"wp:attachment":[{"href":"https:\/\/neoris-eyes.com\/de\/wp-json\/wp\/v2\/media?parent=11393"}],"curies":[{"name":"wp","href":"https:\/\/api.w.org\/{rel}","templated":true}]}}