{"id":10694,"date":"2022-03-28T12:34:01","date_gmt":"2022-03-28T10:34:01","guid":{"rendered":"https:\/\/dev.neoris-eyes.com\/impressum\/"},"modified":"2022-06-28T17:17:50","modified_gmt":"2022-06-28T15:17:50","slug":"impressum","status":"publish","type":"page","link":"https:\/\/neoris-eyes.com\/de\/impressum\/","title":{"rendered":"Impressum"},"content":{"rendered":"<style>#kt-layout-id_f54db1-89{margin-bottom:0px;}#kt-layout-id_f54db1-89 > .kt-row-column-wrap{align-content:start;}:where(#kt-layout-id_f54db1-89 > .kt-row-column-wrap) > .wp-block-kadence-column{justify-content:start;}#kt-layout-id_f54db1-89 > .kt-row-column-wrap{column-gap:var(--global-kb-gap-md, 2rem);row-gap:var(--global-kb-gap-md, 2rem);max-width:var( --global-content-width, 1290px );padding-left:var(--global-content-edge-padding);padding-right:var(--global-content-edge-padding);padding-top:var( --global-kb-row-default-top, 25px );padding-bottom:var( --global-kb-row-default-bottom, 25px );padding-top:280px;padding-bottom:280px;grid-template-columns:minmax(0, 1fr);}#kt-layout-id_f54db1-89{background-color:#2a2a2a;}#kt-layout-id_f54db1-89 > .kt-row-layout-overlay{opacity:0.50;background-color:var(--global-palette3, #1A202C);}@media all and (max-width: 1024px){#kt-layout-id_f54db1-89 > .kt-row-column-wrap{padding-top:230px;padding-bottom:230px;grid-template-columns:minmax(0, 1fr);}}@media all and (max-width: 767px){#kt-layout-id_f54db1-89 > .kt-row-column-wrap{padding-top:130px;padding-bottom:70px;grid-template-columns:minmax(0, 1fr);}}<\/style>\n<div class=\"wp-block-kadence-rowlayout aligncenter\"><div id=\"kt-layout-id_f54db1-89\" class=\"kt-row-layout-inner kt-row-has-bg kt-layout-id_f54db1-89\"><div class=\"kt-row-layout-overlay kt-row-overlay-normal\"><\/div><div class=\"kt-row-column-wrap kt-has-1-columns kt-gutter-default kt-v-gutter-default kt-row-valign-top kt-row-layout-equal kt-tab-layout-inherit kt-m-colapse-left-to-right kt-mobile-layout-row kb-theme-content-width\"><style>.kadence-column_b8f164-a0 > .kt-inside-inner-col{border-top-width:0px;border-right-width:0px;border-bottom-width:0px;border-left-width:0px;}.kadence-column_b8f164-a0 > .kt-inside-inner-col,.kadence-column_b8f164-a0 > .kt-inside-inner-col:before{border-top-left-radius:0px;border-top-right-radius:0px;border-bottom-right-radius:0px;border-bottom-left-radius:0px;}.kadence-column_b8f164-a0 > .kt-inside-inner-col{column-gap:var(--global-kb-gap-sm, 1rem);}.kadence-column_b8f164-a0 > .kt-inside-inner-col{flex-direction:column;}.kadence-column_b8f164-a0 > .kt-inside-inner-col > .aligncenter{width:100%;}.kadence-column_b8f164-a0 > .kt-inside-inner-col:before{opacity:0.3;}.kadence-column_b8f164-a0{position:relative;}@media all and (max-width: 1024px){.kadence-column_b8f164-a0 > .kt-inside-inner-col{flex-direction:column;}}@media all and (max-width: 767px){.kadence-column_b8f164-a0 > .kt-inside-inner-col{flex-direction:column;}}<\/style>\n<div class=\"wp-block-kadence-column inner-column-1 kadence-column_b8f164-a0\"><div class=\"kt-inside-inner-col\"><style>.wp-block-kadence-advancedheading.kt-adv-heading_398a48-a2, .wp-block-kadence-advancedheading.kt-adv-heading_398a48-a2[data-kb-block=\"kb-adv-heading_398a48-a2\"]{text-align:center;font-style:normal;}.wp-block-kadence-advancedheading.kt-adv-heading_398a48-a2 mark.kt-highlight, .wp-block-kadence-advancedheading.kt-adv-heading_398a48-a2[data-kb-block=\"kb-adv-heading_398a48-a2\"] mark.kt-highlight{font-style:normal;color:#f76a0c;-webkit-box-decoration-break:clone;box-decoration-break:clone;padding-top:0px;padding-right:0px;padding-bottom:0px;padding-left:0px;}@media all and (max-width: 767px){.wp-block-kadence-advancedheading.kt-adv-heading_398a48-a2, .wp-block-kadence-advancedheading.kt-adv-heading_398a48-a2[data-kb-block=\"kb-adv-heading_398a48-a2\"]{font-size:42px;}}<\/style>\n<h2 class=\"kt-adv-heading_398a48-a2 wp-block-kadence-advancedheading has-theme-palette-9-color has-text-color\" data-kb-block=\"kb-adv-heading_398a48-a2\">Impressum<\/h2>\n<\/div><\/div>\n<\/div><\/div><\/div>\n<style>#kt-layout-id_365c9c-37 > .kt-row-column-wrap{align-content:start;}:where(#kt-layout-id_365c9c-37 > .kt-row-column-wrap) > .wp-block-kadence-column{justify-content:start;}#kt-layout-id_365c9c-37 > .kt-row-column-wrap{column-gap:var(--global-kb-gap-md, 2rem);row-gap:var(--global-kb-gap-md, 2rem);padding-top:var( --global-kb-row-default-top, 25px );padding-bottom:var( --global-kb-row-default-bottom, 25px );padding-top:var(--global-kb-spacing-sm, 1.5rem);padding-bottom:var(--global-kb-spacing-sm, 1.5rem);}#kt-layout-id_365c9c-37 > .kt-row-column-wrap > div:not(.added-for-specificity){grid-column:initial;}#kt-layout-id_365c9c-37 > .kt-row-column-wrap{grid-template-columns:minmax(0, 1fr) minmax(0, 6fr) minmax(0, 1fr);}#kt-layout-id_365c9c-37 > .kt-row-layout-overlay{opacity:0.30;}@media all and (max-width: 1024px){#kt-layout-id_365c9c-37 > .kt-row-column-wrap > div:not(.added-for-specificity){grid-column:initial;}}@media all and (max-width: 1024px){#kt-layout-id_365c9c-37 > .kt-row-column-wrap{grid-template-columns:minmax(0, 1fr) minmax(0, 6fr) minmax(0, 1fr);}}@media all and (max-width: 767px){#kt-layout-id_365c9c-37 > .kt-row-column-wrap > div:not(.added-for-specificity){grid-column:initial;}#kt-layout-id_365c9c-37 > .kt-row-column-wrap{grid-template-columns:minmax(0, 1fr);}}<\/style>\n<div class=\"wp-block-kadence-rowlayout alignnone\"><div id=\"kt-layout-id_365c9c-37\" class=\"kt-row-layout-inner kt-layout-id_365c9c-37\"><div class=\"kt-row-column-wrap kt-has-3-columns kt-gutter-default kt-v-gutter-default kt-row-valign-top kt-row-layout-center-exwide kt-tab-layout-inherit kt-m-colapse-left-to-right kt-mobile-layout-row\"><style>.kadence-column_9312ff-bd > .kt-inside-inner-col{border-top-width:0px;border-right-width:0px;border-bottom-width:0px;border-left-width:0px;}.kadence-column_9312ff-bd > .kt-inside-inner-col,.kadence-column_9312ff-bd > .kt-inside-inner-col:before{border-top-left-radius:0px;border-top-right-radius:0px;border-bottom-right-radius:0px;border-bottom-left-radius:0px;}.kadence-column_9312ff-bd > .kt-inside-inner-col{column-gap:var(--global-kb-gap-sm, 1rem);}.kadence-column_9312ff-bd > .kt-inside-inner-col{flex-direction:column;}.kadence-column_9312ff-bd > .kt-inside-inner-col > .aligncenter{width:100%;}.kadence-column_9312ff-bd > .kt-inside-inner-col:before{opacity:0.3;}.kadence-column_9312ff-bd{position:relative;}@media all and (max-width: 1024px){.kadence-column_9312ff-bd > .kt-inside-inner-col{flex-direction:column;}}@media all and (max-width: 767px){.kadence-column_9312ff-bd > .kt-inside-inner-col{flex-direction:column;}}<\/style>\n<div class=\"wp-block-kadence-column inner-column-1 kadence-column_9312ff-bd\"><div class=\"kt-inside-inner-col\"><\/div><\/div>\n\n\n<style>.kadence-column_b26755-f7 > .kt-inside-inner-col{border-top-width:0px;border-right-width:0px;border-bottom-width:0px;border-left-width:0px;}.kadence-column_b26755-f7 > .kt-inside-inner-col,.kadence-column_b26755-f7 > .kt-inside-inner-col:before{border-top-left-radius:0px;border-top-right-radius:0px;border-bottom-right-radius:0px;border-bottom-left-radius:0px;}.kadence-column_b26755-f7 > .kt-inside-inner-col{column-gap:var(--global-kb-gap-sm, 1rem);}.kadence-column_b26755-f7 > .kt-inside-inner-col{flex-direction:column;}.kadence-column_b26755-f7 > .kt-inside-inner-col > .aligncenter{width:100%;}.kadence-column_b26755-f7 > .kt-inside-inner-col:before{opacity:0.3;}.kadence-column_b26755-f7{position:relative;}@media all and (max-width: 1024px){.kadence-column_b26755-f7 > .kt-inside-inner-col{flex-direction:column;}}@media all and (max-width: 767px){.kadence-column_b26755-f7 > .kt-inside-inner-col{flex-direction:column;}}<\/style>\n<div class=\"wp-block-kadence-column inner-column-2 kadence-column_b26755-f7\"><div class=\"kt-inside-inner-col\">\n<p>Bitte lesen Sie die verschiedenen Nutzungsbedingungen dieser Website sorgf\u00e4ltig durch, bevor Sie die Seiten durchgehen.<br\/>Indem Sie diese Website besuchen, akzeptieren Sie diese Bedingungen ohne Vorbehalt.<\/p>\n\n\n\n<h3 class=\"wp-block-heading\">Identifikation<\/h3>\n\n\n\n<p>Die Website www.neoris-eyes.de wird ver\u00f6ffentlicht von:<\/p>\n\n\n\n<ul class=\"wp-block-list\"><li><strong>Firmen Benennung :<\/strong> Neoris<\/li><li><strong>Juristische Form:<\/strong> Kapitalgesellschaft in vereinfachter<\/li><li><strong>Form Firmensitz :<\/strong> 15 rue Saint-Louis en l\u2019\u00cele 75004 Paris<\/li><li><strong>INTRACOM Nummer :<\/strong> FR 74 829812452<\/li><li><strong>E-mail :<\/strong> contact@neoris-eyes.com<\/li><\/ul>\n\n\n<h3 class=\"wp-block-heading\">Webhosting<\/h3>\n\n\n\n<p>Die Seite wird gehostet von OVH SAS :<\/p>\n\n\n\n<p>RCS Lille M\u00e9tropole 424 761 419 00045<br\/>Code APE 2620Z<br\/>N\u00b0 TVA : FR 22 424 761 419<br\/>Si\u00e8ge social : 2 rue Kellermann &#8211; 59100 Roubaix &#8211; France<br\/>T\u00e9l. 1007<\/p>\n\n\n\n<h3 class=\"wp-block-heading\">Kredite<\/h3>\n\n\n\n<p><strong>Website-Gestaltung :<\/strong> <a href=\"https:\/\/bubbly.fr\/\">Bubbly<\/a> X <a href=\"https:\/\/singlequote.net\">Single Quote<\/a><\/p>\n\n\n\n<p><strong>Fotografie :<\/strong> Atmosph\u00e4rische Visuals und Modellportraits von <a href=\"http:\/\/www.dresseurdimages.fr\/\" target=\"_blank\" rel=\"noreferrer noopener\">Anne Milloux<\/a><\/p>\n\n\n\n<h3 class=\"wp-block-heading\">Geistiges Eigentum<\/h3>\n\n\n\n<p>Der gesamte Inhalt der vorliegenden Website www.neoris-eyes.de, einschlie\u00dflich, aber nicht beschr\u00e4nkt auf, Grafiken, Bilder, Texte, Videos, Animationen, Sounds, Logos, Gifs und Icons sowie deren Layout sind ausschlie\u00dfliches Eigentum des Unternehmens, mit Ausnahme von Marken, Logos oder Inhalten anderer Partnerunternehmen oder Autoren.<\/p>\n\n\n\n<p>Jede Vervielf\u00e4ltigung, Verbreitung, Ver\u00e4nderung, Anpassung, Weiterverbreitung oder Ver\u00f6ffentlichung, auch auszugsweise, dieser verschiedenen Elemente ist ohne die ausdr\u00fcckliche schriftliche Genehmigung von Neoris strengstens untersagt. Die Darstellung oder Reproduktion, gleichg\u00fcltig in welchem Verfahren, stellt eine Verletzung dar, die durch die Artikel L. 335-2 ff. des Gesetzes \u00fcber geistiges Eigentum geahndet wird. Die Nichteinhaltung dieses Verbots stellt eine F\u00e4lschung dar und kann zivil- und strafrechtliche Konsequenzen nach sich ziehen. Dar\u00fcber hinaus k\u00f6nnen die Eigent\u00fcmer der kopierten Inhalte auch rechtliche Schritte gegen Sie einleiten.<\/p>\n\n\n\n<h3 class=\"wp-block-heading\">Hypertext-Links<\/h3>\n\n\n\n<p>Diese Website kann Links zu anderen Websites oder anderen im Internet verf\u00fcgbaren Ressourcen enthalten. Neoris verf\u00fcgt \u00fcber keinerlei Mittel zur Kontrolle der Websiten in Verbindung mit ihrer Website und \u00fcbernimmt daher keine Gew\u00e4hr f\u00fcr die Verf\u00fcgbarkeit solcher externer Websites und Quellen.<\/p>\n\n\n\n<p>Des Weiteren kann sie nicht f\u00fcr Sch\u00e4den irgendwelcher Art haftbar gemacht werden, die sich aus dem Inhalt dieser externen Seiten oder Quellen ergeben, insbesondere aus den Informationen, Produkten oder Dienstleistungen, die angeboten werden, oder aus der Nutzung dieser Elemente. Die mit dieser Nutzung verbundenen Risiken verpflichtet vollumf\u00e4nglich dem Internetnutzer, der sich an die Nutzungsbedingungen halten muss.<\/p>\n\n\n\n<p>Nutzer, Abonnenten und Besucher der Websites d\u00fcrfen ohne ausdr\u00fcckliche und vorherige Zustimmung von Neoris keinen Hyperlink zu dieser Website einrichten.<\/p>\n\n\n\n<p>Falls ein Benutzer oder Besucher einen Hyperlink zu einer der Neoris-Websites einrichten m\u00f6chte, muss, seine Anfrage \u00fcber das auf der Website bereitgestellte Kontaktformular absenden, um seine Anfrage zur Einrichtung eines Hyperlinks zu formulieren. Neoris beh\u00e4lt sich das Recht vor, einen Hyperlink zu akzeptieren oder abzulehnen, ohne seine Entscheidung begr\u00fcnden zu m\u00fcssen.<\/p>\n\n\n\n<h3 class=\"wp-block-heading\">Einsatz von Cookies<\/h3>\n\n\n\n<p>Die Benutzer werden darauf hingewiesen, dass beim Besuch dieser Website (www.neoris-eyes.com) automatisch ein Cookie in ihrem Browser installiert werden kann. Ein Cookie ist ein Element, das eine Identifizierung des Nutzers nicht zul\u00e4sst. Er dient dazu, Informationen \u00fcber die Navigation auf dieser Website (www.neoris-eyes.com) zu erfassen. Der (die) Nutzer (in) kann das Vorhandensein von Cookies \u00fcber die Einstellung seiner Browser zur Kenntnis nehmen und nach dem auf der CNIL-Website (www.cnil.fr) beschriebenen Verfahren ablehnen.<\/p>\n\n\n\n<p>Diese Website benutzt Google Analytics, ein von der Google Inc. bereitgestelltes Tool zur Messung der Besucherzahlen. (\u00ab Google \u00bb). Google Analytics verwendet sog. Cookies, Textdateien, die auf Ihrem Computer gespeichert werden und die eine Analyse der Benutzung der Website durch Sie erm\u00f6glichen. Die durch den Cookie erzeugten Informationen \u00fcber Ihre Benutzung dieser Website (einschlie\u00dflich Ihrer IP-Adresse) wird an einen Server von Google in den USA \u00fcbertragen und dort gespeichert. Google wird diese Informationen benutzen, um Ihre Nutzung der Website auszuwerten, um Reports \u00fcber die Websiteaktivit\u00e4ten f\u00fcr die Websitebetreiber zusammenzustellen und um weitere mit der Websitenutzung und der Internetnutzung verbundene Dienstleistungen zu erbringen. Auch wird Google diese Informationen gegebenenfalls an dritt Personen \u00fcbertragen, sofern dies gesetzlich vorgeschrieben oder soweit diese dritt Person diese Daten im Auftrag von Google verarbeiten, insbesondere der Herausgeber dieser Website. Google wird in keinem Fall Ihre IP-Adresse mit anderen Daten von Google in Verbindung bringen. Sie k\u00f6nnen die Verwendung von Cookies deaktivieren, indem Sie die entsprechenden Einstellungen in Ihrem Browser ausw\u00e4hlen. Eine solche Deaktivierung kann jedoch dazu f\u00fchren, dass bestimmte Funktionen dieser Website nicht mehr genutzt werden k\u00f6nnen. Durch die Nutzung dieser Website erkl\u00e4ren Sie sich mit der Bearbeitung der \u00fcber Sie erhobenen Daten durch Google in der zuvor beschriebenen Art und Weise und zu dem zuvor benannten Zweck einverstanden zu sein.<\/p>\n<\/div><\/div>\n\n\n<style>.kadence-column_fd28a8-0c > .kt-inside-inner-col{border-top-width:0px;border-right-width:0px;border-bottom-width:0px;border-left-width:0px;}.kadence-column_fd28a8-0c > .kt-inside-inner-col,.kadence-column_fd28a8-0c > .kt-inside-inner-col:before{border-top-left-radius:0px;border-top-right-radius:0px;border-bottom-right-radius:0px;border-bottom-left-radius:0px;}.kadence-column_fd28a8-0c > .kt-inside-inner-col{column-gap:var(--global-kb-gap-sm, 1rem);}.kadence-column_fd28a8-0c > .kt-inside-inner-col{flex-direction:column;}.kadence-column_fd28a8-0c > .kt-inside-inner-col > .aligncenter{width:100%;}.kadence-column_fd28a8-0c > .kt-inside-inner-col:before{opacity:0.3;}.kadence-column_fd28a8-0c{position:relative;}@media all and (max-width: 1024px){.kadence-column_fd28a8-0c > .kt-inside-inner-col{flex-direction:column;}}@media all and (max-width: 767px){.kadence-column_fd28a8-0c > .kt-inside-inner-col{flex-direction:column;}}<\/style>\n<div class=\"wp-block-kadence-column inner-column-3 kadence-column_fd28a8-0c\"><div class=\"kt-inside-inner-col\"><\/div><\/div>\n<\/div><\/div><\/div>\n","protected":false},"excerpt":{"rendered":"<p>Impressum Bitte lesen Sie die verschiedenen Nutzungsbedingungen dieser Website sorgf\u00e4ltig durch, bevor Sie die Seiten durchgehen.Indem Sie diese Website besuchen, akzeptieren Sie diese Bedingungen ohne Vorbehalt. Identifikation Die Website www.neoris-eyes.de wird ver\u00f6ffentlicht von: Firmen Benennung : Neoris Juristische Form: Kapitalgesellschaft in vereinfachter Form Firmensitz : 15 rue Saint-Louis en l\u2019\u00cele 75004 Paris INTRACOM Nummer :&#8230;<\/p>\n","protected":false},"author":1,"featured_media":0,"parent":0,"menu_order":0,"comment_status":"closed","ping_status":"closed","template":"","meta":{"_kad_blocks_custom_css":"","_kad_blocks_head_custom_js":"","_kad_blocks_body_custom_js":"","_kad_blocks_footer_custom_js":"","_kadence_starter_templates_imported_post":false,"_kad_post_transparent":"","_kad_post_title":"","_kad_post_layout":"","_kad_post_sidebar_id":"","_kad_post_content_style":"","_kad_post_vertical_padding":"","_kad_post_feature":"","_kad_post_feature_position":"","_kad_post_header":false,"_kad_post_footer":false,"footnotes":""},"class_list":["post-10694","page","type-page","status-publish","hentry"],"yoast_head":"<!-- This site is optimized with the Yoast SEO plugin v25.6 - https:\/\/yoast.com\/wordpress\/plugins\/seo\/ -->\n<title>Impressum - Neoris<\/title>\n<meta name=\"robots\" content=\"index, follow, max-snippet:-1, max-image-preview:large, max-video-preview:-1\" \/>\n<link rel=\"canonical\" href=\"https:\/\/neoris-eyes.com\/de\/impressum\/\" \/>\n<meta property=\"og:locale\" content=\"de_DE\" \/>\n<meta property=\"og:type\" content=\"article\" \/>\n<meta property=\"og:title\" content=\"Impressum - Neoris\" \/>\n<meta property=\"og:description\" content=\"Impressum Bitte lesen Sie die verschiedenen Nutzungsbedingungen dieser Website sorgf\u00e4ltig durch, bevor Sie die Seiten durchgehen.Indem Sie diese Website besuchen, akzeptieren Sie diese Bedingungen ohne Vorbehalt. Identifikation Die Website www.neoris-eyes.de wird ver\u00f6ffentlicht von: Firmen Benennung : Neoris Juristische Form: Kapitalgesellschaft in vereinfachter Form Firmensitz : 15 rue Saint-Louis en l\u2019\u00cele 75004 Paris INTRACOM Nummer :...\" \/>\n<meta property=\"og:url\" content=\"https:\/\/neoris-eyes.com\/de\/impressum\/\" \/>\n<meta property=\"og:site_name\" content=\"Neoris\" \/>\n<meta property=\"article:modified_time\" content=\"2022-06-28T15:17:50+00:00\" \/>\n<meta property=\"og:image\" content=\"https:\/\/neoris-eyes.com\/wp-content\/uploads\/2022\/07\/og-image-neoris.png\" \/>\n\t<meta property=\"og:image:width\" content=\"1562\" \/>\n\t<meta property=\"og:image:height\" content=\"805\" \/>\n\t<meta property=\"og:image:type\" content=\"image\/png\" \/>\n<meta name=\"twitter:card\" content=\"summary_large_image\" \/>\n<meta name=\"twitter:label1\" content=\"Gesch\u00e4tzte Lesezeit\" \/>\n\t<meta name=\"twitter:data1\" content=\"4\u00a0Minuten\" \/>\n<script type=\"application\/ld+json\" class=\"yoast-schema-graph\">{\"@context\":\"https:\/\/schema.org\",\"@graph\":[{\"@type\":\"WebPage\",\"@id\":\"https:\/\/neoris-eyes.com\/de\/impressum\/\",\"url\":\"https:\/\/neoris-eyes.com\/de\/impressum\/\",\"name\":\"Impressum - Neoris\",\"isPartOf\":{\"@id\":\"https:\/\/neoris-eyes.com\/de\/#website\"},\"datePublished\":\"2022-03-28T10:34:01+00:00\",\"dateModified\":\"2022-06-28T15:17:50+00:00\",\"breadcrumb\":{\"@id\":\"https:\/\/neoris-eyes.com\/de\/impressum\/#breadcrumb\"},\"inLanguage\":\"de\",\"potentialAction\":[{\"@type\":\"ReadAction\",\"target\":[\"https:\/\/neoris-eyes.com\/de\/impressum\/\"]}]},{\"@type\":\"BreadcrumbList\",\"@id\":\"https:\/\/neoris-eyes.com\/de\/impressum\/#breadcrumb\",\"itemListElement\":[{\"@type\":\"ListItem\",\"position\":1,\"name\":\"Accueil\",\"item\":\"https:\/\/neoris-eyes.com\/de\/\"},{\"@type\":\"ListItem\",\"position\":2,\"name\":\"Impressum\"}]},{\"@type\":\"WebSite\",\"@id\":\"https:\/\/neoris-eyes.com\/de\/#website\",\"url\":\"https:\/\/neoris-eyes.com\/de\/\",\"name\":\"Neoris\",\"description\":\"Reveal your true color\",\"publisher\":{\"@id\":\"https:\/\/neoris-eyes.com\/de\/#organization\"},\"potentialAction\":[{\"@type\":\"SearchAction\",\"target\":{\"@type\":\"EntryPoint\",\"urlTemplate\":\"https:\/\/neoris-eyes.com\/de\/?s={search_term_string}\"},\"query-input\":{\"@type\":\"PropertyValueSpecification\",\"valueRequired\":true,\"valueName\":\"search_term_string\"}}],\"inLanguage\":\"de\"},{\"@type\":\"Organization\",\"@id\":\"https:\/\/neoris-eyes.com\/de\/#organization\",\"name\":\"Neoris\",\"url\":\"https:\/\/neoris-eyes.com\/de\/\",\"logo\":{\"@type\":\"ImageObject\",\"inLanguage\":\"de\",\"@id\":\"https:\/\/neoris-eyes.com\/de\/#\/schema\/logo\/image\/\",\"url\":\"https:\/\/neoris-eyes.com\/wp-content\/uploads\/2022\/01\/neoris-footer.png\",\"contentUrl\":\"https:\/\/neoris-eyes.com\/wp-content\/uploads\/2022\/01\/neoris-footer.png\",\"width\":98,\"height\":24,\"caption\":\"Neoris\"},\"image\":{\"@id\":\"https:\/\/neoris-eyes.com\/de\/#\/schema\/logo\/image\/\"}}]}<\/script>\n<!-- \/ Yoast SEO plugin. -->","yoast_head_json":{"title":"Impressum - Neoris","robots":{"index":"index","follow":"follow","max-snippet":"max-snippet:-1","max-image-preview":"max-image-preview:large","max-video-preview":"max-video-preview:-1"},"canonical":"https:\/\/neoris-eyes.com\/de\/impressum\/","og_locale":"de_DE","og_type":"article","og_title":"Impressum - Neoris","og_description":"Impressum Bitte lesen Sie die verschiedenen Nutzungsbedingungen dieser Website sorgf\u00e4ltig durch, bevor Sie die Seiten durchgehen.Indem Sie diese Website besuchen, akzeptieren Sie diese Bedingungen ohne Vorbehalt. Identifikation Die Website www.neoris-eyes.de wird ver\u00f6ffentlicht von: Firmen Benennung : Neoris Juristische Form: Kapitalgesellschaft in vereinfachter Form Firmensitz : 15 rue Saint-Louis en l\u2019\u00cele 75004 Paris INTRACOM Nummer :...","og_url":"https:\/\/neoris-eyes.com\/de\/impressum\/","og_site_name":"Neoris","article_modified_time":"2022-06-28T15:17:50+00:00","og_image":[{"width":1562,"height":805,"url":"https:\/\/neoris-eyes.com\/wp-content\/uploads\/2022\/07\/og-image-neoris.png","type":"image\/png"}],"twitter_card":"summary_large_image","twitter_misc":{"Gesch\u00e4tzte Lesezeit":"4\u00a0Minuten"},"schema":{"@context":"https:\/\/schema.org","@graph":[{"@type":"WebPage","@id":"https:\/\/neoris-eyes.com\/de\/impressum\/","url":"https:\/\/neoris-eyes.com\/de\/impressum\/","name":"Impressum - Neoris","isPartOf":{"@id":"https:\/\/neoris-eyes.com\/de\/#website"},"datePublished":"2022-03-28T10:34:01+00:00","dateModified":"2022-06-28T15:17:50+00:00","breadcrumb":{"@id":"https:\/\/neoris-eyes.com\/de\/impressum\/#breadcrumb"},"inLanguage":"de","potentialAction":[{"@type":"ReadAction","target":["https:\/\/neoris-eyes.com\/de\/impressum\/"]}]},{"@type":"BreadcrumbList","@id":"https:\/\/neoris-eyes.com\/de\/impressum\/#breadcrumb","itemListElement":[{"@type":"ListItem","position":1,"name":"Accueil","item":"https:\/\/neoris-eyes.com\/de\/"},{"@type":"ListItem","position":2,"name":"Impressum"}]},{"@type":"WebSite","@id":"https:\/\/neoris-eyes.com\/de\/#website","url":"https:\/\/neoris-eyes.com\/de\/","name":"Neoris","description":"Reveal your true color","publisher":{"@id":"https:\/\/neoris-eyes.com\/de\/#organization"},"potentialAction":[{"@type":"SearchAction","target":{"@type":"EntryPoint","urlTemplate":"https:\/\/neoris-eyes.com\/de\/?s={search_term_string}"},"query-input":{"@type":"PropertyValueSpecification","valueRequired":true,"valueName":"search_term_string"}}],"inLanguage":"de"},{"@type":"Organization","@id":"https:\/\/neoris-eyes.com\/de\/#organization","name":"Neoris","url":"https:\/\/neoris-eyes.com\/de\/","logo":{"@type":"ImageObject","inLanguage":"de","@id":"https:\/\/neoris-eyes.com\/de\/#\/schema\/logo\/image\/","url":"https:\/\/neoris-eyes.com\/wp-content\/uploads\/2022\/01\/neoris-footer.png","contentUrl":"https:\/\/neoris-eyes.com\/wp-content\/uploads\/2022\/01\/neoris-footer.png","width":98,"height":24,"caption":"Neoris"},"image":{"@id":"https:\/\/neoris-eyes.com\/de\/#\/schema\/logo\/image\/"}}]}},"taxonomy_info":[],"featured_image_src_large":false,"author_info":{"display_name":"Single Quote","author_link":"https:\/\/neoris-eyes.com\/de\/author\/singlequote\/"},"comment_info":0,"_links":{"self":[{"href":"https:\/\/neoris-eyes.com\/de\/wp-json\/wp\/v2\/pages\/10694","targetHints":{"allow":["GET"]}}],"collection":[{"href":"https:\/\/neoris-eyes.com\/de\/wp-json\/wp\/v2\/pages"}],"about":[{"href":"https:\/\/neoris-eyes.com\/de\/wp-json\/wp\/v2\/types\/page"}],"author":[{"embeddable":true,"href":"https:\/\/neoris-eyes.com\/de\/wp-json\/wp\/v2\/users\/1"}],"replies":[{"embeddable":true,"href":"https:\/\/neoris-eyes.com\/de\/wp-json\/wp\/v2\/comments?post=10694"}],"version-history":[{"count":2,"href":"https:\/\/neoris-eyes.com\/de\/wp-json\/wp\/v2\/pages\/10694\/revisions"}],"predecessor-version":[{"id":11709,"href":"https:\/\/neoris-eyes.com\/de\/wp-json\/wp\/v2\/pages\/10694\/revisions\/11709"}],"wp:attachment":[{"href":"https:\/\/neoris-eyes.com\/de\/wp-json\/wp\/v2\/media?parent=10694"}],"curies":[{"name":"wp","href":"https:\/\/api.w.org\/{rel}","templated":true}]}}