{"id":10686,"date":"2022-03-28T12:18:57","date_gmt":"2022-03-28T10:18:57","guid":{"rendered":"https:\/\/dev.neoris-eyes.com\/datenschutz\/"},"modified":"2022-08-24T12:09:03","modified_gmt":"2022-08-24T10:09:03","slug":"datenschutz","status":"publish","type":"page","link":"https:\/\/neoris-eyes.com\/de\/datenschutz\/","title":{"rendered":"Datenschutz"},"content":{"rendered":"<style>#kt-layout-id_04b1d4-52{margin-bottom:0px;}#kt-layout-id_04b1d4-52 > .kt-row-column-wrap{align-content:start;}:where(#kt-layout-id_04b1d4-52 > .kt-row-column-wrap) > .wp-block-kadence-column{justify-content:start;}#kt-layout-id_04b1d4-52 > .kt-row-column-wrap{column-gap:var(--global-kb-gap-md, 2rem);row-gap:var(--global-kb-gap-md, 2rem);max-width:var( --global-content-width, 1290px );padding-left:var(--global-content-edge-padding);padding-right:var(--global-content-edge-padding);padding-top:var( --global-kb-row-default-top, 25px );padding-bottom:var( --global-kb-row-default-bottom, 25px );padding-top:280px;padding-bottom:280px;grid-template-columns:minmax(0, 1fr);}#kt-layout-id_04b1d4-52{background-color:#2a2a2a;}#kt-layout-id_04b1d4-52 > .kt-row-layout-overlay{opacity:0.50;background-color:var(--global-palette3, #1A202C);}@media all and (max-width: 1024px){#kt-layout-id_04b1d4-52 > .kt-row-column-wrap{padding-top:230px;padding-bottom:230px;grid-template-columns:minmax(0, 1fr);}}@media all and (max-width: 767px){#kt-layout-id_04b1d4-52 > .kt-row-column-wrap{padding-top:130px;padding-bottom:70px;grid-template-columns:minmax(0, 1fr);}}<\/style>\n<div class=\"wp-block-kadence-rowlayout aligncenter\"><div id=\"kt-layout-id_04b1d4-52\" class=\"kt-row-layout-inner kt-row-has-bg kt-layout-id_04b1d4-52\"><div class=\"kt-row-layout-overlay kt-row-overlay-normal\"><\/div><div class=\"kt-row-column-wrap kt-has-1-columns kt-gutter-default kt-v-gutter-default kt-row-valign-top kt-row-layout-equal kt-tab-layout-inherit kt-m-colapse-left-to-right kt-mobile-layout-row kb-theme-content-width\"><style>.kadence-column_b1504f-37 > .kt-inside-inner-col{border-top-width:0px;border-right-width:0px;border-bottom-width:0px;border-left-width:0px;}.kadence-column_b1504f-37 > .kt-inside-inner-col,.kadence-column_b1504f-37 > .kt-inside-inner-col:before{border-top-left-radius:0px;border-top-right-radius:0px;border-bottom-right-radius:0px;border-bottom-left-radius:0px;}.kadence-column_b1504f-37 > .kt-inside-inner-col{column-gap:var(--global-kb-gap-sm, 1rem);}.kadence-column_b1504f-37 > .kt-inside-inner-col{flex-direction:column;}.kadence-column_b1504f-37 > .kt-inside-inner-col > .aligncenter{width:100%;}.kadence-column_b1504f-37 > .kt-inside-inner-col:before{opacity:0.3;}.kadence-column_b1504f-37{position:relative;}@media all and (max-width: 1024px){.kadence-column_b1504f-37 > .kt-inside-inner-col{flex-direction:column;}}@media all and (max-width: 767px){.kadence-column_b1504f-37 > .kt-inside-inner-col{flex-direction:column;}}<\/style>\n<div class=\"wp-block-kadence-column inner-column-1 kadence-column_b1504f-37\"><div class=\"kt-inside-inner-col\"><style>.wp-block-kadence-advancedheading.kt-adv-heading_2b42f6-83, .wp-block-kadence-advancedheading.kt-adv-heading_2b42f6-83[data-kb-block=\"kb-adv-heading_2b42f6-83\"]{text-align:center;font-style:normal;}.wp-block-kadence-advancedheading.kt-adv-heading_2b42f6-83 mark.kt-highlight, .wp-block-kadence-advancedheading.kt-adv-heading_2b42f6-83[data-kb-block=\"kb-adv-heading_2b42f6-83\"] mark.kt-highlight{font-style:normal;color:#f76a0c;-webkit-box-decoration-break:clone;box-decoration-break:clone;padding-top:0px;padding-right:0px;padding-bottom:0px;padding-left:0px;}@media all and (max-width: 767px){.wp-block-kadence-advancedheading.kt-adv-heading_2b42f6-83, .wp-block-kadence-advancedheading.kt-adv-heading_2b42f6-83[data-kb-block=\"kb-adv-heading_2b42f6-83\"]{font-size:42px;}}<\/style>\n<h2 class=\"kt-adv-heading_2b42f6-83 wp-block-kadence-advancedheading has-theme-palette-9-color has-text-color\" data-kb-block=\"kb-adv-heading_2b42f6-83\">Datenschutz<\/h2>\n<\/div><\/div>\n<\/div><\/div><\/div>\n<style>#kt-layout-id_e21074-dc > .kt-row-column-wrap{align-content:start;}:where(#kt-layout-id_e21074-dc > .kt-row-column-wrap) > .wp-block-kadence-column{justify-content:start;}#kt-layout-id_e21074-dc > .kt-row-column-wrap{column-gap:var(--global-kb-gap-md, 2rem);row-gap:var(--global-kb-gap-md, 2rem);padding-top:var( --global-kb-row-default-top, 25px );padding-bottom:var( --global-kb-row-default-bottom, 25px );padding-top:var(--global-kb-spacing-sm, 1.5rem);padding-bottom:var(--global-kb-spacing-sm, 1.5rem);}#kt-layout-id_e21074-dc > .kt-row-column-wrap > div:not(.added-for-specificity){grid-column:initial;}#kt-layout-id_e21074-dc > .kt-row-column-wrap{grid-template-columns:minmax(0, 1fr) minmax(0, 6fr) minmax(0, 1fr);}#kt-layout-id_e21074-dc > .kt-row-layout-overlay{opacity:0.30;}@media all and (max-width: 1024px){#kt-layout-id_e21074-dc > .kt-row-column-wrap > div:not(.added-for-specificity){grid-column:initial;}}@media all and (max-width: 1024px){#kt-layout-id_e21074-dc > .kt-row-column-wrap{grid-template-columns:minmax(0, 1fr) minmax(0, 6fr) minmax(0, 1fr);}}@media all and (max-width: 767px){#kt-layout-id_e21074-dc > .kt-row-column-wrap > div:not(.added-for-specificity){grid-column:initial;}#kt-layout-id_e21074-dc > .kt-row-column-wrap{grid-template-columns:minmax(0, 1fr);}}<\/style>\n<div class=\"wp-block-kadence-rowlayout alignnone\"><div id=\"kt-layout-id_e21074-dc\" class=\"kt-row-layout-inner kt-layout-id_e21074-dc\"><div class=\"kt-row-column-wrap kt-has-3-columns kt-gutter-default kt-v-gutter-default kt-row-valign-top kt-row-layout-center-exwide kt-tab-layout-inherit kt-m-colapse-left-to-right kt-mobile-layout-row\"><style>.kadence-column_3e4409-1f > .kt-inside-inner-col{border-top-width:0px;border-right-width:0px;border-bottom-width:0px;border-left-width:0px;}.kadence-column_3e4409-1f > .kt-inside-inner-col,.kadence-column_3e4409-1f > .kt-inside-inner-col:before{border-top-left-radius:0px;border-top-right-radius:0px;border-bottom-right-radius:0px;border-bottom-left-radius:0px;}.kadence-column_3e4409-1f > .kt-inside-inner-col{column-gap:var(--global-kb-gap-sm, 1rem);}.kadence-column_3e4409-1f > .kt-inside-inner-col{flex-direction:column;}.kadence-column_3e4409-1f > .kt-inside-inner-col > .aligncenter{width:100%;}.kadence-column_3e4409-1f > .kt-inside-inner-col:before{opacity:0.3;}.kadence-column_3e4409-1f{position:relative;}@media all and (max-width: 1024px){.kadence-column_3e4409-1f > .kt-inside-inner-col{flex-direction:column;}}@media all and (max-width: 767px){.kadence-column_3e4409-1f > .kt-inside-inner-col{flex-direction:column;}}<\/style>\n<div class=\"wp-block-kadence-column inner-column-1 kadence-column_3e4409-1f\"><div class=\"kt-inside-inner-col\"><\/div><\/div>\n\n\n<style>.kadence-column_93c3bd-85 > .kt-inside-inner-col{border-top-width:0px;border-right-width:0px;border-bottom-width:0px;border-left-width:0px;}.kadence-column_93c3bd-85 > .kt-inside-inner-col,.kadence-column_93c3bd-85 > .kt-inside-inner-col:before{border-top-left-radius:0px;border-top-right-radius:0px;border-bottom-right-radius:0px;border-bottom-left-radius:0px;}.kadence-column_93c3bd-85 > .kt-inside-inner-col{column-gap:var(--global-kb-gap-sm, 1rem);}.kadence-column_93c3bd-85 > .kt-inside-inner-col{flex-direction:column;}.kadence-column_93c3bd-85 > .kt-inside-inner-col > .aligncenter{width:100%;}.kadence-column_93c3bd-85 > .kt-inside-inner-col:before{opacity:0.3;}.kadence-column_93c3bd-85{position:relative;}@media all and (max-width: 1024px){.kadence-column_93c3bd-85 > .kt-inside-inner-col{flex-direction:column;}}@media all and (max-width: 767px){.kadence-column_93c3bd-85 > .kt-inside-inner-col{flex-direction:column;}}<\/style>\n<div class=\"wp-block-kadence-column inner-column-2 kadence-column_93c3bd-85\"><div class=\"kt-inside-inner-col\">\n<h3 class=\"wp-block-heading\">Wer sind wir?<\/h3>\n\n\n\n<p>Die Website https:\/\/neoris-eyes.com\/de\/ wird ver\u00f6ffentlicht von:<\/p>\n\n\n\n<p>Die f\u00fcr die Inhalte dieser Website verantwortliche Gesellschaft hei\u00dft NEORIS. Um mehr \u00fcber diese Gesellschaft zu erfahren, lesen Sie bitte die Seite \u201e<a href=\"https:\/\/neoris-eyes.com\/de\/impressum\/\">Impressum<\/a> \u201c.<\/p>\n\n\n\n<h3 class=\"wp-block-heading\">Verarbeitung der Erfassten pers\u00f6nlichen Daten<\/h3>\n\n\n\n<h5 class=\"wp-block-heading\">Ihre pers\u00f6nlichen<\/h5>\n\n\n\n<p>Im Rahmen der Kommunikation mit uns kann es erforderlich sein, dass Sie uns pers\u00f6nliche Daten \u00fcbermitteln. Diese Daten werden anhand der Kontaktformulare auf dieser Website erfasst, die Sie beim Stellen einer Anfrage ausf\u00fcllen m\u00fcssen.<\/p>\n\n\n\n<p>Diese Daten sind:<\/p>\n\n\n\n<ul class=\"wp-block-list\"><li>Name, Vorname(n)<\/li><li>E-Mail-Adresse, Telefonnummer, Land<\/li><li>Art der Anfrage<\/li><li>Upload von Bildern &amp; Wahl der Wunschfarbe (bei einer Simulationsanfrage)<\/li><li>Jede weitere pers\u00f6nliche Information, die Sie uns zukommen lassen m\u00f6chten.<\/li><\/ul>\n\n\n<h3 class=\"wp-block-heading\">Cookies<\/h3>\n\n\n\n<h5 class=\"wp-block-heading\">Inhalte von Drittanbietern<\/h5>\n\n\n\n<p>Auf dieser Website k\u00f6nnen Inhalte von Drittanbietern eingebettet sein (zum Beispiel Videos, Bilder, Artikel).<br\/>Die hinter diesen Inhalten stehenden Websites k\u00f6nnten Daten \u00fcber Sie erfassen, Cookies verwenden, Trackingtools von Drittanbietern verwenden und Ihre Interaktionen mit den eingebetteten Inhalten nachverfolgen (sofern Sie ein Nutzerkonto bei dem jeweiligen Drittanbieter besitzen).<\/p>\n\n\n\n<h5 class=\"wp-block-heading\">Statistik und Besucheranalyse<\/h5>\n\n\n\n<p>Analysecookies erm\u00f6glichen es uns, anonyme Statistiken zu den Besuchern auf unserer Webseite zu erheben, um sie zu optimieren und um m\u00f6gliche Fehlfunktionen zu entdecken. Sie werden auf unserer Webseite von Google Analytics abgelegt.<\/p>\n\n\n\n<p>Wenn Sie nicht w\u00fcnschen, dass unsere Website Cookies zur Besucheranalyse in Ihrem Browser setzt, klicken Sie auf folgenden Link. Dort finden Sie weiterf\u00fchrende Informationen:<br\/>Google Analytics Cookies: <a href=\"https:\/\/tools.google.com\/dlpage\/gaoptout\" target=\"_blank\" rel=\"noreferrer noopener\">https:\/\/tools.google.com\/dlpage\/gaoptout<\/a><\/p>\n\n\n\n<h3 class=\"wp-block-heading\">Verarbeitung und Weiterleitung Ihrer pers\u00f6nlichen Daten<\/h3>\n\n\n\n<h5 class=\"wp-block-heading\">Speicherdauer Ihrer pers\u00f6nlichen Daten<\/h5>\n\n\n\n<p>Die Daten, welche wir \u00fcber die Kontaktformulare unserer Website erhalten, speichern wir \u00fcber einen Zeitraum von maximal 3 Jahren.<\/p>\n\n\n\n<h5 class=\"wp-block-heading\">Ihre Rechte bez\u00fcglich Ihrer pers\u00f6nlichen Daten<\/h5>\n\n\n\n<p>Sie k\u00f6nnen uns jederzeit um eine Auskunft \u00fcber die pers\u00f6nlichen Daten bitten, die wir \u00fcber Sie gespeichert haben (inklusive der Daten, die Sie uns aktiv \u00fcbermittelt haben). Sie k\u00f6nnen au\u00dferdem jederzeit die L\u00f6schung dieser Daten verlangen. Dies beinhaltet nicht Daten, die aus verwaltungstechnischen Gr\u00fcnden, wegen gesetzlicher Vorgaben oder aus Sicherheitsgr\u00fcnden gespeichert wurden.<\/p>\n\n\n\n<h3 class=\"wp-block-heading\">Zusatzinformationen<\/h3>\n\n\n\n<h5 class=\"wp-block-heading\">So sch\u00fctzen wir Ihre Daten<\/h5>\n\n\n\n<p>Ihre pers\u00f6nlichen Navigationsdaten und die pers\u00f6nlichen Daten, die Sie uns \u00fcber eines unserer Kontaktformulare \u00fcbermittelt haben, werden ausschlie\u00dflich von NEORIS verwendet und werden nicht an Drittanbieter weitergegeben.<\/p>\n<\/div><\/div>\n\n\n<style>.kadence-column_b345b7-00 > .kt-inside-inner-col{border-top-width:0px;border-right-width:0px;border-bottom-width:0px;border-left-width:0px;}.kadence-column_b345b7-00 > .kt-inside-inner-col,.kadence-column_b345b7-00 > .kt-inside-inner-col:before{border-top-left-radius:0px;border-top-right-radius:0px;border-bottom-right-radius:0px;border-bottom-left-radius:0px;}.kadence-column_b345b7-00 > .kt-inside-inner-col{column-gap:var(--global-kb-gap-sm, 1rem);}.kadence-column_b345b7-00 > .kt-inside-inner-col{flex-direction:column;}.kadence-column_b345b7-00 > .kt-inside-inner-col > .aligncenter{width:100%;}.kadence-column_b345b7-00 > .kt-inside-inner-col:before{opacity:0.3;}.kadence-column_b345b7-00{position:relative;}@media all and (max-width: 1024px){.kadence-column_b345b7-00 > .kt-inside-inner-col{flex-direction:column;}}@media all and (max-width: 767px){.kadence-column_b345b7-00 > .kt-inside-inner-col{flex-direction:column;}}<\/style>\n<div class=\"wp-block-kadence-column inner-column-3 kadence-column_b345b7-00\"><div class=\"kt-inside-inner-col\"><\/div><\/div>\n<\/div><\/div><\/div>\n","protected":false},"excerpt":{"rendered":"<p>Datenschutz Wer sind wir? Die Website https:\/\/neoris-eyes.com\/de\/ wird ver\u00f6ffentlicht von: Die f\u00fcr die Inhalte dieser Website verantwortliche Gesellschaft hei\u00dft NEORIS. Um mehr \u00fcber diese Gesellschaft zu erfahren, lesen Sie bitte die Seite \u201eImpressum \u201c. Verarbeitung der Erfassten pers\u00f6nlichen Daten Ihre pers\u00f6nlichen Im Rahmen der Kommunikation mit uns kann es erforderlich sein, dass Sie uns pers\u00f6nliche&#8230;<\/p>\n","protected":false},"author":1,"featured_media":0,"parent":0,"menu_order":0,"comment_status":"closed","ping_status":"open","template":"","meta":{"_kad_blocks_custom_css":"","_kad_blocks_head_custom_js":"","_kad_blocks_body_custom_js":"","_kad_blocks_footer_custom_js":"","_kadence_starter_templates_imported_post":false,"_kad_post_transparent":"","_kad_post_title":"","_kad_post_layout":"","_kad_post_sidebar_id":"","_kad_post_content_style":"","_kad_post_vertical_padding":"","_kad_post_feature":"","_kad_post_feature_position":"","_kad_post_header":false,"_kad_post_footer":false,"footnotes":""},"class_list":["post-10686","page","type-page","status-publish","hentry"],"yoast_head":"<!-- This site is optimized with the Yoast SEO plugin v25.6 - https:\/\/yoast.com\/wordpress\/plugins\/seo\/ -->\n<title>Datenschutz - Neoris<\/title>\n<meta name=\"robots\" content=\"index, follow, max-snippet:-1, max-image-preview:large, max-video-preview:-1\" \/>\n<link rel=\"canonical\" href=\"https:\/\/neoris-eyes.com\/de\/datenschutz\/\" \/>\n<meta property=\"og:locale\" content=\"de_DE\" \/>\n<meta property=\"og:type\" content=\"article\" \/>\n<meta property=\"og:title\" content=\"Datenschutz - Neoris\" \/>\n<meta property=\"og:description\" content=\"Datenschutz Wer sind wir? Die Website https:\/\/neoris-eyes.com\/de\/ wird ver\u00f6ffentlicht von: Die f\u00fcr die Inhalte dieser Website verantwortliche Gesellschaft hei\u00dft NEORIS. Um mehr \u00fcber diese Gesellschaft zu erfahren, lesen Sie bitte die Seite \u201eImpressum \u201c. Verarbeitung der Erfassten pers\u00f6nlichen Daten Ihre pers\u00f6nlichen Im Rahmen der Kommunikation mit uns kann es erforderlich sein, dass Sie uns pers\u00f6nliche...\" \/>\n<meta property=\"og:url\" content=\"https:\/\/neoris-eyes.com\/de\/datenschutz\/\" \/>\n<meta property=\"og:site_name\" content=\"Neoris\" \/>\n<meta property=\"article:modified_time\" content=\"2022-08-24T10:09:03+00:00\" \/>\n<meta property=\"og:image\" content=\"https:\/\/neoris-eyes.com\/wp-content\/uploads\/2022\/07\/og-image-neoris.png\" \/>\n\t<meta property=\"og:image:width\" content=\"1562\" \/>\n\t<meta property=\"og:image:height\" content=\"805\" \/>\n\t<meta property=\"og:image:type\" content=\"image\/png\" \/>\n<meta name=\"twitter:card\" content=\"summary_large_image\" \/>\n<meta name=\"twitter:label1\" content=\"Gesch\u00e4tzte Lesezeit\" \/>\n\t<meta name=\"twitter:data1\" content=\"2\u00a0Minuten\" \/>\n<script type=\"application\/ld+json\" class=\"yoast-schema-graph\">{\"@context\":\"https:\/\/schema.org\",\"@graph\":[{\"@type\":\"WebPage\",\"@id\":\"https:\/\/neoris-eyes.com\/de\/datenschutz\/\",\"url\":\"https:\/\/neoris-eyes.com\/de\/datenschutz\/\",\"name\":\"Datenschutz - Neoris\",\"isPartOf\":{\"@id\":\"https:\/\/neoris-eyes.com\/de\/#website\"},\"datePublished\":\"2022-03-28T10:18:57+00:00\",\"dateModified\":\"2022-08-24T10:09:03+00:00\",\"breadcrumb\":{\"@id\":\"https:\/\/neoris-eyes.com\/de\/datenschutz\/#breadcrumb\"},\"inLanguage\":\"de\",\"potentialAction\":[{\"@type\":\"ReadAction\",\"target\":[\"https:\/\/neoris-eyes.com\/de\/datenschutz\/\"]}]},{\"@type\":\"BreadcrumbList\",\"@id\":\"https:\/\/neoris-eyes.com\/de\/datenschutz\/#breadcrumb\",\"itemListElement\":[{\"@type\":\"ListItem\",\"position\":1,\"name\":\"Accueil\",\"item\":\"https:\/\/neoris-eyes.com\/de\/\"},{\"@type\":\"ListItem\",\"position\":2,\"name\":\"Datenschutz\"}]},{\"@type\":\"WebSite\",\"@id\":\"https:\/\/neoris-eyes.com\/de\/#website\",\"url\":\"https:\/\/neoris-eyes.com\/de\/\",\"name\":\"Neoris\",\"description\":\"Reveal your true color\",\"publisher\":{\"@id\":\"https:\/\/neoris-eyes.com\/de\/#organization\"},\"potentialAction\":[{\"@type\":\"SearchAction\",\"target\":{\"@type\":\"EntryPoint\",\"urlTemplate\":\"https:\/\/neoris-eyes.com\/de\/?s={search_term_string}\"},\"query-input\":{\"@type\":\"PropertyValueSpecification\",\"valueRequired\":true,\"valueName\":\"search_term_string\"}}],\"inLanguage\":\"de\"},{\"@type\":\"Organization\",\"@id\":\"https:\/\/neoris-eyes.com\/de\/#organization\",\"name\":\"Neoris\",\"url\":\"https:\/\/neoris-eyes.com\/de\/\",\"logo\":{\"@type\":\"ImageObject\",\"inLanguage\":\"de\",\"@id\":\"https:\/\/neoris-eyes.com\/de\/#\/schema\/logo\/image\/\",\"url\":\"https:\/\/neoris-eyes.com\/wp-content\/uploads\/2022\/01\/neoris-footer.png\",\"contentUrl\":\"https:\/\/neoris-eyes.com\/wp-content\/uploads\/2022\/01\/neoris-footer.png\",\"width\":98,\"height\":24,\"caption\":\"Neoris\"},\"image\":{\"@id\":\"https:\/\/neoris-eyes.com\/de\/#\/schema\/logo\/image\/\"}}]}<\/script>\n<!-- \/ Yoast SEO plugin. -->","yoast_head_json":{"title":"Datenschutz - Neoris","robots":{"index":"index","follow":"follow","max-snippet":"max-snippet:-1","max-image-preview":"max-image-preview:large","max-video-preview":"max-video-preview:-1"},"canonical":"https:\/\/neoris-eyes.com\/de\/datenschutz\/","og_locale":"de_DE","og_type":"article","og_title":"Datenschutz - Neoris","og_description":"Datenschutz Wer sind wir? Die Website https:\/\/neoris-eyes.com\/de\/ wird ver\u00f6ffentlicht von: Die f\u00fcr die Inhalte dieser Website verantwortliche Gesellschaft hei\u00dft NEORIS. Um mehr \u00fcber diese Gesellschaft zu erfahren, lesen Sie bitte die Seite \u201eImpressum \u201c. Verarbeitung der Erfassten pers\u00f6nlichen Daten Ihre pers\u00f6nlichen Im Rahmen der Kommunikation mit uns kann es erforderlich sein, dass Sie uns pers\u00f6nliche...","og_url":"https:\/\/neoris-eyes.com\/de\/datenschutz\/","og_site_name":"Neoris","article_modified_time":"2022-08-24T10:09:03+00:00","og_image":[{"width":1562,"height":805,"url":"https:\/\/neoris-eyes.com\/wp-content\/uploads\/2022\/07\/og-image-neoris.png","type":"image\/png"}],"twitter_card":"summary_large_image","twitter_misc":{"Gesch\u00e4tzte Lesezeit":"2\u00a0Minuten"},"schema":{"@context":"https:\/\/schema.org","@graph":[{"@type":"WebPage","@id":"https:\/\/neoris-eyes.com\/de\/datenschutz\/","url":"https:\/\/neoris-eyes.com\/de\/datenschutz\/","name":"Datenschutz - Neoris","isPartOf":{"@id":"https:\/\/neoris-eyes.com\/de\/#website"},"datePublished":"2022-03-28T10:18:57+00:00","dateModified":"2022-08-24T10:09:03+00:00","breadcrumb":{"@id":"https:\/\/neoris-eyes.com\/de\/datenschutz\/#breadcrumb"},"inLanguage":"de","potentialAction":[{"@type":"ReadAction","target":["https:\/\/neoris-eyes.com\/de\/datenschutz\/"]}]},{"@type":"BreadcrumbList","@id":"https:\/\/neoris-eyes.com\/de\/datenschutz\/#breadcrumb","itemListElement":[{"@type":"ListItem","position":1,"name":"Accueil","item":"https:\/\/neoris-eyes.com\/de\/"},{"@type":"ListItem","position":2,"name":"Datenschutz"}]},{"@type":"WebSite","@id":"https:\/\/neoris-eyes.com\/de\/#website","url":"https:\/\/neoris-eyes.com\/de\/","name":"Neoris","description":"Reveal your true color","publisher":{"@id":"https:\/\/neoris-eyes.com\/de\/#organization"},"potentialAction":[{"@type":"SearchAction","target":{"@type":"EntryPoint","urlTemplate":"https:\/\/neoris-eyes.com\/de\/?s={search_term_string}"},"query-input":{"@type":"PropertyValueSpecification","valueRequired":true,"valueName":"search_term_string"}}],"inLanguage":"de"},{"@type":"Organization","@id":"https:\/\/neoris-eyes.com\/de\/#organization","name":"Neoris","url":"https:\/\/neoris-eyes.com\/de\/","logo":{"@type":"ImageObject","inLanguage":"de","@id":"https:\/\/neoris-eyes.com\/de\/#\/schema\/logo\/image\/","url":"https:\/\/neoris-eyes.com\/wp-content\/uploads\/2022\/01\/neoris-footer.png","contentUrl":"https:\/\/neoris-eyes.com\/wp-content\/uploads\/2022\/01\/neoris-footer.png","width":98,"height":24,"caption":"Neoris"},"image":{"@id":"https:\/\/neoris-eyes.com\/de\/#\/schema\/logo\/image\/"}}]}},"taxonomy_info":[],"featured_image_src_large":false,"author_info":{"display_name":"Single Quote","author_link":"https:\/\/neoris-eyes.com\/de\/author\/singlequote\/"},"comment_info":0,"_links":{"self":[{"href":"https:\/\/neoris-eyes.com\/de\/wp-json\/wp\/v2\/pages\/10686","targetHints":{"allow":["GET"]}}],"collection":[{"href":"https:\/\/neoris-eyes.com\/de\/wp-json\/wp\/v2\/pages"}],"about":[{"href":"https:\/\/neoris-eyes.com\/de\/wp-json\/wp\/v2\/types\/page"}],"author":[{"embeddable":true,"href":"https:\/\/neoris-eyes.com\/de\/wp-json\/wp\/v2\/users\/1"}],"replies":[{"embeddable":true,"href":"https:\/\/neoris-eyes.com\/de\/wp-json\/wp\/v2\/comments?post=10686"}],"version-history":[{"count":5,"href":"https:\/\/neoris-eyes.com\/de\/wp-json\/wp\/v2\/pages\/10686\/revisions"}],"predecessor-version":[{"id":12054,"href":"https:\/\/neoris-eyes.com\/de\/wp-json\/wp\/v2\/pages\/10686\/revisions\/12054"}],"wp:attachment":[{"href":"https:\/\/neoris-eyes.com\/de\/wp-json\/wp\/v2\/media?parent=10686"}],"curies":[{"name":"wp","href":"https:\/\/api.w.org\/{rel}","templated":true}]}}